{"id":11,"date":"2021-01-06T16:23:05","date_gmt":"2021-01-06T15:23:05","guid":{"rendered":"https:\/\/ensigndev.no\/lassaliving\/?page_id=3"},"modified":"2024-02-16T12:19:58","modified_gmt":"2024-02-16T11:19:58","slug":"personvern","status":"publish","type":"page","link":"https:\/\/jatunbakken.no\/leiligheter\/personvern\/","title":{"rendered":"Personvernerkl\u00e6ring"},"content":{"rendered":"\n<p>Vi er opptatt av at du som bruker av v\u00e5r nettside, forst\u00e5r hvordan vi h\u00e5ndterer de data som vi samler inn om deg. Denne personvernerkl\u00e6ringen forklarer hvilke data vi samler inn, hvordan vi gj\u00f8r det og hva vi bruker dataene til.<\/p>\n\n\n\n<h2 class=\"wp-block-heading\">Personvern<\/h2>\n\n\n\n<p>Personopplysninger er data og vurderinger som kan knyttes til en enkeltperson. Det kan for eksempel v\u00e6re navn, bosted, telefonnummer, e-postadresse og ip-adresse, eller en kombinasjon av disse som gj\u00f8r det mulig \u00e5 ansl\u00e5 hvilken person som befinner seg bak dataene.<br><\/p>\n\n\n\n<p>All bruk av personopplysninger regnes som behandling av personopplysinger, som for eksempel innsamling, registering, sammenstilling, lagring og utlevering eller en kombinasjon av disse. Behandling av personopplysninger reguleres av personopplysningsloven.<\/p>\n\n\n\n<p>J\u00e5tunbakken er behandlingsansvarlig for personopplysninger som behandles i forbindelse med bruk av v\u00e5re tjenester og produkter, og personopplysninger vi samler inn og bearbeider for det form\u00e5l som fremg\u00e5r nedenfor. Det at J\u00e5tunbakken er behandlingsansvarlig inneb\u00e6rer prim\u00e6rt at det er J\u00e5tunbakken som har ansvar og plikter etter personopplysningsloven.<br><\/p>\n\n\n\n<p>Dersom J\u00e5tunbakken velger et annet selskap som f\u00e5r ansvaret for \u00e5 behandle personopplysninger, alts\u00e5 data om deg, s\u00e5 kaller vi det en databehandler. I de tilfeller vi benytter databehandlere skal vi s\u00f8rge for at vi har inng\u00e5tt databehandleravtaler som regulerer hvordan databehandleren kan behandle data som blir tilgjengeliggjort. Standard for dette er at avtalen med databehandleren kun f\u00e5r behandle personopplysninger p\u00e5 J\u00e5tunbakken vegne og til klart og tydelige definerte form\u00e5l, slik forskriften om behandling av personopplysninger krever.<\/p>\n\n\n\n<h3 class=\"wp-block-heading\"><strong>HVORDAN SAMLER VI INN OPPLYSNINGER OM DEG?<\/strong><\/h3>\n\n\n\n<p>Det meste vi har av data om deg er data som genereres n\u00e5r du bruker noen av tjenestene v\u00e5re. Eksempler p\u00e5 dette kan v\u00e6re; sidevisninger og informasjon om din enhet (pc, mobil, nettbrett).<\/p>\n\n\n\n<ol class=\"wp-block-list\">\n<li><strong>Opplysninger du selv deler med oss<\/strong><br>N\u00e5r du bruker et skjema, vil du oppgi en del data som blir lagret hos oss. Disse opplysningene lagres i v\u00e5re databaser, dette fordi vi skal kunne respondere p\u00e5 din kontaktforesp\u00f8rsel.<\/li>\n\n\n\n<li><strong>Opplysninger som samles inn gjennom bruk av tjenestene<\/strong><br>N\u00e5r du bruker tjenestene v\u00e5re, vil vi registrere informasjon om hvilke tjenester du bruker og hvordan du bruker dem. Dette gj\u00f8r vi fordi vi da har mulighet til \u00e5 forbedre brukeropplevelsen, tjenesteinnholdet, forbygge svindel og tilpasse innhold og annonser til ditt bruks- og interessem\u00f8nster.<\/li>\n\n\n\n<li><strong>Informasjon fra andre kilder<\/strong><br>Vi mottar informasjon fra andre kilder, for eksempel annonsenettverk, kunder, m\u00e5lverkt\u00f8y eller andre tredjeparter, som skal hjelpe oss eller dem til \u00e5 forst\u00e5 brukerm\u00f8nster, dine preferanser eller generelt \u00e5 forbedre tjenestene vi tilbyr til \u00e5 bli mer tilpasset ditt behov og interesser. <\/li>\n<\/ol>\n\n\n\n<h3 class=\"wp-block-heading\"><strong>HVORDAN BRUKER VI OPPLYSNINGENE VI HAR SAMLET OM DEG?<\/strong><\/h3>\n\n\n\n<p>Alle personopplysninger vi har samlet har vi samlet for \u00e5 forst\u00e5 og forbedre tjenestene og produktene v\u00e5re, slik at du skal f\u00e5 den beste brukeropplevelsen p\u00e5 v\u00e5re nettsteder.<br><\/p>\n\n\n\n<p>J\u00e5tunbakken jobber kontinuerlig med \u00e5 gi deg som bruker en best mulig opplevelse av v\u00e5re tjenester som enhver tid er tilgjengelig. For \u00e5 kunne gj\u00f8re det s\u00e5 bruker vi blant annet personopplysninger vi har samlet inn.<\/p>\n\n\n\n<ol class=\"wp-block-list\">\n<li><strong>Til \u00e5 gjennomf\u00f8re avtalen med deg og f\u00e5 tjenestene til \u00e5 fungere best mulig<\/strong><br> J\u00e5tunbakken behandler personopplysninger og andre former for data for \u00e5 levere tjenestene som er avtalt med deg. Vi bruker ogs\u00e5 data for \u00e5 sikre en best mulig brukeropplevelse for deg gjennom automatisk p\u00e5logging, tilpassing av innholdsvisningen til din skjerm og raskest mulig lasting av sidene.<\/li>\n\n\n\n<li><strong>Til statistikk og \u00e5 forst\u00e5 markedstrender<\/strong><br>Vi utarbeider statistikk og kartlegger markedstrender for \u00e5 forbedre og videreutvikle nettstedene v\u00e5re.<\/li>\n\n\n\n<li><strong>Til \u00e5 personalisere tjenester \u2013 tjenester spesielt tilpasset deg<\/strong><br>Vi \u00f8nsker \u00e5 gi deg muligheten til \u00e5 f\u00e5 skreddersydd innhold og tilpasninger. Dette gj\u00f8r vi ved \u00e5 bruke data om din brukeratferd, dine preferanser eller annen tilgjengelig informasjon.<br>Dette kan fortelle oss noe om dine behov og \u00f8nsker, slik at vi for eksempel kan fjerne saker du allerede har lest fra forsiden eller oversikter over anbefalte artikler, og vi kan gi deg anbefalinger om innhold eller tjenester basert p\u00e5 det du har lest eller kj\u00f8pt. Vi gir ogs\u00e5 anbefalinger basert p\u00e5 hva andre brukere med lignende bruksm\u00f8nster som deg har lest.<\/li>\n<\/ol>\n\n\n\n<h3 class=\"wp-block-heading\"><strong>INFORMASJON OM MARKEDSF\u00d8RING I E-POST OG SMS<\/strong><\/h3>\n\n\n\n<p>Hvis du har et aktivt kundeforhold til J\u00e5tunbakken, vil vi kunne sende deg markedsf\u00f8ring p\u00e5 e-post eller andre elektroniske kommunikasjonsmetoder innenfor rammene av markedsf\u00f8ringsloven, med mindre du har bedt oss om noe annet. Har du ikke et aktivt kundeforhold til oss, vil vi bare sende slik markedsf\u00f8ring om du har gitt oss et eksplisitt og informert samtykke.<\/p>\n\n\n\n<h3 class=\"wp-block-heading\"><strong>HVORDAN BLIR DISSE OPPLYSNINGENE DELT?<\/strong><\/h3>\n\n\n\n<p>I noen tilfeller deler vi opplysninger ogs\u00e5 med samarbeidspartnere som bruker opplysningene til \u00e5 formidle m\u00e5lrettet innhold og\/eller tilbud gjennom sine tjenester. Vi inng\u00e5r da avtaler som begrenser adgang til bruk av opplysningene og fastsetter forpliktelser til \u00e5 f\u00f8lge gjeldende personvernlovgivning.<\/p>\n\n\n\n<p>Om det er mistanke om at det er beg\u00e5tt lovbrudd i forbindelse med bruk av tjenester, vil informasjonen kunne utleveres til offentlige myndigheter p\u00e5 begj\u00e6ring.<br><\/p>\n\n\n\n<p>Vi kommer ikke til \u00e5 dele, selge eller formidle personopplysninger p\u00e5 noen annen m\u00e5te enn beskrevet i denne personvernerkl\u00e6ringen.<\/p>\n\n\n\n<h3 class=\"wp-block-heading\"><strong>RETTING OG SLETTING AV PERSONOPPLYSNINGER<\/strong><\/h3>\n\n\n\n<p>Det er viktig at opplysninger vi har samlet om deg er riktige og oppdaterte. Hvis du oppdager feil, oppfordrer vi deg til \u00e5 ta kontakt med oss slik at opplysningene kan bli rettet. Du kan ogs\u00e5 kontakte oss dersom du \u00f8nsker opplysningene skal slettes.<br><\/p>\n\n\n\n<p>Vi vil ikke lagre personopplysninger lenger enn det som er n\u00f8dvendig for \u00e5 oppfylle form\u00e5let med behandlingen og lovp\u00e5lagte plikter vi har, for eksempel i henhold til regnskapslovgivningen.<\/p>\n\n\n\n<h3 class=\"wp-block-heading\"><strong>V\u00c5RE ANALYSE- OG TREDJEPARTSVERKT\u00d8Y<\/strong><\/h3>\n\n\n\n<p>J\u00e5tunbakken benytter analyseverkt\u00f8y for \u00e5 samle inn informasjon om hvordan v\u00e5re tjenester blir brukt. Vi benytter Google Analytics og dashthis, hvor vi blant annet m\u00e5ler antall bes\u00f8kende, hvilke sider som blir bes\u00f8kt, hvor lenge et bes\u00f8k varer og lignende.<br><\/p>\n\n\n\n<p>Statistikk om brukere og trafikk blir som oftest brukt og anvendt i anonymisert form, slik at ikke statistikken inneholder noen form for informasjon som kan knyttes direkte til deg som en identifisert person. Statistikken kan likevel danne grunnlag for markedsf\u00f8ring rettet mot utvalgte m\u00e5lgrupper. Dataene som samles inn lagres p\u00e5 Googles og dashthis servere og slettes etter 24mnd. hvis du ikke har returnert til nettstedet i l\u00f8pet av denne perioden.<\/p>\n\n\n\n<p>Du kan lese mer om hvordan Google samler inn og beskytter data her:<br><a aria-label=\"https:\/\/support.google.com\/analytics\/answer\/6004245 (\u00e5pner i en ny fane)\" href=\"https:\/\/support.google.com\/analytics\/answer\/6004245\" target=\"_blank\" rel=\"noreferrer noopener\">https:\/\/support.google.com\/analytics\/answer\/6004245<\/a><\/p>\n\n\n\n<p>Du kan lese mer om hvordan dashthis samler inn og beskytter data her:<br><a href=\"https:\/\/dashthis.com\/terms\/\" target=\"_blank\" rel=\"noreferrer noopener\">https:\/\/dashthis.com\/terms\/<\/a><\/p>\n\n\n\n<div style=\"height:100px\" aria-hidden=\"true\" class=\"wp-block-spacer\"><\/div>\n","protected":false},"excerpt":{"rendered":"<p>Vi er opptatt av at du som bruker av v\u00e5r nettside, forst\u00e5r hvordan vi h\u00e5ndterer de data som vi samler inn om deg. Denne personvernerkl\u00e6ringen forklarer hvilke data vi samler inn, hvordan vi gj\u00f8r det og hva vi bruker dataene til. Personvern Personopplysninger er data og vurderinger som kan knyttes til en enkeltperson. Det kan [&hellip;]<\/p>\n","protected":false},"author":1,"featured_media":0,"parent":0,"menu_order":0,"comment_status":"closed","ping_status":"closed","template":"page-personvern.php","meta":{"_acf_changed":false,"_eb_attr":"","footnotes":""},"class_list":["post-11","page","type-page","status-publish","hentry"],"acf":[],"yoast_head":"<!-- This site is optimized with the Yoast SEO plugin v27.4 - https:\/\/yoast.com\/product\/yoast-seo-wordpress\/ -->\n<title>Personvernerkl\u00e6ring - J\u00e5tunbakken<\/title>\n<meta name=\"robots\" content=\"index, follow, max-snippet:-1, max-image-preview:large, max-video-preview:-1\" \/>\n<link rel=\"canonical\" href=\"https:\/\/jatunbakken.no\/leiligheter\/personvern\/\" \/>\n<meta property=\"og:locale\" content=\"nb_NO\" \/>\n<meta property=\"og:type\" content=\"article\" \/>\n<meta property=\"og:title\" content=\"Personvernerkl\u00e6ring - J\u00e5tunbakken\" \/>\n<meta property=\"og:description\" content=\"Vi er opptatt av at du som bruker av v\u00e5r nettside, forst\u00e5r hvordan vi h\u00e5ndterer de data som vi samler inn om deg. Denne personvernerkl\u00e6ringen forklarer hvilke data vi samler inn, hvordan vi gj\u00f8r det og hva vi bruker dataene til. Personvern Personopplysninger er data og vurderinger som kan knyttes til en enkeltperson. Det kan [&hellip;]\" \/>\n<meta property=\"og:url\" content=\"https:\/\/jatunbakken.no\/leiligheter\/personvern\/\" \/>\n<meta property=\"og:site_name\" content=\"J\u00e5tunbakken\" \/>\n<meta property=\"article:modified_time\" content=\"2024-02-16T11:19:58+00:00\" \/>\n<meta name=\"twitter:card\" content=\"summary_large_image\" \/>\n<meta name=\"twitter:label1\" content=\"Ansl. lesetid\" \/>\n\t<meta name=\"twitter:data1\" content=\"6 minutter\" \/>\n<script type=\"application\/ld+json\" class=\"yoast-schema-graph\">{\"@context\":\"https:\\\/\\\/schema.org\",\"@graph\":[{\"@type\":\"WebPage\",\"@id\":\"https:\\\/\\\/jatunbakken.no\\\/leiligheter\\\/personvern\\\/\",\"url\":\"https:\\\/\\\/jatunbakken.no\\\/leiligheter\\\/personvern\\\/\",\"name\":\"Personvernerkl\u00e6ring - J\u00e5tunbakken\",\"isPartOf\":{\"@id\":\"https:\\\/\\\/jatunbakken.no\\\/leiligheter\\\/#website\"},\"datePublished\":\"2021-01-06T15:23:05+00:00\",\"dateModified\":\"2024-02-16T11:19:58+00:00\",\"breadcrumb\":{\"@id\":\"https:\\\/\\\/jatunbakken.no\\\/leiligheter\\\/personvern\\\/#breadcrumb\"},\"inLanguage\":\"nb-NO\",\"potentialAction\":[{\"@type\":\"ReadAction\",\"target\":[\"https:\\\/\\\/jatunbakken.no\\\/leiligheter\\\/personvern\\\/\"]}]},{\"@type\":\"BreadcrumbList\",\"@id\":\"https:\\\/\\\/jatunbakken.no\\\/leiligheter\\\/personvern\\\/#breadcrumb\",\"itemListElement\":[{\"@type\":\"ListItem\",\"position\":1,\"name\":\"Hjem\",\"item\":\"https:\\\/\\\/jatunbakken.no\\\/leiligheter\\\/\"},{\"@type\":\"ListItem\",\"position\":2,\"name\":\"Personvernerkl\u00e6ring\"}]},{\"@type\":\"WebSite\",\"@id\":\"https:\\\/\\\/jatunbakken.no\\\/leiligheter\\\/#website\",\"url\":\"https:\\\/\\\/jatunbakken.no\\\/leiligheter\\\/\",\"name\":\"J\u00e5tunbakken\",\"description\":\"Leiligheter p\u00e5 J\u00e5tt\u00e5\",\"publisher\":{\"@id\":\"https:\\\/\\\/jatunbakken.no\\\/leiligheter\\\/#organization\"},\"potentialAction\":[{\"@type\":\"SearchAction\",\"target\":{\"@type\":\"EntryPoint\",\"urlTemplate\":\"https:\\\/\\\/jatunbakken.no\\\/leiligheter\\\/?s={search_term_string}\"},\"query-input\":{\"@type\":\"PropertyValueSpecification\",\"valueRequired\":true,\"valueName\":\"search_term_string\"}}],\"inLanguage\":\"nb-NO\"},{\"@type\":\"Organization\",\"@id\":\"https:\\\/\\\/jatunbakken.no\\\/leiligheter\\\/#organization\",\"name\":\"J\u00e5tunbakken\",\"url\":\"https:\\\/\\\/jatunbakken.no\\\/leiligheter\\\/\",\"logo\":{\"@type\":\"ImageObject\",\"inLanguage\":\"nb-NO\",\"@id\":\"https:\\\/\\\/jatunbakken.no\\\/leiligheter\\\/#\\\/schema\\\/logo\\\/image\\\/\",\"url\":\"https:\\\/\\\/jatunbakken.no\\\/leiligheter\\\/wp-content\\\/uploads\\\/2024\\\/02\\\/logo-white.svg\",\"contentUrl\":\"https:\\\/\\\/jatunbakken.no\\\/leiligheter\\\/wp-content\\\/uploads\\\/2024\\\/02\\\/logo-white.svg\",\"width\":1467,\"height\":837,\"caption\":\"J\u00e5tunbakken\"},\"image\":{\"@id\":\"https:\\\/\\\/jatunbakken.no\\\/leiligheter\\\/#\\\/schema\\\/logo\\\/image\\\/\"}}]}<\/script>\n<!-- \/ Yoast SEO plugin. -->","yoast_head_json":{"title":"Personvernerkl\u00e6ring - J\u00e5tunbakken","robots":{"index":"index","follow":"follow","max-snippet":"max-snippet:-1","max-image-preview":"max-image-preview:large","max-video-preview":"max-video-preview:-1"},"canonical":"https:\/\/jatunbakken.no\/leiligheter\/personvern\/","og_locale":"nb_NO","og_type":"article","og_title":"Personvernerkl\u00e6ring - J\u00e5tunbakken","og_description":"Vi er opptatt av at du som bruker av v\u00e5r nettside, forst\u00e5r hvordan vi h\u00e5ndterer de data som vi samler inn om deg. Denne personvernerkl\u00e6ringen forklarer hvilke data vi samler inn, hvordan vi gj\u00f8r det og hva vi bruker dataene til. Personvern Personopplysninger er data og vurderinger som kan knyttes til en enkeltperson. Det kan [&hellip;]","og_url":"https:\/\/jatunbakken.no\/leiligheter\/personvern\/","og_site_name":"J\u00e5tunbakken","article_modified_time":"2024-02-16T11:19:58+00:00","twitter_card":"summary_large_image","twitter_misc":{"Ansl. lesetid":"6 minutter"},"schema":{"@context":"https:\/\/schema.org","@graph":[{"@type":"WebPage","@id":"https:\/\/jatunbakken.no\/leiligheter\/personvern\/","url":"https:\/\/jatunbakken.no\/leiligheter\/personvern\/","name":"Personvernerkl\u00e6ring - J\u00e5tunbakken","isPartOf":{"@id":"https:\/\/jatunbakken.no\/leiligheter\/#website"},"datePublished":"2021-01-06T15:23:05+00:00","dateModified":"2024-02-16T11:19:58+00:00","breadcrumb":{"@id":"https:\/\/jatunbakken.no\/leiligheter\/personvern\/#breadcrumb"},"inLanguage":"nb-NO","potentialAction":[{"@type":"ReadAction","target":["https:\/\/jatunbakken.no\/leiligheter\/personvern\/"]}]},{"@type":"BreadcrumbList","@id":"https:\/\/jatunbakken.no\/leiligheter\/personvern\/#breadcrumb","itemListElement":[{"@type":"ListItem","position":1,"name":"Hjem","item":"https:\/\/jatunbakken.no\/leiligheter\/"},{"@type":"ListItem","position":2,"name":"Personvernerkl\u00e6ring"}]},{"@type":"WebSite","@id":"https:\/\/jatunbakken.no\/leiligheter\/#website","url":"https:\/\/jatunbakken.no\/leiligheter\/","name":"J\u00e5tunbakken","description":"Leiligheter p\u00e5 J\u00e5tt\u00e5","publisher":{"@id":"https:\/\/jatunbakken.no\/leiligheter\/#organization"},"potentialAction":[{"@type":"SearchAction","target":{"@type":"EntryPoint","urlTemplate":"https:\/\/jatunbakken.no\/leiligheter\/?s={search_term_string}"},"query-input":{"@type":"PropertyValueSpecification","valueRequired":true,"valueName":"search_term_string"}}],"inLanguage":"nb-NO"},{"@type":"Organization","@id":"https:\/\/jatunbakken.no\/leiligheter\/#organization","name":"J\u00e5tunbakken","url":"https:\/\/jatunbakken.no\/leiligheter\/","logo":{"@type":"ImageObject","inLanguage":"nb-NO","@id":"https:\/\/jatunbakken.no\/leiligheter\/#\/schema\/logo\/image\/","url":"https:\/\/jatunbakken.no\/leiligheter\/wp-content\/uploads\/2024\/02\/logo-white.svg","contentUrl":"https:\/\/jatunbakken.no\/leiligheter\/wp-content\/uploads\/2024\/02\/logo-white.svg","width":1467,"height":837,"caption":"J\u00e5tunbakken"},"image":{"@id":"https:\/\/jatunbakken.no\/leiligheter\/#\/schema\/logo\/image\/"}}]}},"_links":{"self":[{"href":"https:\/\/jatunbakken.no\/leiligheter\/wp-json\/wp\/v2\/pages\/11","targetHints":{"allow":["GET"]}}],"collection":[{"href":"https:\/\/jatunbakken.no\/leiligheter\/wp-json\/wp\/v2\/pages"}],"about":[{"href":"https:\/\/jatunbakken.no\/leiligheter\/wp-json\/wp\/v2\/types\/page"}],"author":[{"embeddable":true,"href":"https:\/\/jatunbakken.no\/leiligheter\/wp-json\/wp\/v2\/users\/1"}],"replies":[{"embeddable":true,"href":"https:\/\/jatunbakken.no\/leiligheter\/wp-json\/wp\/v2\/comments?post=11"}],"version-history":[{"count":4,"href":"https:\/\/jatunbakken.no\/leiligheter\/wp-json\/wp\/v2\/pages\/11\/revisions"}],"predecessor-version":[{"id":5097,"href":"https:\/\/jatunbakken.no\/leiligheter\/wp-json\/wp\/v2\/pages\/11\/revisions\/5097"}],"wp:attachment":[{"href":"https:\/\/jatunbakken.no\/leiligheter\/wp-json\/wp\/v2\/media?parent=11"}],"curies":[{"name":"wp","href":"https:\/\/api.w.org\/{rel}","templated":true}]}}