{"id":28,"date":"2021-09-07T08:58:48","date_gmt":"2021-09-07T06:58:48","guid":{"rendered":"https:\/\/ensigndev.no\/jatunbakken\/?page_id=28"},"modified":"2025-09-23T08:39:05","modified_gmt":"2025-09-23T06:39:05","slug":"galleri","status":"publish","type":"page","link":"https:\/\/jatunbakken.no\/leiligheter\/galleri\/","title":{"rendered":"Galleri"},"content":{"rendered":"\n<div class=\"wp-block-group bilde-galleri caption-has-transparent-bg\"><div class=\"wp-block-group__inner-container is-layout-constrained wp-block-group-is-layout-constrained\">\n\n\t\n\t<section class=\"pad-down\">\n\t\t<div class=\"row no-gutters align-items-end\">\n\t\t\t\n\t\t\t<div class=\"col-sm-4\">\n\t\t\t\t<div class=\"executive-summary-left\">\t\n\t\t\t\t<div class=\"d-none d-sm-block\">\n\t\t\t\t<p class=\"number\">1<\/p>\n\t\t\t\t<\/div>\t\n\t\t\t\t<p class=\"m-text-center\">3D-illustrasjon, bygg BB1 og BB2<\/p>\n\t\t\t\t<\/div>\n\t\t\t<\/div>\n\t\n\t\t\t<div class=\"col-sm-8\">\n\t\t\t  <img decoding=\"async\" src=\"https:\/\/jatunbakken.no\/leiligheter\/wp-content\/uploads\/2025\/01\/e049i_ensign_jatunbakken_b4_new_design_EXT01_C03_update-final-scaled.jpg\" class=\"img-fluid\" alt=\"\">\n\t\t\t  \t\n\t\t\t<\/div>\n\t\n\t\t<\/div>\n\t<\/section>\n\n   \n\t<section class=\"pad-down\">\n\t\t<div class=\"row no-gutters align-items-end\">\n\t\t\t\n\t\t\t<div class=\"col-sm-4\">\n\t\t\t\t<div class=\"executive-summary-left\">\t\n\t\t\t\t<div class=\"d-none d-sm-block\">\n\t\t\t\t<p class=\"number\">2<\/p>\n\t\t\t\t<\/div>\t\n\t\t\t\t<p class=\"m-text-center\">3D-illustrasjon, bygg BB2<\/p>\n\t\t\t\t<\/div>\n\t\t\t<\/div>\n\t\n\t\t\t<div class=\"col-sm-8\">\n\t\t\t  <img decoding=\"async\" src=\"https:\/\/jatunbakken.no\/leiligheter\/wp-content\/uploads\/2025\/01\/e049i_ensign_jatunbakken_b4_new_design_EXT11_C05_update-final-scaled.jpg\" class=\"img-fluid\" alt=\"\">\n\t\t\t  \t\n\t\t\t<\/div>\n\t\n\t\t<\/div>\n\t<\/section>\n\n   \n\t<section class=\"pad-down\">\n\t\t<div class=\"row no-gutters align-items-end\">\n\t\t\t\n\t\t\t<div class=\"col-sm-4\">\n\t\t\t\t<div class=\"executive-summary-left\">\t\n\t\t\t\t<div class=\"d-none d-sm-block\">\n\t\t\t\t<p class=\"number\">3<\/p>\n\t\t\t\t<\/div>\t\n\t\t\t\t<p class=\"m-text-center\">3D-illustrasjon, leilighet H0204 i bygg BB1<\/p>\n\t\t\t\t<\/div>\n\t\t\t<\/div>\n\t\n\t\t\t<div class=\"col-sm-8\">\n\t\t\t  <img decoding=\"async\" src=\"https:\/\/jatunbakken.no\/leiligheter\/wp-content\/uploads\/2024\/02\/e049d_ensign_jatunbakken4_extra_images_BB1-H0204_livingroom_final-scaled.jpg\" class=\"img-fluid\" alt=\"\">\n\t\t\t  \t\t\t  <div class=\"bottom-content\">\n\t\t\t\t\t<p class=\"threed-disclaimer mt-2 m-text-center\">\n\t\t\t\t\t\tLeilighet H0204 i BB1. 3D-illustrasjonen kan vise elementer og materialer som ikke er en del av standardleveransen. Avvik kan forekomme i fasadeuttrykk og uteomr\u00e5de, se egen utomhusplan.\t\t\t\t\t<\/p>\n\t\t\t\t<\/div> \n\t\t\t  \t\n\t\t\t<\/div>\n\t\n\t\t<\/div>\n\t<\/section>\n\n   \n\t<section class=\"pad-down\">\n\t\t<div class=\"row no-gutters align-items-end\">\n\t\t\t\n\t\t\t<div class=\"col-sm-4\">\n\t\t\t\t<div class=\"executive-summary-left\">\t\n\t\t\t\t<div class=\"d-none d-sm-block\">\n\t\t\t\t<p class=\"number\">4<\/p>\n\t\t\t\t<\/div>\t\n\t\t\t\t<p class=\"m-text-center\">3D-illustrasjon, leilighet H0201 i bygg BB1<\/p>\n\t\t\t\t<\/div>\n\t\t\t<\/div>\n\t\n\t\t\t<div class=\"col-sm-8\">\n\t\t\t  <img decoding=\"async\" src=\"https:\/\/jatunbakken.no\/leiligheter\/wp-content\/uploads\/2024\/02\/e049d_ensign_jatunbakken4_extra_images_BB1-H020_livingroom_final-1-scaled.jpg\" class=\"img-fluid\" alt=\"\">\n\t\t\t  \t\t\t  <div class=\"bottom-content\">\n\t\t\t\t\t<p class=\"threed-disclaimer mt-2 m-text-center\">\n\t\t\t\t\t\tLeilighet H0201 i BB1. 3D-illustrasjonen kan vise elementer og materialer som ikke er en del av standardleveransen. Avvik kan forekomme i fasadeuttrykk og uteomr\u00e5de, se egen utomhusplan.\t\t\t\t\t<\/p>\n\t\t\t\t<\/div> \n\t\t\t  \t\n\t\t\t<\/div>\n\t\n\t\t<\/div>\n\t<\/section>\n\n   \n\t<section class=\"pad-down\">\n\t\t<div class=\"row no-gutters align-items-end\">\n\t\t\t\n\t\t\t<div class=\"col-sm-4\">\n\t\t\t\t<div class=\"executive-summary-left\">\t\n\t\t\t\t<div class=\"d-none d-sm-block\">\n\t\t\t\t<p class=\"number\">5<\/p>\n\t\t\t\t<\/div>\t\n\t\t\t\t<p class=\"m-text-center\">3D-illustrasjon, leilighet H0403 i bygg BB1<\/p>\n\t\t\t\t<\/div>\n\t\t\t<\/div>\n\t\n\t\t\t<div class=\"col-sm-8\">\n\t\t\t  <img decoding=\"async\" src=\"https:\/\/jatunbakken.no\/leiligheter\/wp-content\/uploads\/2025\/01\/e049i_ensign_jatunbakken_b4_new_design_BB1-H0403_02_final-scaled.jpg\" class=\"img-fluid\" alt=\"\">\n\t\t\t  \t\n\t\t\t<\/div>\n\t\n\t\t<\/div>\n\t<\/section>\n\n   \n\t<section class=\"pad-down\">\n\t\t<div class=\"row no-gutters align-items-end\">\n\t\t\t\n\t\t\t<div class=\"col-sm-4\">\n\t\t\t\t<div class=\"executive-summary-left\">\t\n\t\t\t\t<div class=\"d-none d-sm-block\">\n\t\t\t\t<p class=\"number\">6<\/p>\n\t\t\t\t<\/div>\t\n\t\t\t\t<p class=\"m-text-center\">3D-illustrasjon, leilighet H0404 i bygg BB1<\/p>\n\t\t\t\t<\/div>\n\t\t\t<\/div>\n\t\n\t\t\t<div class=\"col-sm-8\">\n\t\t\t  <img decoding=\"async\" src=\"https:\/\/jatunbakken.no\/leiligheter\/wp-content\/uploads\/2025\/01\/e049i_ensign_jatunbakken_b4_new_design_BB1-H0404_01_final-scaled.jpg\" class=\"img-fluid\" alt=\"\">\n\t\t\t  \t\n\t\t\t<\/div>\n\t\n\t\t<\/div>\n\t<\/section>\n\n   \n\t<section class=\"pad-down\">\n\t\t<div class=\"row no-gutters align-items-end\">\n\t\t\t\n\t\t\t<div class=\"col-sm-4\">\n\t\t\t\t<div class=\"executive-summary-left\">\t\n\t\t\t\t<div class=\"d-none d-sm-block\">\n\t\t\t\t<p class=\"number\">7<\/p>\n\t\t\t\t<\/div>\t\n\t\t\t\t<p class=\"m-text-center\">3D-illustrasjon, leilighet H0404 i bygg BB1<\/p>\n\t\t\t\t<\/div>\n\t\t\t<\/div>\n\t\n\t\t\t<div class=\"col-sm-8\">\n\t\t\t  <img decoding=\"async\" src=\"https:\/\/jatunbakken.no\/leiligheter\/wp-content\/uploads\/2024\/07\/e049h_ensign_jatunbakken_new_images_BB1-H0401_final-kopi-scaled.jpg\" class=\"img-fluid\" alt=\"\">\n\t\t\t  \t\n\t\t\t<\/div>\n\t\n\t\t<\/div>\n\t<\/section>\n\n   \n\t<section class=\"pad-down\">\n\t\t<div class=\"row no-gutters align-items-end\">\n\t\t\t\n\t\t\t<div class=\"col-sm-4\">\n\t\t\t\t<div class=\"executive-summary-left\">\t\n\t\t\t\t<div class=\"d-none d-sm-block\">\n\t\t\t\t<p class=\"number\">8<\/p>\n\t\t\t\t<\/div>\t\n\t\t\t\t<p class=\"m-text-center\">3D-illustrasjon, leilighet H0401 i bygg BB2<\/p>\n\t\t\t\t<\/div>\n\t\t\t<\/div>\n\t\n\t\t\t<div class=\"col-sm-8\">\n\t\t\t  <img decoding=\"async\" src=\"https:\/\/jatunbakken.no\/leiligheter\/wp-content\/uploads\/2025\/01\/e049i_ensign_jatunbakken_b4_new_design_BB2-H0401_02_final-scaled.jpg\" class=\"img-fluid\" alt=\"\">\n\t\t\t  \t\n\t\t\t<\/div>\n\t\n\t\t<\/div>\n\t<\/section>\n\n   \n\t<section class=\"pad-down\">\n\t\t<div class=\"row no-gutters align-items-end\">\n\t\t\t\n\t\t\t<div class=\"col-sm-4\">\n\t\t\t\t<div class=\"executive-summary-left\">\t\n\t\t\t\t<div class=\"d-none d-sm-block\">\n\t\t\t\t<p class=\"number\">9<\/p>\n\t\t\t\t<\/div>\t\n\t\t\t\t<p class=\"m-text-center\">3D-illustrasjon, leilighet H0402 i bygg BB2<\/p>\n\t\t\t\t<\/div>\n\t\t\t<\/div>\n\t\n\t\t\t<div class=\"col-sm-8\">\n\t\t\t  <img decoding=\"async\" src=\"https:\/\/jatunbakken.no\/leiligheter\/wp-content\/uploads\/2025\/01\/e049i_ensign_jatunbakken_b4_new_design_BB2-H0402_01_final.jpg\" class=\"img-fluid\" alt=\"\">\n\t\t\t  \t\n\t\t\t<\/div>\n\t\n\t\t<\/div>\n\t<\/section>\n\n   \n\t<section class=\"pad-down\">\n\t\t<div class=\"row no-gutters align-items-end\">\n\t\t\t\n\t\t\t<div class=\"col-sm-4\">\n\t\t\t\t<div class=\"executive-summary-left\">\t\n\t\t\t\t<div class=\"d-none d-sm-block\">\n\t\t\t\t<p class=\"number\">10<\/p>\n\t\t\t\t<\/div>\t\n\t\t\t\t<p class=\"m-text-center\">3D-illustrasjon, leilighet H0402 i bygg BB2<\/p>\n\t\t\t\t<\/div>\n\t\t\t<\/div>\n\t\n\t\t\t<div class=\"col-sm-8\">\n\t\t\t  <img decoding=\"async\" src=\"https:\/\/jatunbakken.no\/leiligheter\/wp-content\/uploads\/2024\/02\/e049d_ensign_jatunbakken4_extra_images_BB2-H0402_bedroom_final-scaled.jpg\" class=\"img-fluid\" alt=\"\">\n\t\t\t  \t\t\t  <div class=\"bottom-content\">\n\t\t\t\t\t<p class=\"threed-disclaimer mt-2 m-text-center\">\n\t\t\t\t\t\t3D-illustrasjonen kan vise elementer og materialer som ikke er en del av standardleveransen. Avvik kan forekomme i fasadeuttrykk og uteomr\u00e5de, se egen utomhusplan.\t\t\t\t\t<\/p>\n\t\t\t\t<\/div> \n\t\t\t  \t\n\t\t\t<\/div>\n\t\n\t\t<\/div>\n\t<\/section>\n\n   \n\t<section class=\"pad-down\">\n\t\t<div class=\"row no-gutters align-items-end\">\n\t\t\t\n\t\t\t<div class=\"col-sm-4\">\n\t\t\t\t<div class=\"executive-summary-left\">\t\n\t\t\t\t<div class=\"d-none d-sm-block\">\n\t\t\t\t<p class=\"number\">11<\/p>\n\t\t\t\t<\/div>\t\n\t\t\t\t<p class=\"m-text-center\">3D-illustrasjon, leilighet H0305 i bygg BB2<\/p>\n\t\t\t\t<\/div>\n\t\t\t<\/div>\n\t\n\t\t\t<div class=\"col-sm-8\">\n\t\t\t  <img decoding=\"async\" src=\"https:\/\/jatunbakken.no\/leiligheter\/wp-content\/uploads\/2025\/01\/e049i_ensign_jatunbakken_b4_new_design_BB2-H0305_02_final-scaled.jpg\" class=\"img-fluid\" alt=\"\">\n\t\t\t  \t\n\t\t\t<\/div>\n\t\n\t\t<\/div>\n\t<\/section>\n\n   \n\t<section class=\"pad-down\">\n\t\t<div class=\"row no-gutters align-items-end\">\n\t\t\t\n\t\t\t<div class=\"col-sm-4\">\n\t\t\t\t<div class=\"executive-summary-left\">\t\n\t\t\t\t<div class=\"d-none d-sm-block\">\n\t\t\t\t<p class=\"number\">12<\/p>\n\t\t\t\t<\/div>\t\n\t\t\t\t<p class=\"m-text-center\">3D-illustrasjon, leilighet H0301 i bygg BB2<\/p>\n\t\t\t\t<\/div>\n\t\t\t<\/div>\n\t\n\t\t\t<div class=\"col-sm-8\">\n\t\t\t  <img decoding=\"async\" src=\"https:\/\/jatunbakken.no\/leiligheter\/wp-content\/uploads\/2024\/02\/e049d_ensign_jatunbakken4_extra_images_BB2-H0301_livingroom_final-scaled.jpg\" class=\"img-fluid\" alt=\"\">\n\t\t\t  \t\t\t  <div class=\"bottom-content\">\n\t\t\t\t\t<p class=\"threed-disclaimer mt-2 m-text-center\">\n\t\t\t\t\t\t3D-illustrasjonen kan vise elementer og materialer som ikke er en del av standardleveransen. Avvik kan forekomme i fasadeuttrykk og uteomr\u00e5de, se egen utomhusplan.\t\t\t\t\t<\/p>\n\t\t\t\t<\/div> \n\t\t\t  \t\n\t\t\t<\/div>\n\t\n\t\t<\/div>\n\t<\/section>\n\n   \n\t<section class=\"pad-down\">\n\t\t<div class=\"row no-gutters align-items-end\">\n\t\t\t\n\t\t\t<div class=\"col-sm-4\">\n\t\t\t\t<div class=\"executive-summary-left\">\t\n\t\t\t\t<div class=\"d-none d-sm-block\">\n\t\t\t\t<p class=\"number\">13<\/p>\n\t\t\t\t<\/div>\t\n\t\t\t\t<p class=\"m-text-center\">3D-illustrasjon, leilighet H0101 i bygg BB2<\/p>\n\t\t\t\t<\/div>\n\t\t\t<\/div>\n\t\n\t\t\t<div class=\"col-sm-8\">\n\t\t\t  <img decoding=\"async\" src=\"https:\/\/jatunbakken.no\/leiligheter\/wp-content\/uploads\/2025\/01\/e049d_ensign_jatunbakken4_extra_images_BB2-H0101_terrace_final-scaled.jpg\" class=\"img-fluid\" alt=\"\">\n\t\t\t  \t\n\t\t\t<\/div>\n\t\n\t\t<\/div>\n\t<\/section>\n\n   \n\t<section class=\"pad-down\">\n\t\t<div class=\"row no-gutters align-items-end\">\n\t\t\t\n\t\t\t<div class=\"col-sm-4\">\n\t\t\t\t<div class=\"executive-summary-left\">\t\n\t\t\t\t<div class=\"d-none d-sm-block\">\n\t\t\t\t<p class=\"number\">14<\/p>\n\t\t\t\t<\/div>\t\n\t\t\t\t<p class=\"m-text-center\">3D-illustrasjon, BB1 og BB2 i bakgrunn<\/p>\n\t\t\t\t<\/div>\n\t\t\t<\/div>\n\t\n\t\t\t<div class=\"col-sm-8\">\n\t\t\t  <img decoding=\"async\" src=\"https:\/\/jatunbakken.no\/leiligheter\/wp-content\/uploads\/2025\/01\/e049h_ensign_jatunbakken_new_images_C07_preview-1-scaled.jpg\" class=\"img-fluid\" alt=\"\">\n\t\t\t  \t\n\t\t\t<\/div>\n\t\n\t\t<\/div>\n\t<\/section>\n\n   \n\t<section class=\"pad-down\">\n\t\t<div class=\"row no-gutters align-items-end\">\n\t\t\t\n\t\t\t<div class=\"col-sm-4\">\n\t\t\t\t<div class=\"executive-summary-left\">\t\n\t\t\t\t<div class=\"d-none d-sm-block\">\n\t\t\t\t<p class=\"number\">15<\/p>\n\t\t\t\t<\/div>\t\n\t\t\t\t<p class=\"m-text-center\">3D-illustrasjon, gjestehybel med BB2 i bakgrunn<\/p>\n\t\t\t\t<\/div>\n\t\t\t<\/div>\n\t\n\t\t\t<div class=\"col-sm-8\">\n\t\t\t  <img decoding=\"async\" src=\"https:\/\/jatunbakken.no\/leiligheter\/wp-content\/uploads\/2025\/01\/e049h_ensign_jatunbakken_new_images_C06_preview-scaled.jpg\" class=\"img-fluid\" alt=\"\">\n\t\t\t  \t\n\t\t\t<\/div>\n\t\n\t\t<\/div>\n\t<\/section>\n\n   \n\t<section class=\"pad-down\">\n\t\t<div class=\"row no-gutters align-items-end\">\n\t\t\t\n\t\t\t<div class=\"col-sm-4\">\n\t\t\t\t<div class=\"executive-summary-left\">\t\n\t\t\t\t<div class=\"d-none d-sm-block\">\n\t\t\t\t<p class=\"number\">16<\/p>\n\t\t\t\t<\/div>\t\n\t\t\t\t<p class=\"m-text-center\">3D-illustrasjon, J\u00e5tunbakken<\/p>\n\t\t\t\t<\/div>\n\t\t\t<\/div>\n\t\n\t\t\t<div class=\"col-sm-8\">\n\t\t\t  <img decoding=\"async\" src=\"https:\/\/jatunbakken.no\/leiligheter\/wp-content\/uploads\/2024\/07\/BB1-2.png\" class=\"img-fluid\" alt=\"\">\n\t\t\t  \t\n\t\t\t<\/div>\n\t\n\t\t<\/div>\n\t<\/section>\n\n   \n\t<section class=\"pad-down\">\n\t\t<div class=\"row no-gutters align-items-end\">\n\t\t\t\n\t\t\t<div class=\"col-sm-4\">\n\t\t\t\t<div class=\"executive-summary-left\">\t\n\t\t\t\t<div class=\"d-none d-sm-block\">\n\t\t\t\t<p class=\"number\">17<\/p>\n\t\t\t\t<\/div>\t\n\t\t\t\t<p class=\"m-text-center\">3D-illustrasjon, J\u00e5tunbakken<\/p>\n\t\t\t\t<\/div>\n\t\t\t<\/div>\n\t\n\t\t\t<div class=\"col-sm-8\">\n\t\t\t  <img decoding=\"async\" src=\"https:\/\/jatunbakken.no\/leiligheter\/wp-content\/uploads\/2025\/01\/e049i_ensign_jatunbakken_b4_new_design_EXT10_Overview_Final-scaled.jpg\" class=\"img-fluid\" alt=\"\">\n\t\t\t  \t\n\t\t\t<\/div>\n\t\n\t\t<\/div>\n\t<\/section>\n\n   \n\n<\/div><\/div>\n","protected":false},"excerpt":{"rendered":"","protected":false},"author":1,"featured_media":0,"parent":0,"menu_order":0,"comment_status":"closed","ping_status":"closed","template":"page-galleri.php","meta":{"_acf_changed":false,"_eb_attr":"","footnotes":""},"class_list":["post-28","page","type-page","status-publish","hentry"],"acf":[],"yoast_head":"<!-- This site is optimized with the Yoast SEO plugin v27.5 - https:\/\/yoast.com\/product\/yoast-seo-wordpress\/ -->\n<title>Galleri - J\u00e5tunbakken<\/title>\n<meta name=\"robots\" content=\"index, follow, max-snippet:-1, max-image-preview:large, max-video-preview:-1\" \/>\n<link rel=\"canonical\" href=\"https:\/\/jatunbakken.no\/leiligheter\/galleri\/\" \/>\n<meta property=\"og:locale\" content=\"nb_NO\" \/>\n<meta property=\"og:type\" content=\"article\" \/>\n<meta property=\"og:title\" content=\"Galleri - J\u00e5tunbakken\" \/>\n<meta property=\"og:url\" content=\"https:\/\/jatunbakken.no\/leiligheter\/galleri\/\" \/>\n<meta property=\"og:site_name\" content=\"J\u00e5tunbakken\" \/>\n<meta property=\"article:modified_time\" content=\"2025-09-23T06:39:05+00:00\" \/>\n<meta name=\"twitter:card\" content=\"summary_large_image\" \/>\n<script type=\"application\/ld+json\" class=\"yoast-schema-graph\">{\"@context\":\"https:\\\/\\\/schema.org\",\"@graph\":[{\"@type\":\"WebPage\",\"@id\":\"https:\\\/\\\/jatunbakken.no\\\/leiligheter\\\/galleri\\\/\",\"url\":\"https:\\\/\\\/jatunbakken.no\\\/leiligheter\\\/galleri\\\/\",\"name\":\"Galleri - J\u00e5tunbakken\",\"isPartOf\":{\"@id\":\"https:\\\/\\\/jatunbakken.no\\\/leiligheter\\\/#website\"},\"datePublished\":\"2021-09-07T06:58:48+00:00\",\"dateModified\":\"2025-09-23T06:39:05+00:00\",\"breadcrumb\":{\"@id\":\"https:\\\/\\\/jatunbakken.no\\\/leiligheter\\\/galleri\\\/#breadcrumb\"},\"inLanguage\":\"nb-NO\",\"potentialAction\":[{\"@type\":\"ReadAction\",\"target\":[\"https:\\\/\\\/jatunbakken.no\\\/leiligheter\\\/galleri\\\/\"]}]},{\"@type\":\"BreadcrumbList\",\"@id\":\"https:\\\/\\\/jatunbakken.no\\\/leiligheter\\\/galleri\\\/#breadcrumb\",\"itemListElement\":[{\"@type\":\"ListItem\",\"position\":1,\"name\":\"Hjem\",\"item\":\"https:\\\/\\\/jatunbakken.no\\\/leiligheter\\\/\"},{\"@type\":\"ListItem\",\"position\":2,\"name\":\"Galleri\"}]},{\"@type\":\"WebSite\",\"@id\":\"https:\\\/\\\/jatunbakken.no\\\/leiligheter\\\/#website\",\"url\":\"https:\\\/\\\/jatunbakken.no\\\/leiligheter\\\/\",\"name\":\"J\u00e5tunbakken\",\"description\":\"Leiligheter p\u00e5 J\u00e5tt\u00e5\",\"publisher\":{\"@id\":\"https:\\\/\\\/jatunbakken.no\\\/leiligheter\\\/#organization\"},\"potentialAction\":[{\"@type\":\"SearchAction\",\"target\":{\"@type\":\"EntryPoint\",\"urlTemplate\":\"https:\\\/\\\/jatunbakken.no\\\/leiligheter\\\/?s={search_term_string}\"},\"query-input\":{\"@type\":\"PropertyValueSpecification\",\"valueRequired\":true,\"valueName\":\"search_term_string\"}}],\"inLanguage\":\"nb-NO\"},{\"@type\":\"Organization\",\"@id\":\"https:\\\/\\\/jatunbakken.no\\\/leiligheter\\\/#organization\",\"name\":\"J\u00e5tunbakken\",\"url\":\"https:\\\/\\\/jatunbakken.no\\\/leiligheter\\\/\",\"logo\":{\"@type\":\"ImageObject\",\"inLanguage\":\"nb-NO\",\"@id\":\"https:\\\/\\\/jatunbakken.no\\\/leiligheter\\\/#\\\/schema\\\/logo\\\/image\\\/\",\"url\":\"https:\\\/\\\/jatunbakken.no\\\/leiligheter\\\/wp-content\\\/uploads\\\/2024\\\/02\\\/logo-white.svg\",\"contentUrl\":\"https:\\\/\\\/jatunbakken.no\\\/leiligheter\\\/wp-content\\\/uploads\\\/2024\\\/02\\\/logo-white.svg\",\"width\":1467,\"height\":837,\"caption\":\"J\u00e5tunbakken\"},\"image\":{\"@id\":\"https:\\\/\\\/jatunbakken.no\\\/leiligheter\\\/#\\\/schema\\\/logo\\\/image\\\/\"}}]}<\/script>\n<!-- \/ Yoast SEO plugin. -->","yoast_head_json":{"title":"Galleri - J\u00e5tunbakken","robots":{"index":"index","follow":"follow","max-snippet":"max-snippet:-1","max-image-preview":"max-image-preview:large","max-video-preview":"max-video-preview:-1"},"canonical":"https:\/\/jatunbakken.no\/leiligheter\/galleri\/","og_locale":"nb_NO","og_type":"article","og_title":"Galleri - J\u00e5tunbakken","og_url":"https:\/\/jatunbakken.no\/leiligheter\/galleri\/","og_site_name":"J\u00e5tunbakken","article_modified_time":"2025-09-23T06:39:05+00:00","twitter_card":"summary_large_image","schema":{"@context":"https:\/\/schema.org","@graph":[{"@type":"WebPage","@id":"https:\/\/jatunbakken.no\/leiligheter\/galleri\/","url":"https:\/\/jatunbakken.no\/leiligheter\/galleri\/","name":"Galleri - J\u00e5tunbakken","isPartOf":{"@id":"https:\/\/jatunbakken.no\/leiligheter\/#website"},"datePublished":"2021-09-07T06:58:48+00:00","dateModified":"2025-09-23T06:39:05+00:00","breadcrumb":{"@id":"https:\/\/jatunbakken.no\/leiligheter\/galleri\/#breadcrumb"},"inLanguage":"nb-NO","potentialAction":[{"@type":"ReadAction","target":["https:\/\/jatunbakken.no\/leiligheter\/galleri\/"]}]},{"@type":"BreadcrumbList","@id":"https:\/\/jatunbakken.no\/leiligheter\/galleri\/#breadcrumb","itemListElement":[{"@type":"ListItem","position":1,"name":"Hjem","item":"https:\/\/jatunbakken.no\/leiligheter\/"},{"@type":"ListItem","position":2,"name":"Galleri"}]},{"@type":"WebSite","@id":"https:\/\/jatunbakken.no\/leiligheter\/#website","url":"https:\/\/jatunbakken.no\/leiligheter\/","name":"J\u00e5tunbakken","description":"Leiligheter p\u00e5 J\u00e5tt\u00e5","publisher":{"@id":"https:\/\/jatunbakken.no\/leiligheter\/#organization"},"potentialAction":[{"@type":"SearchAction","target":{"@type":"EntryPoint","urlTemplate":"https:\/\/jatunbakken.no\/leiligheter\/?s={search_term_string}"},"query-input":{"@type":"PropertyValueSpecification","valueRequired":true,"valueName":"search_term_string"}}],"inLanguage":"nb-NO"},{"@type":"Organization","@id":"https:\/\/jatunbakken.no\/leiligheter\/#organization","name":"J\u00e5tunbakken","url":"https:\/\/jatunbakken.no\/leiligheter\/","logo":{"@type":"ImageObject","inLanguage":"nb-NO","@id":"https:\/\/jatunbakken.no\/leiligheter\/#\/schema\/logo\/image\/","url":"https:\/\/jatunbakken.no\/leiligheter\/wp-content\/uploads\/2024\/02\/logo-white.svg","contentUrl":"https:\/\/jatunbakken.no\/leiligheter\/wp-content\/uploads\/2024\/02\/logo-white.svg","width":1467,"height":837,"caption":"J\u00e5tunbakken"},"image":{"@id":"https:\/\/jatunbakken.no\/leiligheter\/#\/schema\/logo\/image\/"}}]}},"_links":{"self":[{"href":"https:\/\/jatunbakken.no\/leiligheter\/wp-json\/wp\/v2\/pages\/28","targetHints":{"allow":["GET"]}}],"collection":[{"href":"https:\/\/jatunbakken.no\/leiligheter\/wp-json\/wp\/v2\/pages"}],"about":[{"href":"https:\/\/jatunbakken.no\/leiligheter\/wp-json\/wp\/v2\/types\/page"}],"author":[{"embeddable":true,"href":"https:\/\/jatunbakken.no\/leiligheter\/wp-json\/wp\/v2\/users\/1"}],"replies":[{"embeddable":true,"href":"https:\/\/jatunbakken.no\/leiligheter\/wp-json\/wp\/v2\/comments?post=28"}],"version-history":[{"count":51,"href":"https:\/\/jatunbakken.no\/leiligheter\/wp-json\/wp\/v2\/pages\/28\/revisions"}],"predecessor-version":[{"id":6267,"href":"https:\/\/jatunbakken.no\/leiligheter\/wp-json\/wp\/v2\/pages\/28\/revisions\/6267"}],"wp:attachment":[{"href":"https:\/\/jatunbakken.no\/leiligheter\/wp-json\/wp\/v2\/media?parent=28"}],"curies":[{"name":"wp","href":"https:\/\/api.w.org\/{rel}","templated":true}]}}