{"id":6160,"date":"2025-02-10T14:00:25","date_gmt":"2025-02-10T13:00:25","guid":{"rendered":"https:\/\/jatunbakken.no\/leiligheter\/?page_id=6160"},"modified":"2025-02-25T12:57:06","modified_gmt":"2025-02-25T11:57:06","slug":"soldiagram-nord","status":"publish","type":"page","link":"https:\/\/jatunbakken.no\/leiligheter\/soldiagram-nord\/","title":{"rendered":"Soldiagram nord"},"content":{"rendered":"\n<div style=\"height:150px\" aria-hidden=\"true\" class=\"wp-block-spacer\"><\/div>\n\n\n\n<div class=\"wp-block-group container\"><div class=\"wp-block-group__inner-container is-layout-constrained wp-block-group-is-layout-constrained\">\n<h2 class=\"wp-block-heading\">Soldiagram nord<\/h2>\n\n\n\n<section id=\"sun-chart-block_f796162b3a105d7d6c4c4d1532e20052\" class=\"c-sun-chart\">\n  <video class=\"js-sun-chart-video c-sun-chart__video\" autoplay muted >\n    <source src=\"https:\/\/jatunbakken.no\/leiligheter\/wp-content\/uploads\/2025\/02\/Cinemagraph_02_north.mp4\" type=\"video\/mp4\">\n    <p>Nettleseren din st\u00f8tter ikke video.<\/p>\n  <\/video>\n\n  <div class=\"c-sun-chart__controls \">\n    <div>\n      <button type=\"button\" class=\"c-sun-chart__button c-pile \" onclick=\"togglePlayPause()\" aria-label=\"Play \/ Pause\" title=\"Play \/ Pause\">\n        <svg xmlns=\"http:\/\/www.w3.org\/2000\/svg\" viewBox=\"0 0 384 512\" class=\"c-sun-chart__button-icon c-sun-chart__button-icon--play js-playIcon\">\n          <!--!Font Awesome Free 6.5.2 by @fontawesome - https:\/\/fontawesome.com License - https:\/\/fontawesome.com\/license\/free Copyright 2024 Fonticons, Inc.-->\n          <path d=\"M73 39c-14.8-9.1-33.4-9.4-48.5-.9S0 62.6 0 80V432c0 17.4 9.4 33.4 24.5 41.9s33.7 8.1 48.5-.9L361 297c14.3-8.7 23-24.2 23-41s-8.7-32.2-23-41L73 39z\" \/>\n        <\/svg>\n\n        <svg xmlns=\"http:\/\/www.w3.org\/2000\/svg\" viewBox=\"0 0 320 512\" class=\"c-sun-chart__button-icon c-sun-chart__button-icon--pause js-pauseIcon\">\n          <!--!Font Awesome Free 6.5.2 by @fontawesome - https:\/\/fontawesome.com License - https:\/\/fontawesome.com\/license\/free Copyright 2024 Fonticons, Inc.-->\n          <path d=\"M48 64C21.5 64 0 85.5 0 112V400c0 26.5 21.5 48 48 48H80c26.5 0 48-21.5 48-48V112c0-26.5-21.5-48-48-48H48zm192 0c-26.5 0-48 21.5-48 48V400c0 26.5 21.5 48 48 48h32c26.5 0 48-21.5 48-48V112c0-26.5-21.5-48-48-48H240z\" \/>\n        <\/svg>\n      <\/button>\n    <\/div>\n\n\n    <input type=\"range\" value=\"0\" class=\"c-sun-chart__progress-bar js-sun-chart-video-progress-bar \">\n\n\n    <div class=\"c-sun-chart__playbackrate-controls\">\n      <button type=\"button\" class=\"c-sun-chart__speed-button js-speedButton \" onclick=\"setPlaybackSpeed(0.5, this)\" title=\"Halv hastighet\" aria-label=\"Halv hastighet\">\n        0,5\n        <svg xmlns=\"http:\/\/www.w3.org\/2000\/svg\" viewBox=\"0 0 384 512\" class=\"c-sun-chart__speed-button-icon\">\n          <!--!Font Awesome Free 6.5.2 by @fontawesome - https:\/\/fontawesome.com License - https:\/\/fontawesome.com\/license\/free Copyright 2024 Fonticons, Inc.-->\n          <path d=\"M342.6 150.6c12.5-12.5 12.5-32.8 0-45.3s-32.8-12.5-45.3 0L192 210.7 86.6 105.4c-12.5-12.5-32.8-12.5-45.3 0s-12.5 32.8 0 45.3L146.7 256 41.4 361.4c-12.5 12.5-12.5 32.8 0 45.3s32.8 12.5 45.3 0L192 301.3 297.4 406.6c12.5 12.5 32.8 12.5 45.3 0s12.5-32.8 0-45.3L237.3 256 342.6 150.6z\" \/>\n        <\/svg>\n      <\/button>\n\n      <button type=\"button\" class=\"c-sun-chart__speed-button js-speedButton  is-active\" onclick=\"setPlaybackSpeed(1, this)\" title=\"Normal hastighet\" aria-label=\"Normal hastighet\">\n        1\n        <svg xmlns=\"http:\/\/www.w3.org\/2000\/svg\" viewBox=\"0 0 384 512\" class=\"c-sun-chart__speed-button-icon\">\n          <!--!Font Awesome Free 6.5.2 by @fontawesome - https:\/\/fontawesome.com License - https:\/\/fontawesome.com\/license\/free Copyright 2024 Fonticons, Inc.-->\n          <path d=\"M342.6 150.6c12.5-12.5 12.5-32.8 0-45.3s-32.8-12.5-45.3 0L192 210.7 86.6 105.4c-12.5-12.5-32.8-12.5-45.3 0s-12.5 32.8 0 45.3L146.7 256 41.4 361.4c-12.5 12.5-12.5 32.8 0 45.3s32.8 12.5 45.3 0L192 301.3 297.4 406.6c12.5 12.5 32.8 12.5 45.3 0s12.5-32.8 0-45.3L237.3 256 342.6 150.6z\" \/>\n        <\/svg>\n      <\/button>\n\n      <button type=\"button\" class=\"c-sun-chart__speed-button js-speedButton \" onclick=\"setPlaybackSpeed(2, this)\" title=\"Dobbel hastighet\" aria-label=\"Dobbel hastighet\">\n        2\n        <svg xmlns=\"http:\/\/www.w3.org\/2000\/svg\" viewBox=\"0 0 384 512\" class=\"c-sun-chart__speed-button-icon\">\n          <!--!Font Awesome Free 6.5.2 by @fontawesome - https:\/\/fontawesome.com License - https:\/\/fontawesome.com\/license\/free Copyright 2024 Fonticons, Inc.-->\n          <path d=\"M342.6 150.6c12.5-12.5 12.5-32.8 0-45.3s-32.8-12.5-45.3 0L192 210.7 86.6 105.4c-12.5-12.5-32.8-12.5-45.3 0s-12.5 32.8 0 45.3L146.7 256 41.4 361.4c-12.5 12.5-12.5 32.8 0 45.3s32.8 12.5 45.3 0L192 301.3 297.4 406.6c12.5 12.5 32.8 12.5 45.3 0s12.5-32.8 0-45.3L237.3 256 342.6 150.6z\" \/>\n        <\/svg>\n      <\/button>\n    <\/div>\n  <\/div>\n\n      <div class=\"c-sun-chart__timestamps\">\n              <button type=\"button\" class=\"c-sun-chart__button \" onclick=\"setTime(0)\" title=\"Se lysforholdene klokken 17:00\" aria-label=\"Se lysforholdene klokken 17:00\">\n          17:00        <\/button>\n              <button type=\"button\" class=\"c-sun-chart__button \" onclick=\"setTime(2)\" title=\"Se lysforholdene klokken 19:45\" aria-label=\"Se lysforholdene klokken 19:45\">\n          19:45        <\/button>\n              <button type=\"button\" class=\"c-sun-chart__button \" onclick=\"setTime(3)\" title=\"Se lysforholdene klokken 23:59\" aria-label=\"Se lysforholdene klokken 23:59\">\n          23:59        <\/button>\n          <\/div>\n  \n<\/section>\n\n<\/div><\/div>\n","protected":false},"excerpt":{"rendered":"<p>Soldiagram nord<\/p>\n","protected":false},"author":6,"featured_media":0,"parent":0,"menu_order":0,"comment_status":"closed","ping_status":"closed","template":"","meta":{"_acf_changed":false,"_eb_attr":"","footnotes":""},"class_list":["post-6160","page","type-page","status-publish","hentry"],"acf":[],"yoast_head":"<!-- This site is optimized with the Yoast SEO plugin v27.4 - https:\/\/yoast.com\/product\/yoast-seo-wordpress\/ -->\n<title>Soldiagram nord - J\u00e5tunbakken<\/title>\n<meta name=\"robots\" content=\"index, follow, max-snippet:-1, max-image-preview:large, max-video-preview:-1\" \/>\n<link rel=\"canonical\" href=\"https:\/\/jatunbakken.no\/leiligheter\/soldiagram-nord\/\" \/>\n<meta property=\"og:locale\" content=\"nb_NO\" \/>\n<meta property=\"og:type\" content=\"article\" \/>\n<meta property=\"og:title\" content=\"Soldiagram nord - J\u00e5tunbakken\" \/>\n<meta property=\"og:description\" content=\"Soldiagram nord\" \/>\n<meta property=\"og:url\" content=\"https:\/\/jatunbakken.no\/leiligheter\/soldiagram-nord\/\" \/>\n<meta property=\"og:site_name\" content=\"J\u00e5tunbakken\" \/>\n<meta property=\"article:modified_time\" content=\"2025-02-25T11:57:06+00:00\" \/>\n<meta name=\"twitter:card\" content=\"summary_large_image\" \/>\n<meta name=\"twitter:label1\" content=\"Ansl. lesetid\" \/>\n\t<meta name=\"twitter:data1\" content=\"1 minutt\" \/>\n<script type=\"application\/ld+json\" class=\"yoast-schema-graph\">{\"@context\":\"https:\\\/\\\/schema.org\",\"@graph\":[{\"@type\":\"WebPage\",\"@id\":\"https:\\\/\\\/jatunbakken.no\\\/leiligheter\\\/soldiagram-nord\\\/\",\"url\":\"https:\\\/\\\/jatunbakken.no\\\/leiligheter\\\/soldiagram-nord\\\/\",\"name\":\"Soldiagram nord - J\u00e5tunbakken\",\"isPartOf\":{\"@id\":\"https:\\\/\\\/jatunbakken.no\\\/leiligheter\\\/#website\"},\"datePublished\":\"2025-02-10T13:00:25+00:00\",\"dateModified\":\"2025-02-25T11:57:06+00:00\",\"breadcrumb\":{\"@id\":\"https:\\\/\\\/jatunbakken.no\\\/leiligheter\\\/soldiagram-nord\\\/#breadcrumb\"},\"inLanguage\":\"nb-NO\",\"potentialAction\":[{\"@type\":\"ReadAction\",\"target\":[\"https:\\\/\\\/jatunbakken.no\\\/leiligheter\\\/soldiagram-nord\\\/\"]}]},{\"@type\":\"BreadcrumbList\",\"@id\":\"https:\\\/\\\/jatunbakken.no\\\/leiligheter\\\/soldiagram-nord\\\/#breadcrumb\",\"itemListElement\":[{\"@type\":\"ListItem\",\"position\":1,\"name\":\"Hjem\",\"item\":\"https:\\\/\\\/jatunbakken.no\\\/leiligheter\\\/\"},{\"@type\":\"ListItem\",\"position\":2,\"name\":\"Soldiagram nord\"}]},{\"@type\":\"WebSite\",\"@id\":\"https:\\\/\\\/jatunbakken.no\\\/leiligheter\\\/#website\",\"url\":\"https:\\\/\\\/jatunbakken.no\\\/leiligheter\\\/\",\"name\":\"J\u00e5tunbakken\",\"description\":\"Leiligheter p\u00e5 J\u00e5tt\u00e5\",\"publisher\":{\"@id\":\"https:\\\/\\\/jatunbakken.no\\\/leiligheter\\\/#organization\"},\"potentialAction\":[{\"@type\":\"SearchAction\",\"target\":{\"@type\":\"EntryPoint\",\"urlTemplate\":\"https:\\\/\\\/jatunbakken.no\\\/leiligheter\\\/?s={search_term_string}\"},\"query-input\":{\"@type\":\"PropertyValueSpecification\",\"valueRequired\":true,\"valueName\":\"search_term_string\"}}],\"inLanguage\":\"nb-NO\"},{\"@type\":\"Organization\",\"@id\":\"https:\\\/\\\/jatunbakken.no\\\/leiligheter\\\/#organization\",\"name\":\"J\u00e5tunbakken\",\"url\":\"https:\\\/\\\/jatunbakken.no\\\/leiligheter\\\/\",\"logo\":{\"@type\":\"ImageObject\",\"inLanguage\":\"nb-NO\",\"@id\":\"https:\\\/\\\/jatunbakken.no\\\/leiligheter\\\/#\\\/schema\\\/logo\\\/image\\\/\",\"url\":\"https:\\\/\\\/jatunbakken.no\\\/leiligheter\\\/wp-content\\\/uploads\\\/2024\\\/02\\\/logo-white.svg\",\"contentUrl\":\"https:\\\/\\\/jatunbakken.no\\\/leiligheter\\\/wp-content\\\/uploads\\\/2024\\\/02\\\/logo-white.svg\",\"width\":1467,\"height\":837,\"caption\":\"J\u00e5tunbakken\"},\"image\":{\"@id\":\"https:\\\/\\\/jatunbakken.no\\\/leiligheter\\\/#\\\/schema\\\/logo\\\/image\\\/\"}}]}<\/script>\n<!-- \/ Yoast SEO plugin. -->","yoast_head_json":{"title":"Soldiagram nord - J\u00e5tunbakken","robots":{"index":"index","follow":"follow","max-snippet":"max-snippet:-1","max-image-preview":"max-image-preview:large","max-video-preview":"max-video-preview:-1"},"canonical":"https:\/\/jatunbakken.no\/leiligheter\/soldiagram-nord\/","og_locale":"nb_NO","og_type":"article","og_title":"Soldiagram nord - J\u00e5tunbakken","og_description":"Soldiagram nord","og_url":"https:\/\/jatunbakken.no\/leiligheter\/soldiagram-nord\/","og_site_name":"J\u00e5tunbakken","article_modified_time":"2025-02-25T11:57:06+00:00","twitter_card":"summary_large_image","twitter_misc":{"Ansl. lesetid":"1 minutt"},"schema":{"@context":"https:\/\/schema.org","@graph":[{"@type":"WebPage","@id":"https:\/\/jatunbakken.no\/leiligheter\/soldiagram-nord\/","url":"https:\/\/jatunbakken.no\/leiligheter\/soldiagram-nord\/","name":"Soldiagram nord - J\u00e5tunbakken","isPartOf":{"@id":"https:\/\/jatunbakken.no\/leiligheter\/#website"},"datePublished":"2025-02-10T13:00:25+00:00","dateModified":"2025-02-25T11:57:06+00:00","breadcrumb":{"@id":"https:\/\/jatunbakken.no\/leiligheter\/soldiagram-nord\/#breadcrumb"},"inLanguage":"nb-NO","potentialAction":[{"@type":"ReadAction","target":["https:\/\/jatunbakken.no\/leiligheter\/soldiagram-nord\/"]}]},{"@type":"BreadcrumbList","@id":"https:\/\/jatunbakken.no\/leiligheter\/soldiagram-nord\/#breadcrumb","itemListElement":[{"@type":"ListItem","position":1,"name":"Hjem","item":"https:\/\/jatunbakken.no\/leiligheter\/"},{"@type":"ListItem","position":2,"name":"Soldiagram nord"}]},{"@type":"WebSite","@id":"https:\/\/jatunbakken.no\/leiligheter\/#website","url":"https:\/\/jatunbakken.no\/leiligheter\/","name":"J\u00e5tunbakken","description":"Leiligheter p\u00e5 J\u00e5tt\u00e5","publisher":{"@id":"https:\/\/jatunbakken.no\/leiligheter\/#organization"},"potentialAction":[{"@type":"SearchAction","target":{"@type":"EntryPoint","urlTemplate":"https:\/\/jatunbakken.no\/leiligheter\/?s={search_term_string}"},"query-input":{"@type":"PropertyValueSpecification","valueRequired":true,"valueName":"search_term_string"}}],"inLanguage":"nb-NO"},{"@type":"Organization","@id":"https:\/\/jatunbakken.no\/leiligheter\/#organization","name":"J\u00e5tunbakken","url":"https:\/\/jatunbakken.no\/leiligheter\/","logo":{"@type":"ImageObject","inLanguage":"nb-NO","@id":"https:\/\/jatunbakken.no\/leiligheter\/#\/schema\/logo\/image\/","url":"https:\/\/jatunbakken.no\/leiligheter\/wp-content\/uploads\/2024\/02\/logo-white.svg","contentUrl":"https:\/\/jatunbakken.no\/leiligheter\/wp-content\/uploads\/2024\/02\/logo-white.svg","width":1467,"height":837,"caption":"J\u00e5tunbakken"},"image":{"@id":"https:\/\/jatunbakken.no\/leiligheter\/#\/schema\/logo\/image\/"}}]}},"_links":{"self":[{"href":"https:\/\/jatunbakken.no\/leiligheter\/wp-json\/wp\/v2\/pages\/6160","targetHints":{"allow":["GET"]}}],"collection":[{"href":"https:\/\/jatunbakken.no\/leiligheter\/wp-json\/wp\/v2\/pages"}],"about":[{"href":"https:\/\/jatunbakken.no\/leiligheter\/wp-json\/wp\/v2\/types\/page"}],"author":[{"embeddable":true,"href":"https:\/\/jatunbakken.no\/leiligheter\/wp-json\/wp\/v2\/users\/6"}],"replies":[{"embeddable":true,"href":"https:\/\/jatunbakken.no\/leiligheter\/wp-json\/wp\/v2\/comments?post=6160"}],"version-history":[{"count":4,"href":"https:\/\/jatunbakken.no\/leiligheter\/wp-json\/wp\/v2\/pages\/6160\/revisions"}],"predecessor-version":[{"id":6176,"href":"https:\/\/jatunbakken.no\/leiligheter\/wp-json\/wp\/v2\/pages\/6160\/revisions\/6176"}],"wp:attachment":[{"href":"https:\/\/jatunbakken.no\/leiligheter\/wp-json\/wp\/v2\/media?parent=6160"}],"curies":[{"name":"wp","href":"https:\/\/api.w.org\/{rel}","templated":true}]}}