{"id":1874,"date":"2021-09-03T13:27:47","date_gmt":"2021-09-03T11:27:47","guid":{"rendered":"https:\/\/ensigndev.no\/jatunbakken\/?page_id=6"},"modified":"2026-04-24T13:26:57","modified_gmt":"2026-04-24T11:26:57","slug":"hjem","status":"publish","type":"page","link":"https:\/\/jatunbakken.no\/rekkehus\/","title":{"rendered":"Hjem"},"content":{"rendered":"\n<div class=\"wp-block-cover alignfull is-light has-custom-content-position is-position-top-center video-cover-mobile wp-duotone-unset-1\" style=\"min-height:90vh;aspect-ratio:unset;\"><video class=\"wp-block-cover__video-background intrinsic-ignore\" autoplay muted loop playsinline src=\"https:\/\/jatunbakken.no\/rekkehus\/wp-content\/uploads\/2026\/04\/Rekkehus_Headervideo_V6.mp4\" data-object-fit=\"cover\"><\/video><span aria-hidden=\"true\" class=\"wp-block-cover__background has-background-dim-0 has-background-dim has-background-gradient\" style=\"background:linear-gradient(180deg,rgb(0,0,0) 8%,rgba(0,0,0,0) 100%)\"><\/span><div class=\"wp-block-cover__inner-container is-layout-constrained wp-block-cover-is-layout-constrained\">\n<p class=\"has-text-align-center has-large-font-size\"><\/p>\n<\/div><\/div>\n\n\n\n<div class=\"wp-block-group alignfull has-background\" style=\"background-color:#ebe2d4\"><div class=\"wp-block-group__inner-container is-layout-flow wp-block-group-is-layout-flow\">\n<div class=\"wp-block-group pad-up pad-down container\"><div class=\"wp-block-group__inner-container is-layout-flow wp-block-group-is-layout-flow\">\n<h1 class=\"wp-block-heading has-text-align-center\" style=\"font-size:2.5rem\"><strong>Byggingen er godt i gang \u2013 kun et rekkehus ledig! Innflytting 2026\/27.<\/strong><\/h1>\n\n\n\n<div style=\"height:23px\" aria-hidden=\"true\" class=\"wp-block-spacer\"><\/div>\n\n\n\n<div class=\"wp-block-buttons is-content-justification-center is-layout-flex wp-container-core-buttons-is-layout-16018d1d wp-block-buttons-is-layout-flex\">\n<div class=\"wp-block-button is-style-main-cta\"><a class=\"wp-block-button__link wp-element-button\" href=\"\/rekkehus\/velg-bolig\">Finn ditt nye hjem her \u2013 se ledige boliger her<\/a><\/div>\n<\/div>\n\n\n\n<div style=\"height:100px\" aria-hidden=\"true\" class=\"wp-block-spacer\"><\/div>\n\n\n\n<h1 class=\"wp-block-heading has-text-align-center\" style=\"font-size:2.5rem\"><strong>Eneboliger i rekke og rekkehus med flotte, innholdsrike fellesarealer<\/strong><\/h1>\n\n\n\n<p class=\"has-text-align-center\" style=\"font-size:24px\">J\u00e5tunbakken oppf\u00f8res i det nye boligomr\u00e5det J\u00e5tun, som du finner i \u00e5ssiden over Hinna Park og J\u00e5tt\u00e5v\u00e5gen togstasjon. Her skal vi bygge et nabolag for alle generasjoner. Her kommer det 7 eneboliger i rekke fra 176 &#8211; 181 m<sup>2<\/sup> BRA-i, 8 rekkehus p\u00e5 120 m<sup>2<\/sup> BRA-i og 11 rekkehus p\u00e5 150 m<sup>2<\/sup> BRA-i. <\/p>\n\n\n\n<p class=\"has-text-align-center\"><br><strong>Mange gode valg og kvaliteter er allerede satt for prosjektet, som for eks.:<\/strong><\/p>\n\n\n\n<div class=\"wp-block-columns is-layout-flex wp-container-core-columns-is-layout-9d6595d7 wp-block-columns-is-layout-flex\">\n<div class=\"wp-block-column is-layout-flow wp-block-column-is-layout-flow\">\n<ul class=\"wp-block-list\">\n<li>Felleshus plassert i nydelig tun&nbsp;<\/li>\n\n\n\n<li>Uteplasser p\u00e5 begge sider av boligen&nbsp;<\/li>\n\n\n\n<li>Gode balkonger med gode solforhold&nbsp;<\/li>\n\n\n\n<li>Eget rom hvor en kan dele f.eks. verkt\u00f8y og sportsutstyr&nbsp;<\/li>\n\n\n\n<li>Gjestehybel\/fellesrom \u2013 om du f\u00e5r gjester p\u00e5 overnatting&nbsp;<\/li>\n\n\n\n<li>Balansert ventilasjon&nbsp;<\/li>\n\n\n\n<li>Sportsbod til hver bolig i garasjeanlegg<\/li>\n<\/ul>\n<\/div>\n\n\n\n<div class=\"wp-block-column is-layout-flow wp-block-column-is-layout-flow\">\n<ul class=\"wp-block-list\">\n<li>Kj\u00f8kken fra Sigdal, Modell Uno Palett. 15 farger \u00e5 velge mellom<\/li>\n\n\n\n<li>Hvit mattlasert 1-stavs eikeparkett&nbsp;<\/li>\n\n\n\n<li>60 x 60 fliser p\u00e5 baderom&nbsp;<\/li>\n\n\n\n<li>Sykkelparkering&nbsp;<\/li>\n\n\n\n<li>Nedgravde avfallskontainere&nbsp;<\/li>\n\n\n\n<li>Fast parkeringsplass i lukket anlegg inkludert i kj\u00f8pesum&nbsp;<\/li>\n\n\n\n<li>Tilrettelagt for elbillading&nbsp;<\/li>\n<\/ul>\n<\/div>\n<\/div>\n\n\n\n<div style=\"height:23px\" aria-hidden=\"true\" class=\"wp-block-spacer\"><\/div>\n\n\n\n<div class=\"wp-block-buttons is-content-justification-center is-layout-flex wp-container-core-buttons-is-layout-16018d1d wp-block-buttons-is-layout-flex\">\n<div class=\"wp-block-button is-style-main-cta\"><a class=\"wp-block-button__link wp-element-button\" href=\"mailto:jt@basebolig.no\" target=\"_blank\" rel=\"noreferrer noopener\">Ta kontakt for visning<\/a><\/div>\n<\/div>\n<\/div><\/div>\n<\/div><\/div>\n\n\n\n<section class=\"d-none d-sm-block\">\n <div class=\"full-height-bg\" style=\"background-image:url('https:\/\/jatunbakken.no\/rekkehus\/wp-content\/uploads\/2024\/03\/e049e_ensign_jatunbakken4_3rd_building_EXT02__web.jpg')\">\n  \n   \n\t\n <\/div>\n    <div class=\"bottom-content\">\n     <p class=\"threed-disclaimer\" style=\"text-align: center;\">3D-illustrasjonen kan vise elementer og materialer som ikke er en del av standardleveransen. Avvik kan forekomme i fasadeuttrykk og utearealer.<\/p>\n\t<\/div>\n\t<\/section>\n\n<section class=\"mobile d-block d-sm-none\">\n  <div class=\"row no-gutters\">\n    \n            \n\n            \n      <div class=\"col-sm-12\">\n        <img decoding=\"async\" class=\"img-fluid\" src=\"https:\/\/jatunbakken.no\/rekkehus\/wp-content\/uploads\/2024\/03\/e049e_ensign_jatunbakken4_3rd_building_EXT02__web.jpg\" alt=\"\">\n      <\/div>\n\n              <div class=\"col-sm-12 text-center\">\n          <div class=\"bottom-content\">\n            <p class=\"threed-disclaimer\" style=\"text-align: center;\">3D-illustrasjonen kan vise elementer og materialer som ikke er en del av standardleveransen. Avvik kan forekomme i fasadeuttrykk og utearealer.<\/p>\n          <\/div>\n        <\/div>\n      \n  <\/div>\n<\/section>\n\n\n<div class=\"wp-block-group alignfull pad-up pad-down has-background\" style=\"background-color:#d1c3ae\"><div class=\"wp-block-group__inner-container is-layout-flow wp-block-group-is-layout-flow\">\n<div class=\"wp-block-group container\"><div class=\"wp-block-group__inner-container is-layout-flow wp-block-group-is-layout-flow\">\n<h2 class=\"wp-block-heading has-text-align-center\" style=\"font-size:2.5rem\">Velkommen til et raust nabolag, fullt av muligheter<\/h2>\n\n\n\n<p class=\"has-text-align-center\"><strong>\u00c5 velge sted \u00e5 bo, handler om \u00e5 velge muligheter. Muligheter for deg og muligheter for dine kj\u00e6re. Muligheter i dag og muligheter i fremtiden.&nbsp;<\/strong><\/p>\n\n\n\n<p class=\"has-text-align-center\">Det starter den dagen du flytter inn i din nye, n\u00f8kkelferdige bolig der alt er slik du dr\u00f8mte om. Med muligheten til \u00e5 v\u00e6re sosial n\u00e5r du \u00f8nsker og alene n\u00e5r du beh\u00f8ver.&nbsp;Like utenfor d\u00f8ra er det alltid muligheter for \u00e5 oppleve tilh\u00f8righet. Som gjennom en naboprat i det frodige, bilfrie tunet, feiring av allslags dager i felleshuset, lyden av frydefulle unger i lek, en rusletur med nye naboer langs J\u00e5tuns gr\u00f8nne ring eller shopping i Stadionparken.&nbsp;<\/p>\n\n\n\n<div style=\"height:25px\" aria-hidden=\"true\" class=\"wp-block-spacer\"><\/div>\n\n\n\n<div class=\"wp-block-buttons is-content-justification-center is-layout-flex wp-container-core-buttons-is-layout-16018d1d wp-block-buttons-is-layout-flex\">\n<div class=\"wp-block-button is-style-main-cta\"><a class=\"wp-block-button__link wp-element-button\" href=\"https:\/\/jatunbakken.no\/rekkehus\/om-prosjektet-2\/\">Les mer om prosjektet<\/a><\/div>\n<\/div>\n<\/div><\/div>\n<\/div><\/div>\n\n\n\n<section class=\"d-none d-sm-block\">\n <div class=\"full-height-bg\" style=\"background-image:url('https:\/\/jatunbakken.no\/rekkehus\/wp-content\/uploads\/2024\/03\/2W9A6512-kopi-scaled.jpg')\">\n  \n   \n\t\n <\/div>\n <\/section>\n\n<section class=\"mobile d-block d-sm-none\">\n  <div class=\"row no-gutters\">\n    \n            \n\n            \n      <div class=\"col-sm-12\">\n        <img decoding=\"async\" class=\"img-fluid\" src=\"https:\/\/jatunbakken.no\/rekkehus\/wp-content\/uploads\/2024\/03\/2W9A6512-kopi-scaled.jpg\" alt=\"\">\n      <\/div>\n\n      \n  <\/div>\n<\/section>\n\n\n<div class=\"wp-block-group alignfull pad-up pad-down has-white-color has-text-color has-background has-link-color wp-elements-c3424f5582cb2d21253037cee8dc76f5\" style=\"background-color:#62877d\"><div class=\"wp-block-group__inner-container is-layout-flow wp-block-group-is-layout-flow\">\n<div class=\"wp-block-group container\"><div class=\"wp-block-group__inner-container is-layout-flow wp-block-group-is-layout-flow\">\n<h2 class=\"wp-block-heading has-text-align-center\" style=\"font-size:2.5rem\">Gled deg til \u00e5 flytte til J\u00e5tunbakken<\/h2>\n\n\n\n<p class=\"has-text-align-center\" style=\"font-size:24px\">Tenk \u00e5 bo her \u2013 tenk \u00e5 bli en del av dette nabolaget!<\/p>\n\n\n\n<p class=\"has-text-align-center\">Boligene plasseres rundt et stort, gr\u00f8nt og innholdsrikt tun med flere gode m\u00f8teplasser, blant annet et flott felleshus der beboerne kan m\u00f8tes til hverdags og fest. Prosjektet f\u00e5r ogs\u00e5 en egen gjesteleilighet som kan leies n\u00e5r overnattingsgjester melder sin ankomst. Ingen tvil, i J\u00e5tunbakken f\u00e5r du mer enn en god bolig med fire vegger og tak \u2013 du f\u00e5r ogs\u00e5 tilgang til gode fellesarealer og blir en del av et inkluderende nabolag der alt ligger til rette for trivsel for b\u00e5de liten og stor. Gled deg!&nbsp;<\/p>\n\n\n\n<div style=\"height:25px\" aria-hidden=\"true\" class=\"wp-block-spacer\"><\/div>\n\n\n\n<div class=\"wp-block-buttons is-content-justification-center is-layout-flex wp-container-core-buttons-is-layout-16018d1d wp-block-buttons-is-layout-flex\">\n<div class=\"wp-block-button is-style-alt-cta\"><a class=\"wp-block-button__link has-text-color has-background has-link-color wp-element-button\" href=\"https:\/\/jatunbakken.no\/rekkehus\/i-boligene\/\" style=\"color:#39675a;background-color:#d7e9c0\">Les mer om rekkehus her<\/a><\/div>\n<\/div>\n<\/div><\/div>\n<\/div><\/div>\n\n\n\n<section class=\"d-none d-sm-block\">\n <div class=\"full-height-bg\" style=\"background-image:url('https:\/\/jatunbakken.no\/rekkehus\/wp-content\/uploads\/2024\/03\/e49e_ensign_jatunbakken4_3rd_buidling_B3B4_LivingKitchen_final_web.jpg')\">\n  \n   \n\t\n <\/div>\n    <div class=\"bottom-content\">\n     <p class=\"threed-disclaimer\" style=\"text-align: center;\">Merk at illustrasjonen kan vise elementer og materialer som ikke er en del av standardleveransen. Avvik kan forekomme, ogs\u00e5 for utsiktsforhold.<\/p>\n\t<\/div>\n\t<\/section>\n\n<section class=\"mobile d-block d-sm-none\">\n  <div class=\"row no-gutters\">\n    \n            \n\n            \n      <div class=\"col-sm-12\">\n        <img decoding=\"async\" class=\"img-fluid\" src=\"https:\/\/jatunbakken.no\/rekkehus\/wp-content\/uploads\/2024\/03\/e49e_ensign_jatunbakken4_3rd_buidling_B3B4_LivingKitchen_final_web.jpg\" alt=\"\">\n      <\/div>\n\n              <div class=\"col-sm-12 text-center\">\n          <div class=\"bottom-content\">\n            <p class=\"threed-disclaimer\" style=\"text-align: center;\">Merk at illustrasjonen kan vise elementer og materialer som ikke er en del av standardleveransen. Avvik kan forekomme, ogs\u00e5 for utsiktsforhold.<\/p>\n          <\/div>\n        <\/div>\n      \n  <\/div>\n<\/section>\n\n\n<div class=\"wp-block-group alignfull pad-up pad-down has-white-color has-text-color has-background has-link-color wp-elements-f96a83af5496d1f6557c2571f081ceb0\" style=\"background-color:#5c403f\"><div class=\"wp-block-group__inner-container is-layout-flow wp-block-group-is-layout-flow\">\n<div class=\"wp-block-group container\"><div class=\"wp-block-group__inner-container is-layout-flow wp-block-group-is-layout-flow\">\n<h2 class=\"wp-block-heading has-text-align-center\" style=\"font-size:2.5rem\">Den gode f\u00f8lelsen av et nytt hjem<\/h2>\n\n\n\n<p class=\"has-text-align-center\" style=\"font-size:24px\">Glem alt av oppussing, maling og ting som m\u00e5 fikses f\u00f8r du kan trives. Bruk heller tiden p\u00e5 \u00e5 slappe av og nyte livet i ditt nye hjem i J\u00e5tunbakken. Vi har lagt opp til et solid og samstemt materialvalg, her kan du f\u00e5 det som du \u00f8nsker ved valg av farger og kvaliteter ut fra et bredt spekter.<\/p>\n\n\n\n<div style=\"height:25px\" aria-hidden=\"true\" class=\"wp-block-spacer\"><\/div>\n\n\n\n<div class=\"wp-block-buttons is-content-justification-center is-layout-flex wp-container-core-buttons-is-layout-16018d1d wp-block-buttons-is-layout-flex\">\n<div class=\"wp-block-button is-style-main-cta\"><a class=\"wp-block-button__link has-text-align-center wp-element-button\" href=\"https:\/\/jatunbakken.no\/rekkehus\/velg-bolig\/\">Boligvelger &amp; Pris<\/a><\/div>\n<\/div>\n<\/div><\/div>\n<\/div><\/div>\n\n\n\n<section class=\"d-none d-sm-block\">\n <div class=\"full-height-bg\" style=\"background-image:url('https:\/\/jatunbakken.no\/rekkehus\/wp-content\/uploads\/2024\/03\/e049e_ensign_jatunbakken4_3rd_building_EXT03__web.jpg')\">\n  \n   \n\t\n <\/div>\n    <div class=\"bottom-content\">\n     <p class=\"threed-disclaimer\" style=\"text-align: center;\">3D-illustrasjonen kan vise elementer og materialer som ikke er en del av standardleveransen. Avvik kan forekomme i fasadeuttrykk og uteomr\u00e5de, se egen utomhusplan.<\/p>\n\t<\/div>\n\t<\/section>\n\n<section class=\"mobile d-block d-sm-none\">\n  <div class=\"row no-gutters\">\n    \n            \n\n            \n      <div class=\"col-sm-12\">\n        <img decoding=\"async\" class=\"img-fluid\" src=\"https:\/\/jatunbakken.no\/rekkehus\/wp-content\/uploads\/2024\/03\/e049e_ensign_jatunbakken4_3rd_building_EXT03__web.jpg\" alt=\"\">\n      <\/div>\n\n              <div class=\"col-sm-12 text-center\">\n          <div class=\"bottom-content\">\n            <p class=\"threed-disclaimer\" style=\"text-align: center;\">3D-illustrasjonen kan vise elementer og materialer som ikke er en del av standardleveransen. Avvik kan forekomme i fasadeuttrykk og uteomr\u00e5de, se egen utomhusplan.<\/p>\n          <\/div>\n        <\/div>\n      \n  <\/div>\n<\/section>\n\n\n<div class=\"wp-block-group alignfull pad-up pad-down has-background\" style=\"background-color:#ebe2d4\"><div class=\"wp-block-group__inner-container is-layout-flow wp-block-group-is-layout-flow\">\n<div class=\"wp-block-group\"><div class=\"wp-block-group__inner-container is-layout-flow wp-block-group-is-layout-flow\">\n<div class=\"wp-block-group container\"><div class=\"wp-block-group__inner-container is-layout-flow wp-block-group-is-layout-flow\">\n<h2 class=\"wp-block-heading has-text-align-center\" style=\"font-size:2.5rem\">Her skal vi bygge fellesskap!<\/h2>\n\n\n\n<p class=\"has-text-align-center\" style=\"font-size:24px\">M\u00e5let med J\u00e5tun er \u00e5 bygge byens beste nabolag. Et sted der alle generasjoner finner en bolig som passer for dem og et n\u00e6romr\u00e5de med virkelig attraktive kvaliteter.<\/p>\n\n\n\n<div style=\"height:25px\" aria-hidden=\"true\" class=\"wp-block-spacer\"><\/div>\n\n\n\n<div class=\"wp-block-buttons is-content-justification-center is-layout-flex wp-container-core-buttons-is-layout-16018d1d wp-block-buttons-is-layout-flex\">\n<div class=\"wp-block-button is-style-main-cta\"><a class=\"wp-block-button__link wp-element-button\" href=\"https:\/\/jatunbakken.no\/rekkehus\/omradet-2\/\">Les mer om J\u00e5tun<\/a><\/div>\n<\/div>\n<\/div><\/div>\n<\/div><\/div>\n<\/div><\/div>\n\n\n\n<section class=\"d-none d-sm-block\">\n <div class=\"full-height-bg\" style=\"background-image:url('https:\/\/jatunbakken.no\/rekkehus\/wp-content\/uploads\/2024\/03\/2W9A7224-kopi-scaled.jpg')\">\n  \n   \n\t\n <\/div>\n <\/section>\n\n<section class=\"mobile d-block d-sm-none\">\n  <div class=\"row no-gutters\">\n    \n            \n\n            \n      <div class=\"col-sm-12\">\n        <img decoding=\"async\" class=\"img-fluid\" src=\"https:\/\/jatunbakken.no\/rekkehus\/wp-content\/uploads\/2024\/03\/2W9A7224-kopi-scaled.jpg\" alt=\"\">\n      <\/div>\n\n      \n  <\/div>\n<\/section>\n\n\n<div class=\"wp-block-group alignfull pad-up pad-down has-background\" style=\"background-color:#d1c3ae\"><div class=\"wp-block-group__inner-container is-layout-flow wp-block-group-is-layout-flow\">\n<div class=\"wp-block-group container\"><div class=\"wp-block-group__inner-container is-layout-flow wp-block-group-is-layout-flow\">\n<h2 class=\"wp-block-heading has-text-align-center\" style=\"font-size:2.5rem\">Mat, mote &amp; mye mer like nedi gata<\/h2>\n\n\n\n<p class=\"has-text-align-center\" style=\"font-size:24px\">Stadionparken er et godt n\u00e6rsenter for v\u00e5re mange gode naboer. Bare de siste \u00e5rene har det kommet spisesteder som Delikatessen by Foodfighters og Kanelsnurren, Europris-butikk, SATS, og ikke minst: bydelens egen sportsbar: Zip4020. Alt det nye gj\u00f8r Stadionparken komplett, for her er allerede Helg\u00f8 Meny og Rema 1000, klesforretninger som H\u00f8yer og Match, spisesteder, blomsterbutikk, optikker og fris\u00f8r \u2013 i tillegg til b\u00e5de apotek og vinmonopol. Alt akkurat s\u00e5 n\u00e6r J\u00e5tunbakken at en svipptur innom blir enkelt.<\/p>\n\n\n\n<div style=\"height:25px\" aria-hidden=\"true\" class=\"wp-block-spacer\"><\/div>\n\n\n\n<div class=\"wp-block-buttons is-content-justification-center is-layout-flex wp-container-core-buttons-is-layout-16018d1d wp-block-buttons-is-layout-flex\">\n<div class=\"wp-block-button is-style-main-cta\"><a class=\"wp-block-button__link has-primary-background-color has-background wp-element-button\" href=\"\/rekkehus\/omradet-2\/#lokale\">Les mer<\/a><\/div>\n<\/div>\n<\/div><\/div>\n<\/div><\/div>\n","protected":false},"excerpt":{"rendered":"<p>Byggingen er godt i gang \u2013 kun et rekkehus ledig! Innflytting 2026\/27. Eneboliger i rekke og rekkehus med flotte, innholdsrike fellesarealer J\u00e5tunbakken oppf\u00f8res i det nye boligomr\u00e5det J\u00e5tun, som du finner i \u00e5ssiden over Hinna Park og J\u00e5tt\u00e5v\u00e5gen togstasjon. Her skal vi bygge et nabolag for alle generasjoner. Her kommer det 7 eneboliger i rekke [&hellip;]<\/p>\n","protected":false},"author":1,"featured_media":0,"parent":0,"menu_order":0,"comment_status":"closed","ping_status":"closed","template":"front-page.php","meta":{"_eb_attr":"","footnotes":""},"class_list":["post-1874","page","type-page","status-publish","hentry"],"acf":[],"yoast_head":"<!-- This site is optimized with the Yoast SEO plugin v27.5 - https:\/\/yoast.com\/product\/yoast-seo-wordpress\/ -->\n<title>J\u00e5tunbakken \u2013\u00a0Rekkehus \u2013\u00a0Stavanger \u2013 jatunbakken.no<\/title>\n<meta name=\"description\" content=\"J\u00e5tunbakken byr p\u00e5 nye rekkehus i \u00e5ssiden over Hinna Park. Her bor du n\u00e6r Forus, J\u00e5tt\u00e5v\u00e5gen, Ullandhaug og Stavanger sentrum.\" \/>\n<meta name=\"robots\" content=\"index, follow, max-snippet:-1, max-image-preview:large, max-video-preview:-1\" \/>\n<link rel=\"canonical\" href=\"https:\/\/jatunbakken.no\/rekkehus\/\" \/>\n<meta property=\"og:locale\" content=\"nb_NO\" \/>\n<meta property=\"og:type\" content=\"article\" \/>\n<meta property=\"og:title\" content=\"J\u00e5tunbakken \u2013\u00a0Rekkehus \u2013\u00a0Stavanger \u2013 jatunbakken.no\" \/>\n<meta property=\"og:description\" content=\"J\u00e5tunbakken byr p\u00e5 nye rekkehus i \u00e5ssiden over Hinna Park. Her bor du n\u00e6r Forus, J\u00e5tt\u00e5v\u00e5gen, Ullandhaug og Stavanger sentrum.\" \/>\n<meta property=\"og:url\" content=\"https:\/\/jatunbakken.no\/rekkehus\/\" \/>\n<meta property=\"og:site_name\" content=\"J\u00e5tunbakken\" \/>\n<meta property=\"article:modified_time\" content=\"2026-04-24T11:26:57+00:00\" \/>\n<meta name=\"twitter:card\" content=\"summary_large_image\" \/>\n<meta name=\"twitter:label1\" content=\"Ansl. lesetid\" \/>\n\t<meta name=\"twitter:data1\" content=\"4 minutter\" \/>\n<script type=\"application\/ld+json\" class=\"yoast-schema-graph\">{\"@context\":\"https:\\\/\\\/schema.org\",\"@graph\":[{\"@type\":\"WebPage\",\"@id\":\"https:\\\/\\\/jatunbakken.no\\\/rekkehus\\\/\",\"url\":\"https:\\\/\\\/jatunbakken.no\\\/rekkehus\\\/\",\"name\":\"J\u00e5tunbakken \u2013\u00a0Rekkehus \u2013\u00a0Stavanger \u2013 jatunbakken.no\",\"isPartOf\":{\"@id\":\"https:\\\/\\\/jatunbakken.no\\\/rekkehus\\\/#website\"},\"datePublished\":\"2021-09-03T11:27:47+00:00\",\"dateModified\":\"2026-04-24T11:26:57+00:00\",\"description\":\"J\u00e5tunbakken byr p\u00e5 nye rekkehus i \u00e5ssiden over Hinna Park. Her bor du n\u00e6r Forus, J\u00e5tt\u00e5v\u00e5gen, Ullandhaug og Stavanger sentrum.\",\"breadcrumb\":{\"@id\":\"https:\\\/\\\/jatunbakken.no\\\/rekkehus\\\/#breadcrumb\"},\"inLanguage\":\"nb-NO\",\"potentialAction\":[{\"@type\":\"ReadAction\",\"target\":[\"https:\\\/\\\/jatunbakken.no\\\/rekkehus\\\/\"]}]},{\"@type\":\"BreadcrumbList\",\"@id\":\"https:\\\/\\\/jatunbakken.no\\\/rekkehus\\\/#breadcrumb\",\"itemListElement\":[{\"@type\":\"ListItem\",\"position\":1,\"name\":\"Hjem\",\"item\":\"https:\\\/\\\/jatunbakken.no\\\/rekkehus\\\/\"},{\"@type\":\"ListItem\",\"position\":2,\"name\":\"Hjem\"}]},{\"@type\":\"WebSite\",\"@id\":\"https:\\\/\\\/jatunbakken.no\\\/rekkehus\\\/#website\",\"url\":\"https:\\\/\\\/jatunbakken.no\\\/rekkehus\\\/\",\"name\":\"J\u00e5tunbakken\",\"description\":\"Rekkehus p\u00e5 J\u00e5tt\u00e5\",\"publisher\":{\"@id\":\"https:\\\/\\\/jatunbakken.no\\\/rekkehus\\\/#organization\"},\"potentialAction\":[{\"@type\":\"SearchAction\",\"target\":{\"@type\":\"EntryPoint\",\"urlTemplate\":\"https:\\\/\\\/jatunbakken.no\\\/rekkehus\\\/?s={search_term_string}\"},\"query-input\":{\"@type\":\"PropertyValueSpecification\",\"valueRequired\":true,\"valueName\":\"search_term_string\"}}],\"inLanguage\":\"nb-NO\"},{\"@type\":\"Organization\",\"@id\":\"https:\\\/\\\/jatunbakken.no\\\/rekkehus\\\/#organization\",\"name\":\"J\u00e5tunbakken\",\"url\":\"https:\\\/\\\/jatunbakken.no\\\/rekkehus\\\/\",\"logo\":{\"@type\":\"ImageObject\",\"inLanguage\":\"nb-NO\",\"@id\":\"https:\\\/\\\/jatunbakken.no\\\/rekkehus\\\/#\\\/schema\\\/logo\\\/image\\\/\",\"url\":\"https:\\\/\\\/jatunbakken.no\\\/rekkehus\\\/wp-content\\\/uploads\\\/2024\\\/02\\\/logo-white.svg\",\"contentUrl\":\"https:\\\/\\\/jatunbakken.no\\\/rekkehus\\\/wp-content\\\/uploads\\\/2024\\\/02\\\/logo-white.svg\",\"width\":1467,\"height\":837,\"caption\":\"J\u00e5tunbakken\"},\"image\":{\"@id\":\"https:\\\/\\\/jatunbakken.no\\\/rekkehus\\\/#\\\/schema\\\/logo\\\/image\\\/\"}}]}<\/script>\n<!-- \/ Yoast SEO plugin. -->","yoast_head_json":{"title":"J\u00e5tunbakken \u2013\u00a0Rekkehus \u2013\u00a0Stavanger \u2013 jatunbakken.no","description":"J\u00e5tunbakken byr p\u00e5 nye rekkehus i \u00e5ssiden over Hinna Park. Her bor du n\u00e6r Forus, J\u00e5tt\u00e5v\u00e5gen, Ullandhaug og Stavanger sentrum.","robots":{"index":"index","follow":"follow","max-snippet":"max-snippet:-1","max-image-preview":"max-image-preview:large","max-video-preview":"max-video-preview:-1"},"canonical":"https:\/\/jatunbakken.no\/rekkehus\/","og_locale":"nb_NO","og_type":"article","og_title":"J\u00e5tunbakken \u2013\u00a0Rekkehus \u2013\u00a0Stavanger \u2013 jatunbakken.no","og_description":"J\u00e5tunbakken byr p\u00e5 nye rekkehus i \u00e5ssiden over Hinna Park. Her bor du n\u00e6r Forus, J\u00e5tt\u00e5v\u00e5gen, Ullandhaug og Stavanger sentrum.","og_url":"https:\/\/jatunbakken.no\/rekkehus\/","og_site_name":"J\u00e5tunbakken","article_modified_time":"2026-04-24T11:26:57+00:00","twitter_card":"summary_large_image","twitter_misc":{"Ansl. lesetid":"4 minutter"},"schema":{"@context":"https:\/\/schema.org","@graph":[{"@type":"WebPage","@id":"https:\/\/jatunbakken.no\/rekkehus\/","url":"https:\/\/jatunbakken.no\/rekkehus\/","name":"J\u00e5tunbakken \u2013\u00a0Rekkehus \u2013\u00a0Stavanger \u2013 jatunbakken.no","isPartOf":{"@id":"https:\/\/jatunbakken.no\/rekkehus\/#website"},"datePublished":"2021-09-03T11:27:47+00:00","dateModified":"2026-04-24T11:26:57+00:00","description":"J\u00e5tunbakken byr p\u00e5 nye rekkehus i \u00e5ssiden over Hinna Park. Her bor du n\u00e6r Forus, J\u00e5tt\u00e5v\u00e5gen, Ullandhaug og Stavanger sentrum.","breadcrumb":{"@id":"https:\/\/jatunbakken.no\/rekkehus\/#breadcrumb"},"inLanguage":"nb-NO","potentialAction":[{"@type":"ReadAction","target":["https:\/\/jatunbakken.no\/rekkehus\/"]}]},{"@type":"BreadcrumbList","@id":"https:\/\/jatunbakken.no\/rekkehus\/#breadcrumb","itemListElement":[{"@type":"ListItem","position":1,"name":"Hjem","item":"https:\/\/jatunbakken.no\/rekkehus\/"},{"@type":"ListItem","position":2,"name":"Hjem"}]},{"@type":"WebSite","@id":"https:\/\/jatunbakken.no\/rekkehus\/#website","url":"https:\/\/jatunbakken.no\/rekkehus\/","name":"J\u00e5tunbakken","description":"Rekkehus p\u00e5 J\u00e5tt\u00e5","publisher":{"@id":"https:\/\/jatunbakken.no\/rekkehus\/#organization"},"potentialAction":[{"@type":"SearchAction","target":{"@type":"EntryPoint","urlTemplate":"https:\/\/jatunbakken.no\/rekkehus\/?s={search_term_string}"},"query-input":{"@type":"PropertyValueSpecification","valueRequired":true,"valueName":"search_term_string"}}],"inLanguage":"nb-NO"},{"@type":"Organization","@id":"https:\/\/jatunbakken.no\/rekkehus\/#organization","name":"J\u00e5tunbakken","url":"https:\/\/jatunbakken.no\/rekkehus\/","logo":{"@type":"ImageObject","inLanguage":"nb-NO","@id":"https:\/\/jatunbakken.no\/rekkehus\/#\/schema\/logo\/image\/","url":"https:\/\/jatunbakken.no\/rekkehus\/wp-content\/uploads\/2024\/02\/logo-white.svg","contentUrl":"https:\/\/jatunbakken.no\/rekkehus\/wp-content\/uploads\/2024\/02\/logo-white.svg","width":1467,"height":837,"caption":"J\u00e5tunbakken"},"image":{"@id":"https:\/\/jatunbakken.no\/rekkehus\/#\/schema\/logo\/image\/"}}]}},"_links":{"self":[{"href":"https:\/\/jatunbakken.no\/rekkehus\/wp-json\/wp\/v2\/pages\/1874","targetHints":{"allow":["GET"]}}],"collection":[{"href":"https:\/\/jatunbakken.no\/rekkehus\/wp-json\/wp\/v2\/pages"}],"about":[{"href":"https:\/\/jatunbakken.no\/rekkehus\/wp-json\/wp\/v2\/types\/page"}],"author":[{"embeddable":true,"href":"https:\/\/jatunbakken.no\/rekkehus\/wp-json\/wp\/v2\/users\/1"}],"replies":[{"embeddable":true,"href":"https:\/\/jatunbakken.no\/rekkehus\/wp-json\/wp\/v2\/comments?post=1874"}],"version-history":[{"count":601,"href":"https:\/\/jatunbakken.no\/rekkehus\/wp-json\/wp\/v2\/pages\/1874\/revisions"}],"predecessor-version":[{"id":6235,"href":"https:\/\/jatunbakken.no\/rekkehus\/wp-json\/wp\/v2\/pages\/1874\/revisions\/6235"}],"wp:attachment":[{"href":"https:\/\/jatunbakken.no\/rekkehus\/wp-json\/wp\/v2\/media?parent=1874"}],"curies":[{"name":"wp","href":"https:\/\/api.w.org\/{rel}","templated":true}]}}