{"id":28,"date":"2021-09-07T08:58:48","date_gmt":"2021-09-07T06:58:48","guid":{"rendered":"https:\/\/ensigndev.no\/jatunbakken\/?page_id=28"},"modified":"2024-03-15T10:36:25","modified_gmt":"2024-03-15T09:36:25","slug":"galleri","status":"publish","type":"page","link":"https:\/\/jatunbakken.no\/rekkehus\/galleri\/","title":{"rendered":"Galleri"},"content":{"rendered":"\n<div class=\"wp-block-group bilde-galleri caption-has-transparent-bg\"><div class=\"wp-block-group__inner-container is-layout-constrained wp-block-group-is-layout-constrained\">\n\n\t\n\t<section class=\"pad-down\">\n\t\t<div class=\"row no-gutters align-items-end\">\n\t\t\t\n\t\t\t<div class=\"col-sm-4\">\n\t\t\t\t<div class=\"executive-summary-left\">\t\n\t\t\t\t<div class=\"d-none d-sm-block\">\n\t\t\t\t<p class=\"number\">1<\/p>\n\t\t\t\t<\/div>\t\n\t\t\t\t<p class=\"m-text-center\">3D-illustrasjon, bygg B1 og B2<\/p>\n\t\t\t\t<\/div>\n\t\t\t<\/div>\n\t\n\t\t\t<div class=\"col-sm-8\">\n\t\t\t  <img decoding=\"async\" src=\"https:\/\/jatunbakken.no\/rekkehus\/wp-content\/uploads\/2024\/03\/e049e_ensign_jatunbakken4_3rd_building_EXT01__web.jpg\" class=\"img-fluid\" alt=\"\">\n\t\t\t  \t\t\t  <div class=\"bottom-content\">\n\t\t\t\t\t<p class=\"threed-disclaimer mt-2 m-text-center\">\n\t\t\t\t\t\t3D-illustrasjonen kan vise elementer og materialer som ikke er en del av standardleveransen. Avvik kan forekomme i fasadeuttrykk og uteomr\u00e5de, se egen utomhusplan.\t\t\t\t\t<\/p>\n\t\t\t\t<\/div> \n\t\t\t  \t\n\t\t\t<\/div>\n\t\n\t\t<\/div>\n\t<\/section>\n\n   \n\t<section class=\"pad-down\">\n\t\t<div class=\"row no-gutters align-items-end\">\n\t\t\t\n\t\t\t<div class=\"col-sm-4\">\n\t\t\t\t<div class=\"executive-summary-left\">\t\n\t\t\t\t<div class=\"d-none d-sm-block\">\n\t\t\t\t<p class=\"number\">2<\/p>\n\t\t\t\t<\/div>\t\n\t\t\t\t<p class=\"m-text-center\">3D-illustrasjon, bygg B1 og B2<\/p>\n\t\t\t\t<\/div>\n\t\t\t<\/div>\n\t\n\t\t\t<div class=\"col-sm-8\">\n\t\t\t  <img decoding=\"async\" src=\"https:\/\/jatunbakken.no\/rekkehus\/wp-content\/uploads\/2024\/03\/e049e_ensign_jatunbakken4_3rd_building_EXT02__web.jpg\" class=\"img-fluid\" alt=\"\">\n\t\t\t  \t\t\t  <div class=\"bottom-content\">\n\t\t\t\t\t<p class=\"threed-disclaimer mt-2 m-text-center\">\n\t\t\t\t\t\t3D-illustrasjonen kan vise elementer og materialer som ikke er en del av standardleveransen. Avvik kan forekomme i fasadeuttrykk og uteomr\u00e5de, se egen utomhusplan.\t\t\t\t\t<\/p>\n\t\t\t\t<\/div> \n\t\t\t  \t\n\t\t\t<\/div>\n\t\n\t\t<\/div>\n\t<\/section>\n\n   \n\t<section class=\"pad-down\">\n\t\t<div class=\"row no-gutters align-items-end\">\n\t\t\t\n\t\t\t<div class=\"col-sm-4\">\n\t\t\t\t<div class=\"executive-summary-left\">\t\n\t\t\t\t<div class=\"d-none d-sm-block\">\n\t\t\t\t<p class=\"number\">3<\/p>\n\t\t\t\t<\/div>\t\n\t\t\t\t<p class=\"m-text-center\">3D-illustrasjon, bygg B1 og B2<\/p>\n\t\t\t\t<\/div>\n\t\t\t<\/div>\n\t\n\t\t\t<div class=\"col-sm-8\">\n\t\t\t  <img decoding=\"async\" src=\"https:\/\/jatunbakken.no\/rekkehus\/wp-content\/uploads\/2024\/03\/e049e_ensign_jatunbakken4_3rd_building_EXT03__web.jpg\" class=\"img-fluid\" alt=\"\">\n\t\t\t  \t\t\t  <div class=\"bottom-content\">\n\t\t\t\t\t<p class=\"threed-disclaimer mt-2 m-text-center\">\n\t\t\t\t\t\t3D-illustrasjonen kan vise elementer og materialer som ikke er en del av standardleveransen. Avvik kan forekomme i fasadeuttrykk og uteomr\u00e5de, se egen utomhusplan.\t\t\t\t\t<\/p>\n\t\t\t\t<\/div> \n\t\t\t  \t\n\t\t\t<\/div>\n\t\n\t\t<\/div>\n\t<\/section>\n\n   \n\t<section class=\"pad-down\">\n\t\t<div class=\"row no-gutters align-items-end\">\n\t\t\t\n\t\t\t<div class=\"col-sm-4\">\n\t\t\t\t<div class=\"executive-summary-left\">\t\n\t\t\t\t<div class=\"d-none d-sm-block\">\n\t\t\t\t<p class=\"number\">4<\/p>\n\t\t\t\t<\/div>\t\n\t\t\t\t<p class=\"m-text-center\">3D-illustrasjon, bygg B3 og B4<\/p>\n\t\t\t\t<\/div>\n\t\t\t<\/div>\n\t\n\t\t\t<div class=\"col-sm-8\">\n\t\t\t  <img decoding=\"async\" src=\"https:\/\/jatunbakken.no\/rekkehus\/wp-content\/uploads\/2024\/03\/e049e_ensign_jatunbakken4_3rd_building_EXT04__web.jpg\" class=\"img-fluid\" alt=\"\">\n\t\t\t  \t\t\t  <div class=\"bottom-content\">\n\t\t\t\t\t<p class=\"threed-disclaimer mt-2 m-text-center\">\n\t\t\t\t\t\t3D-illustrasjonen kan vise elementer og materialer som ikke er en del av standardleveransen. Avvik kan forekomme i fasadeuttrykk og uteomr\u00e5de, se egen utomhusplan.\t\t\t\t\t<\/p>\n\t\t\t\t<\/div> \n\t\t\t  \t\n\t\t\t<\/div>\n\t\n\t\t<\/div>\n\t<\/section>\n\n   \n\t<section class=\"pad-down\">\n\t\t<div class=\"row no-gutters align-items-end\">\n\t\t\t\n\t\t\t<div class=\"col-sm-4\">\n\t\t\t\t<div class=\"executive-summary-left\">\t\n\t\t\t\t<div class=\"d-none d-sm-block\">\n\t\t\t\t<p class=\"number\">5<\/p>\n\t\t\t\t<\/div>\t\n\t\t\t\t<p class=\"m-text-center\">3D-illustrasjon, bygg B5<\/p>\n\t\t\t\t<\/div>\n\t\t\t<\/div>\n\t\n\t\t\t<div class=\"col-sm-8\">\n\t\t\t  <img decoding=\"async\" src=\"https:\/\/jatunbakken.no\/rekkehus\/wp-content\/uploads\/2024\/03\/e049e_ensign_jatunbakken4_3rd_building_EXT05__web.jpg\" class=\"img-fluid\" alt=\"\">\n\t\t\t  \t\t\t  <div class=\"bottom-content\">\n\t\t\t\t\t<p class=\"threed-disclaimer mt-2 m-text-center\">\n\t\t\t\t\t\t3D-illustrasjonen kan vise elementer og materialer som ikke er en del av standardleveransen. Avvik kan forekomme i fasadeuttrykk og uteomr\u00e5de, se egen utomhusplan.\t\t\t\t\t<\/p>\n\t\t\t\t<\/div> \n\t\t\t  \t\n\t\t\t<\/div>\n\t\n\t\t<\/div>\n\t<\/section>\n\n   \n\t<section class=\"pad-down\">\n\t\t<div class=\"row no-gutters align-items-end\">\n\t\t\t\n\t\t\t<div class=\"col-sm-4\">\n\t\t\t\t<div class=\"executive-summary-left\">\t\n\t\t\t\t<div class=\"d-none d-sm-block\">\n\t\t\t\t<p class=\"number\">6<\/p>\n\t\t\t\t<\/div>\t\n\t\t\t\t<p class=\"m-text-center\">3D-illustrasjon, stue i bygg B3 og B4<\/p>\n\t\t\t\t<\/div>\n\t\t\t<\/div>\n\t\n\t\t\t<div class=\"col-sm-8\">\n\t\t\t  <img decoding=\"async\" src=\"https:\/\/jatunbakken.no\/rekkehus\/wp-content\/uploads\/2024\/03\/e049e_ensign_jatunbakken4_3rd_buidling_B3B4_Living_final_web.jpg\" class=\"img-fluid\" alt=\"\">\n\t\t\t  \t\t\t  <div class=\"bottom-content\">\n\t\t\t\t\t<p class=\"threed-disclaimer mt-2 m-text-center\">\n\t\t\t\t\t\t3D-illustrasjonen kan vise elementer og materialer som ikke er en del av standardleveransen. Avvik kan forekomme i fasadeuttrykk og uteomr\u00e5de, se egen utomhusplan.\t\t\t\t\t<\/p>\n\t\t\t\t<\/div> \n\t\t\t  \t\n\t\t\t<\/div>\n\t\n\t\t<\/div>\n\t<\/section>\n\n   \n\t<section class=\"pad-down\">\n\t\t<div class=\"row no-gutters align-items-end\">\n\t\t\t\n\t\t\t<div class=\"col-sm-4\">\n\t\t\t\t<div class=\"executive-summary-left\">\t\n\t\t\t\t<div class=\"d-none d-sm-block\">\n\t\t\t\t<p class=\"number\">7<\/p>\n\t\t\t\t<\/div>\t\n\t\t\t\t<p class=\"m-text-center\">3D-illustrasjon, stue og kj\u00f8kken i bygg B3 og B4<\/p>\n\t\t\t\t<\/div>\n\t\t\t<\/div>\n\t\n\t\t\t<div class=\"col-sm-8\">\n\t\t\t  <img decoding=\"async\" src=\"https:\/\/jatunbakken.no\/rekkehus\/wp-content\/uploads\/2024\/03\/e049e_ensign_jatunbakken4_3rd_building__B5_LivingKitchen_final_web.jpg\" class=\"img-fluid\" alt=\"\">\n\t\t\t  \t\t\t  <div class=\"bottom-content\">\n\t\t\t\t\t<p class=\"threed-disclaimer mt-2 m-text-center\">\n\t\t\t\t\t\t3D-illustrasjonen kan vise elementer og materialer som ikke er en del av standardleveransen. Avvik kan forekomme i fasadeuttrykk og uteomr\u00e5de, se egen utomhusplan.\t\t\t\t\t<\/p>\n\t\t\t\t<\/div> \n\t\t\t  \t\n\t\t\t<\/div>\n\t\n\t\t<\/div>\n\t<\/section>\n\n   \n\t<section class=\"pad-down\">\n\t\t<div class=\"row no-gutters align-items-end\">\n\t\t\t\n\t\t\t<div class=\"col-sm-4\">\n\t\t\t\t<div class=\"executive-summary-left\">\t\n\t\t\t\t<div class=\"d-none d-sm-block\">\n\t\t\t\t<p class=\"number\">8<\/p>\n\t\t\t\t<\/div>\t\n\t\t\t\t<p class=\"m-text-center\">3D-illustrasjon, stue i bygg B1 og B2<\/p>\n\t\t\t\t<\/div>\n\t\t\t<\/div>\n\t\n\t\t\t<div class=\"col-sm-8\">\n\t\t\t  <img decoding=\"async\" src=\"https:\/\/jatunbakken.no\/rekkehus\/wp-content\/uploads\/2024\/03\/e049e_ensign_jatunbakken4_3rd_building_B1B2_LivingKitchen__web.jpg\" class=\"img-fluid\" alt=\"\">\n\t\t\t  \t\t\t  <div class=\"bottom-content\">\n\t\t\t\t\t<p class=\"threed-disclaimer mt-2 m-text-center\">\n\t\t\t\t\t\t3D-illustrasjonen kan vise elementer og materialer som ikke er en del av standardleveransen. Avvik kan forekomme i fasadeuttrykk og uteomr\u00e5de, se egen utomhusplan.\t\t\t\t\t<\/p>\n\t\t\t\t<\/div> \n\t\t\t  \t\n\t\t\t<\/div>\n\t\n\t\t<\/div>\n\t<\/section>\n\n   \n\t<section class=\"pad-down\">\n\t\t<div class=\"row no-gutters align-items-end\">\n\t\t\t\n\t\t\t<div class=\"col-sm-4\">\n\t\t\t\t<div class=\"executive-summary-left\">\t\n\t\t\t\t<div class=\"d-none d-sm-block\">\n\t\t\t\t<p class=\"number\">9<\/p>\n\t\t\t\t<\/div>\t\n\t\t\t\t<p class=\"m-text-center\">3D-illustrasjon, soverom i bygg B3 og B4<\/p>\n\t\t\t\t<\/div>\n\t\t\t<\/div>\n\t\n\t\t\t<div class=\"col-sm-8\">\n\t\t\t  <img decoding=\"async\" src=\"https:\/\/jatunbakken.no\/rekkehus\/wp-content\/uploads\/2024\/03\/e049e_ensign_jatunbakken4_3rd_building_B3B4_Bedroom__web.jpg\" class=\"img-fluid\" alt=\"\">\n\t\t\t  \t\t\t  <div class=\"bottom-content\">\n\t\t\t\t\t<p class=\"threed-disclaimer mt-2 m-text-center\">\n\t\t\t\t\t\t3D-illustrasjonen kan vise elementer og materialer som ikke er en del av standardleveransen. Avvik kan forekomme i fasadeuttrykk og uteomr\u00e5de, se egen utomhusplan.\t\t\t\t\t<\/p>\n\t\t\t\t<\/div> \n\t\t\t  \t\n\t\t\t<\/div>\n\t\n\t\t<\/div>\n\t<\/section>\n\n   \n\t<section class=\"pad-down\">\n\t\t<div class=\"row no-gutters align-items-end\">\n\t\t\t\n\t\t\t<div class=\"col-sm-4\">\n\t\t\t\t<div class=\"executive-summary-left\">\t\n\t\t\t\t<div class=\"d-none d-sm-block\">\n\t\t\t\t<p class=\"number\">10<\/p>\n\t\t\t\t<\/div>\t\n\t\t\t\t<p class=\"m-text-center\">3D-illustrasjon, soverom i bygg B3 og B4<\/p>\n\t\t\t\t<\/div>\n\t\t\t<\/div>\n\t\n\t\t\t<div class=\"col-sm-8\">\n\t\t\t  <img decoding=\"async\" src=\"https:\/\/jatunbakken.no\/rekkehus\/wp-content\/uploads\/2024\/03\/e049e_ensign_jatunbakken4_3rd_building_B3B4_Soveroom-2__web.jpg\" class=\"img-fluid\" alt=\"\">\n\t\t\t  \t\t\t  <div class=\"bottom-content\">\n\t\t\t\t\t<p class=\"threed-disclaimer mt-2 m-text-center\">\n\t\t\t\t\t\t3D-illustrasjonen kan vise elementer og materialer som ikke er en del av standardleveransen. Avvik kan forekomme i fasadeuttrykk og uteomr\u00e5de, se egen utomhusplan.\t\t\t\t\t<\/p>\n\t\t\t\t<\/div> \n\t\t\t  \t\n\t\t\t<\/div>\n\t\n\t\t<\/div>\n\t<\/section>\n\n   \n\t<section class=\"pad-down\">\n\t\t<div class=\"row no-gutters align-items-end\">\n\t\t\t\n\t\t\t<div class=\"col-sm-4\">\n\t\t\t\t<div class=\"executive-summary-left\">\t\n\t\t\t\t<div class=\"d-none d-sm-block\">\n\t\t\t\t<p class=\"number\">11<\/p>\n\t\t\t\t<\/div>\t\n\t\t\t\t<p class=\"m-text-center\">3D-illustrasjon, stue i bygg B5<\/p>\n\t\t\t\t<\/div>\n\t\t\t<\/div>\n\t\n\t\t\t<div class=\"col-sm-8\">\n\t\t\t  <img decoding=\"async\" src=\"https:\/\/jatunbakken.no\/rekkehus\/wp-content\/uploads\/2024\/03\/e049e_ensign_jatunbakken4_3rd_building_B5_Living__web.jpg\" class=\"img-fluid\" alt=\"\">\n\t\t\t  \t\t\t  <div class=\"bottom-content\">\n\t\t\t\t\t<p class=\"threed-disclaimer mt-2 m-text-center\">\n\t\t\t\t\t\t3D-illustrasjonen kan vise elementer og materialer som ikke er en del av standardleveransen. Avvik kan forekomme i fasadeuttrykk og uteomr\u00e5de, se egen utomhusplan.\t\t\t\t\t<\/p>\n\t\t\t\t<\/div> \n\t\t\t  \t\n\t\t\t<\/div>\n\t\n\t\t<\/div>\n\t<\/section>\n\n   \n\t<section class=\"pad-down\">\n\t\t<div class=\"row no-gutters align-items-end\">\n\t\t\t\n\t\t\t<div class=\"col-sm-4\">\n\t\t\t\t<div class=\"executive-summary-left\">\t\n\t\t\t\t<div class=\"d-none d-sm-block\">\n\t\t\t\t<p class=\"number\">12<\/p>\n\t\t\t\t<\/div>\t\n\t\t\t\t<p class=\"m-text-center\">3D-illustrasjon, stue og kj\u00f8kken i bygg B3 og B4<\/p>\n\t\t\t\t<\/div>\n\t\t\t<\/div>\n\t\n\t\t\t<div class=\"col-sm-8\">\n\t\t\t  <img decoding=\"async\" src=\"https:\/\/jatunbakken.no\/rekkehus\/wp-content\/uploads\/2024\/03\/e49e_ensign_jatunbakken4_3rd_buidling_B3B4_LivingKitchen_final_web.jpg\" class=\"img-fluid\" alt=\"\">\n\t\t\t  \t\t\t  <div class=\"bottom-content\">\n\t\t\t\t\t<p class=\"threed-disclaimer mt-2 m-text-center\">\n\t\t\t\t\t\t3D-illustrasjonen kan vise elementer og materialer som ikke er en del av standardleveransen. Avvik kan forekomme i fasadeuttrykk og uteomr\u00e5de, se egen utomhusplan.\t\t\t\t\t<\/p>\n\t\t\t\t<\/div> \n\t\t\t  \t\n\t\t\t<\/div>\n\t\n\t\t<\/div>\n\t<\/section>\n\n   \n\t<section class=\"pad-down\">\n\t\t<div class=\"row no-gutters align-items-end\">\n\t\t\t\n\t\t\t<div class=\"col-sm-4\">\n\t\t\t\t<div class=\"executive-summary-left\">\t\n\t\t\t\t<div class=\"d-none d-sm-block\">\n\t\t\t\t<p class=\"number\">13<\/p>\n\t\t\t\t<\/div>\t\n\t\t\t\t<p class=\"m-text-center\">3D-illustrasjon, J\u00e5tunbakken<\/p>\n\t\t\t\t<\/div>\n\t\t\t<\/div>\n\t\n\t\t\t<div class=\"col-sm-8\">\n\t\t\t  <img decoding=\"async\" src=\"https:\/\/jatunbakken.no\/rekkehus\/wp-content\/uploads\/2024\/02\/Oversikt-Jatunbakken-1-scaled.jpg\" class=\"img-fluid\" alt=\"\">\n\t\t\t  \t\t\t  <div class=\"bottom-content\">\n\t\t\t\t\t<p class=\"threed-disclaimer mt-2 m-text-center\">\n\t\t\t\t\t\t3D-illustrasjonen kan vise elementer og materialer som ikke er en del av standardleveransen. Avvik kan forekomme i fasadeuttrykk og utearealer.\t\t\t\t\t<\/p>\n\t\t\t\t<\/div> \n\t\t\t  \t\n\t\t\t<\/div>\n\t\n\t\t<\/div>\n\t<\/section>\n\n   \n\n<\/div><\/div>\n","protected":false},"excerpt":{"rendered":"","protected":false},"author":1,"featured_media":0,"parent":0,"menu_order":0,"comment_status":"closed","ping_status":"closed","template":"page-galleri.php","meta":{"_eb_attr":"","footnotes":""},"class_list":["post-28","page","type-page","status-publish","hentry"],"acf":[],"yoast_head":"<!-- This site is optimized with the Yoast SEO plugin v27.5 - https:\/\/yoast.com\/product\/yoast-seo-wordpress\/ -->\n<title>Galleri - J\u00e5tunbakken<\/title>\n<meta name=\"robots\" content=\"index, follow, max-snippet:-1, max-image-preview:large, max-video-preview:-1\" \/>\n<link rel=\"canonical\" href=\"https:\/\/jatunbakken.no\/rekkehus\/galleri\/\" \/>\n<meta property=\"og:locale\" content=\"nb_NO\" \/>\n<meta property=\"og:type\" content=\"article\" \/>\n<meta property=\"og:title\" content=\"Galleri - J\u00e5tunbakken\" \/>\n<meta property=\"og:url\" content=\"https:\/\/jatunbakken.no\/rekkehus\/galleri\/\" \/>\n<meta property=\"og:site_name\" content=\"J\u00e5tunbakken\" \/>\n<meta property=\"article:modified_time\" content=\"2024-03-15T09:36:25+00:00\" \/>\n<meta name=\"twitter:card\" content=\"summary_large_image\" \/>\n<script type=\"application\/ld+json\" class=\"yoast-schema-graph\">{\"@context\":\"https:\\\/\\\/schema.org\",\"@graph\":[{\"@type\":\"WebPage\",\"@id\":\"https:\\\/\\\/jatunbakken.no\\\/rekkehus\\\/galleri\\\/\",\"url\":\"https:\\\/\\\/jatunbakken.no\\\/rekkehus\\\/galleri\\\/\",\"name\":\"Galleri - J\u00e5tunbakken\",\"isPartOf\":{\"@id\":\"https:\\\/\\\/jatunbakken.no\\\/rekkehus\\\/#website\"},\"datePublished\":\"2021-09-07T06:58:48+00:00\",\"dateModified\":\"2024-03-15T09:36:25+00:00\",\"breadcrumb\":{\"@id\":\"https:\\\/\\\/jatunbakken.no\\\/rekkehus\\\/galleri\\\/#breadcrumb\"},\"inLanguage\":\"nb-NO\",\"potentialAction\":[{\"@type\":\"ReadAction\",\"target\":[\"https:\\\/\\\/jatunbakken.no\\\/rekkehus\\\/galleri\\\/\"]}]},{\"@type\":\"BreadcrumbList\",\"@id\":\"https:\\\/\\\/jatunbakken.no\\\/rekkehus\\\/galleri\\\/#breadcrumb\",\"itemListElement\":[{\"@type\":\"ListItem\",\"position\":1,\"name\":\"Hjem\",\"item\":\"https:\\\/\\\/jatunbakken.no\\\/rekkehus\\\/\"},{\"@type\":\"ListItem\",\"position\":2,\"name\":\"Galleri\"}]},{\"@type\":\"WebSite\",\"@id\":\"https:\\\/\\\/jatunbakken.no\\\/rekkehus\\\/#website\",\"url\":\"https:\\\/\\\/jatunbakken.no\\\/rekkehus\\\/\",\"name\":\"J\u00e5tunbakken\",\"description\":\"Rekkehus p\u00e5 J\u00e5tt\u00e5\",\"publisher\":{\"@id\":\"https:\\\/\\\/jatunbakken.no\\\/rekkehus\\\/#organization\"},\"potentialAction\":[{\"@type\":\"SearchAction\",\"target\":{\"@type\":\"EntryPoint\",\"urlTemplate\":\"https:\\\/\\\/jatunbakken.no\\\/rekkehus\\\/?s={search_term_string}\"},\"query-input\":{\"@type\":\"PropertyValueSpecification\",\"valueRequired\":true,\"valueName\":\"search_term_string\"}}],\"inLanguage\":\"nb-NO\"},{\"@type\":\"Organization\",\"@id\":\"https:\\\/\\\/jatunbakken.no\\\/rekkehus\\\/#organization\",\"name\":\"J\u00e5tunbakken\",\"url\":\"https:\\\/\\\/jatunbakken.no\\\/rekkehus\\\/\",\"logo\":{\"@type\":\"ImageObject\",\"inLanguage\":\"nb-NO\",\"@id\":\"https:\\\/\\\/jatunbakken.no\\\/rekkehus\\\/#\\\/schema\\\/logo\\\/image\\\/\",\"url\":\"https:\\\/\\\/jatunbakken.no\\\/rekkehus\\\/wp-content\\\/uploads\\\/2024\\\/02\\\/logo-white.svg\",\"contentUrl\":\"https:\\\/\\\/jatunbakken.no\\\/rekkehus\\\/wp-content\\\/uploads\\\/2024\\\/02\\\/logo-white.svg\",\"width\":1467,\"height\":837,\"caption\":\"J\u00e5tunbakken\"},\"image\":{\"@id\":\"https:\\\/\\\/jatunbakken.no\\\/rekkehus\\\/#\\\/schema\\\/logo\\\/image\\\/\"}}]}<\/script>\n<!-- \/ Yoast SEO plugin. -->","yoast_head_json":{"title":"Galleri - J\u00e5tunbakken","robots":{"index":"index","follow":"follow","max-snippet":"max-snippet:-1","max-image-preview":"max-image-preview:large","max-video-preview":"max-video-preview:-1"},"canonical":"https:\/\/jatunbakken.no\/rekkehus\/galleri\/","og_locale":"nb_NO","og_type":"article","og_title":"Galleri - J\u00e5tunbakken","og_url":"https:\/\/jatunbakken.no\/rekkehus\/galleri\/","og_site_name":"J\u00e5tunbakken","article_modified_time":"2024-03-15T09:36:25+00:00","twitter_card":"summary_large_image","schema":{"@context":"https:\/\/schema.org","@graph":[{"@type":"WebPage","@id":"https:\/\/jatunbakken.no\/rekkehus\/galleri\/","url":"https:\/\/jatunbakken.no\/rekkehus\/galleri\/","name":"Galleri - J\u00e5tunbakken","isPartOf":{"@id":"https:\/\/jatunbakken.no\/rekkehus\/#website"},"datePublished":"2021-09-07T06:58:48+00:00","dateModified":"2024-03-15T09:36:25+00:00","breadcrumb":{"@id":"https:\/\/jatunbakken.no\/rekkehus\/galleri\/#breadcrumb"},"inLanguage":"nb-NO","potentialAction":[{"@type":"ReadAction","target":["https:\/\/jatunbakken.no\/rekkehus\/galleri\/"]}]},{"@type":"BreadcrumbList","@id":"https:\/\/jatunbakken.no\/rekkehus\/galleri\/#breadcrumb","itemListElement":[{"@type":"ListItem","position":1,"name":"Hjem","item":"https:\/\/jatunbakken.no\/rekkehus\/"},{"@type":"ListItem","position":2,"name":"Galleri"}]},{"@type":"WebSite","@id":"https:\/\/jatunbakken.no\/rekkehus\/#website","url":"https:\/\/jatunbakken.no\/rekkehus\/","name":"J\u00e5tunbakken","description":"Rekkehus p\u00e5 J\u00e5tt\u00e5","publisher":{"@id":"https:\/\/jatunbakken.no\/rekkehus\/#organization"},"potentialAction":[{"@type":"SearchAction","target":{"@type":"EntryPoint","urlTemplate":"https:\/\/jatunbakken.no\/rekkehus\/?s={search_term_string}"},"query-input":{"@type":"PropertyValueSpecification","valueRequired":true,"valueName":"search_term_string"}}],"inLanguage":"nb-NO"},{"@type":"Organization","@id":"https:\/\/jatunbakken.no\/rekkehus\/#organization","name":"J\u00e5tunbakken","url":"https:\/\/jatunbakken.no\/rekkehus\/","logo":{"@type":"ImageObject","inLanguage":"nb-NO","@id":"https:\/\/jatunbakken.no\/rekkehus\/#\/schema\/logo\/image\/","url":"https:\/\/jatunbakken.no\/rekkehus\/wp-content\/uploads\/2024\/02\/logo-white.svg","contentUrl":"https:\/\/jatunbakken.no\/rekkehus\/wp-content\/uploads\/2024\/02\/logo-white.svg","width":1467,"height":837,"caption":"J\u00e5tunbakken"},"image":{"@id":"https:\/\/jatunbakken.no\/rekkehus\/#\/schema\/logo\/image\/"}}]}},"_links":{"self":[{"href":"https:\/\/jatunbakken.no\/rekkehus\/wp-json\/wp\/v2\/pages\/28","targetHints":{"allow":["GET"]}}],"collection":[{"href":"https:\/\/jatunbakken.no\/rekkehus\/wp-json\/wp\/v2\/pages"}],"about":[{"href":"https:\/\/jatunbakken.no\/rekkehus\/wp-json\/wp\/v2\/types\/page"}],"author":[{"embeddable":true,"href":"https:\/\/jatunbakken.no\/rekkehus\/wp-json\/wp\/v2\/users\/1"}],"replies":[{"embeddable":true,"href":"https:\/\/jatunbakken.no\/rekkehus\/wp-json\/wp\/v2\/comments?post=28"}],"version-history":[{"count":49,"href":"https:\/\/jatunbakken.no\/rekkehus\/wp-json\/wp\/v2\/pages\/28\/revisions"}],"predecessor-version":[{"id":5665,"href":"https:\/\/jatunbakken.no\/rekkehus\/wp-json\/wp\/v2\/pages\/28\/revisions\/5665"}],"wp:attachment":[{"href":"https:\/\/jatunbakken.no\/rekkehus\/wp-json\/wp\/v2\/media?parent=28"}],"curies":[{"name":"wp","href":"https:\/\/api.w.org\/{rel}","templated":true}]}}