{"id":3481,"date":"2022-06-07T12:49:50","date_gmt":"2022-06-07T10:49:50","guid":{"rendered":"https:\/\/jatunbakken.no\/rekkehus\/?page_id=3481"},"modified":"2025-04-24T08:14:46","modified_gmt":"2025-04-24T06:14:46","slug":"meld-interesse-2","status":"publish","type":"page","link":"https:\/\/jatunbakken.no\/rekkehus\/meld-interesse-2\/","title":{"rendered":"Meld interesse"},"content":{"rendered":"\n<div class=\"wp-block-group container\"><div class=\"wp-block-group__inner-container is-layout-constrained wp-block-group-is-layout-constrained\">\n<div style=\"height:200px\" aria-hidden=\"true\" class=\"wp-block-spacer\"><\/div>\n\n\n\n<h2 class=\"wp-block-heading has-text-align-left\" style=\"font-size:2.5rem\"><font style=\"vertical-align: inherit;\"><font style=\"vertical-align: inherit;\">Meld din interesse<\/font><\/font><\/h2>\n\n\n\n<div class=\"wpcf7 no-js\" id=\"wpcf7-f2163-o1\" lang=\"nb-NO\" dir=\"ltr\" data-wpcf7-id=\"2163\">\n<div class=\"screen-reader-response\"><p role=\"status\" aria-live=\"polite\" aria-atomic=\"true\"><\/p> <ul><\/ul><\/div>\n<form action=\"\/rekkehus\/wp-json\/wp\/v2\/pages\/3481#wpcf7-f2163-o1\" method=\"post\" class=\"wpcf7-form init wpcf7-acceptance-as-validation\" aria-label=\"Kontaktskjema\" novalidate=\"novalidate\" data-status=\"init\">\n<fieldset class=\"hidden-fields-container\"><input type=\"hidden\" name=\"_wpcf7\" value=\"2163\" \/><input type=\"hidden\" name=\"_wpcf7_version\" value=\"6.1.5\" \/><input type=\"hidden\" name=\"_wpcf7_locale\" value=\"nb_NO\" \/><input type=\"hidden\" name=\"_wpcf7_unit_tag\" value=\"wpcf7-f2163-o1\" \/><input type=\"hidden\" name=\"_wpcf7_container_post\" value=\"0\" \/><input type=\"hidden\" name=\"_wpcf7_posted_data_hash\" value=\"\" \/><input type=\"hidden\" name=\"_wpcf7_recaptcha_response\" value=\"\" \/>\n<\/fieldset>\n<div id=\"contactForm\" class=\"form-wrapper\">\n\t<div class=\"container\">\n\t\t<div class=\"form-row\">\n\t\t\t<div class=\"form-group col-sm-12 col-lg-6 no-pad no-margin\">\n\t\t\t\t<p><label><br \/>\n<span class=\"wpcf7-form-control-wrap\" data-name=\"FirstName\"><input size=\"40\" maxlength=\"400\" class=\"wpcf7-form-control wpcf7-text wpcf7-validates-as-required\" aria-required=\"true\" aria-invalid=\"false\" placeholder=\"Fornavn\" value=\"\" type=\"text\" name=\"FirstName\" \/><\/span><\/label>\n\t\t\t\t<\/p>\n\t\t\t<\/div>\n\t\t\t<div class=\"form-group col-sm-12 col-lg-6 no-pad no-margin\">\n\t\t\t\t<p><label><br \/>\n<span class=\"wpcf7-form-control-wrap\" data-name=\"LastName\"><input size=\"40\" maxlength=\"400\" class=\"wpcf7-form-control wpcf7-text\" aria-invalid=\"false\" placeholder=\"Etternavn\" value=\"\" type=\"text\" name=\"LastName\" \/><\/span><\/label>\n\t\t\t\t<\/p>\n\t\t\t<\/div>\n\t\t\t<div class=\"form-group col-sm-12 col-lg-6 no-pad no-margin\">\n\t\t\t\t<p><label><br \/>\n<span class=\"wpcf7-form-control-wrap\" data-name=\"email\"><input size=\"40\" maxlength=\"400\" class=\"wpcf7-form-control wpcf7-email wpcf7-validates-as-required wpcf7-text wpcf7-validates-as-email\" aria-required=\"true\" aria-invalid=\"false\" placeholder=\"E-post\" value=\"\" type=\"email\" name=\"email\" \/><\/span> <\/label>\n\t\t\t\t<\/p>\n\t\t\t<\/div>\n\t\t\t<div class=\"form-group col-sm-12 col-lg-6 no-pad no-margin\">\n\t\t\t\t<p><label><br \/>\n<span class=\"wpcf7-form-control-wrap\" data-name=\"MobileNumber\"><input size=\"40\" maxlength=\"400\" class=\"wpcf7-form-control wpcf7-tel wpcf7-validates-as-required wpcf7-text wpcf7-validates-as-tel\" aria-required=\"true\" aria-invalid=\"false\" placeholder=\"Telefon\" value=\"\" type=\"tel\" name=\"MobileNumber\" \/><\/span> <\/label>\n\t\t\t\t<\/p>\n\t\t\t<\/div>\n\t\t<\/div>\n\t\t<div class=\"form-row\">\n\t\t\t<div class=\"form-group col-md-12\">\n\t\t\t\t<p class=\"terms\"> Jeg godkjenner \u00e5 bli kontaktet p\u00e5 f\u00f8lgende vis:\n\t\t\t\t<\/p>\n\t\t\t<\/div>\n\t\t\t<div class=\"form-group col-sm-12 mb-0\">\n\t\t\t\t<p class=\"mb-0\"><span class=\"wpcf7-form-control-wrap\" data-name=\"EpostNyhetsbrev\"><span class=\"wpcf7-form-control wpcf7-acceptance\"><span class=\"wpcf7-list-item\"><label><input type=\"checkbox\" name=\"EpostNyhetsbrev\" value=\"1\" aria-invalid=\"false\" \/><span class=\"wpcf7-list-item-label\">E-post\/Nyhetsbrev, Telefon og SMS<\/span><\/label><\/span><\/span><\/span>\n\t\t\t\t<\/p>\n\t\t\t<\/div>\n\t\t\t<div class=\"form-group col-md-12\">\n\t\t\t\t<p class=\"second-terms\"><br \/>\n<span class=\"wpcf7-form-control-wrap\" data-name=\"acceptance-428\"><span class=\"wpcf7-form-control wpcf7-acceptance\"><span class=\"wpcf7-list-item\"><label><input type=\"checkbox\" name=\"acceptance-428\" value=\"1\" aria-invalid=\"false\" \/><span class=\"wpcf7-list-item-label\">Jeg godkjenner at J\u00e5tunbakken AS lagrer min kontaktinformasjon og behandler denne som beskrevet i <a href=\"\/personvern\/\" target=\"_Blank\"> personvernerkl\u00e6ringen. <\/a><\/span><\/label><\/span><\/span><\/span>\n\t\t\t\t<\/p>\n\t\t\t<\/div>\n\t\t<\/div>\n\t\t<div class=\"form-row\">\n\t\t\t<div class=\"form-group col-md-12\">\n\t\t\t\t<p><input class=\"wpcf7-form-control wpcf7-submit has-spinner btn btn-submit\" type=\"submit\" value=\"REGISTRER DEG\" \/>\n\t\t\t\t<\/p>\n\t\t\t<\/div>\n\t\t<\/div>\n\t<\/div>\n<\/div><div class=\"wpcf7-response-output\" aria-hidden=\"true\"><\/div>\n<\/form>\n<\/div>\n\n<\/div><\/div>\n","protected":false},"excerpt":{"rendered":"<p>Meld din interesse<\/p>\n","protected":false},"author":1,"featured_media":0,"parent":0,"menu_order":0,"comment_status":"closed","ping_status":"closed","template":"","meta":{"_eb_attr":"","footnotes":""},"class_list":["post-3481","page","type-page","status-publish","hentry"],"acf":[],"yoast_head":"<!-- This site is optimized with the Yoast SEO plugin v27.5 - https:\/\/yoast.com\/product\/yoast-seo-wordpress\/ -->\n<title>Meld interesse - J\u00e5tunbakken<\/title>\n<meta name=\"robots\" content=\"index, follow, max-snippet:-1, max-image-preview:large, max-video-preview:-1\" \/>\n<link rel=\"canonical\" href=\"https:\/\/jatunbakken.no\/rekkehus\/meld-interesse-2\/\" \/>\n<meta property=\"og:locale\" content=\"nb_NO\" \/>\n<meta property=\"og:type\" content=\"article\" \/>\n<meta property=\"og:title\" content=\"Meld interesse - J\u00e5tunbakken\" \/>\n<meta property=\"og:description\" content=\"Meld din interesse\" \/>\n<meta property=\"og:url\" content=\"https:\/\/jatunbakken.no\/rekkehus\/meld-interesse-2\/\" \/>\n<meta property=\"og:site_name\" content=\"J\u00e5tunbakken\" \/>\n<meta property=\"article:modified_time\" content=\"2025-04-24T06:14:46+00:00\" \/>\n<meta name=\"twitter:card\" content=\"summary_large_image\" \/>\n<meta name=\"twitter:label1\" content=\"Ansl. lesetid\" \/>\n\t<meta name=\"twitter:data1\" content=\"1 minutt\" \/>\n<script type=\"application\/ld+json\" class=\"yoast-schema-graph\">{\"@context\":\"https:\\\/\\\/schema.org\",\"@graph\":[{\"@type\":\"WebPage\",\"@id\":\"https:\\\/\\\/jatunbakken.no\\\/rekkehus\\\/meld-interesse-2\\\/\",\"url\":\"https:\\\/\\\/jatunbakken.no\\\/rekkehus\\\/meld-interesse-2\\\/\",\"name\":\"Meld interesse - J\u00e5tunbakken\",\"isPartOf\":{\"@id\":\"https:\\\/\\\/jatunbakken.no\\\/rekkehus\\\/#website\"},\"datePublished\":\"2022-06-07T10:49:50+00:00\",\"dateModified\":\"2025-04-24T06:14:46+00:00\",\"breadcrumb\":{\"@id\":\"https:\\\/\\\/jatunbakken.no\\\/rekkehus\\\/meld-interesse-2\\\/#breadcrumb\"},\"inLanguage\":\"nb-NO\",\"potentialAction\":[{\"@type\":\"ReadAction\",\"target\":[\"https:\\\/\\\/jatunbakken.no\\\/rekkehus\\\/meld-interesse-2\\\/\"]}]},{\"@type\":\"BreadcrumbList\",\"@id\":\"https:\\\/\\\/jatunbakken.no\\\/rekkehus\\\/meld-interesse-2\\\/#breadcrumb\",\"itemListElement\":[{\"@type\":\"ListItem\",\"position\":1,\"name\":\"Hjem\",\"item\":\"https:\\\/\\\/jatunbakken.no\\\/rekkehus\\\/\"},{\"@type\":\"ListItem\",\"position\":2,\"name\":\"Meld interesse\"}]},{\"@type\":\"WebSite\",\"@id\":\"https:\\\/\\\/jatunbakken.no\\\/rekkehus\\\/#website\",\"url\":\"https:\\\/\\\/jatunbakken.no\\\/rekkehus\\\/\",\"name\":\"J\u00e5tunbakken\",\"description\":\"Rekkehus p\u00e5 J\u00e5tt\u00e5\",\"publisher\":{\"@id\":\"https:\\\/\\\/jatunbakken.no\\\/rekkehus\\\/#organization\"},\"potentialAction\":[{\"@type\":\"SearchAction\",\"target\":{\"@type\":\"EntryPoint\",\"urlTemplate\":\"https:\\\/\\\/jatunbakken.no\\\/rekkehus\\\/?s={search_term_string}\"},\"query-input\":{\"@type\":\"PropertyValueSpecification\",\"valueRequired\":true,\"valueName\":\"search_term_string\"}}],\"inLanguage\":\"nb-NO\"},{\"@type\":\"Organization\",\"@id\":\"https:\\\/\\\/jatunbakken.no\\\/rekkehus\\\/#organization\",\"name\":\"J\u00e5tunbakken\",\"url\":\"https:\\\/\\\/jatunbakken.no\\\/rekkehus\\\/\",\"logo\":{\"@type\":\"ImageObject\",\"inLanguage\":\"nb-NO\",\"@id\":\"https:\\\/\\\/jatunbakken.no\\\/rekkehus\\\/#\\\/schema\\\/logo\\\/image\\\/\",\"url\":\"https:\\\/\\\/jatunbakken.no\\\/rekkehus\\\/wp-content\\\/uploads\\\/2024\\\/02\\\/logo-white.svg\",\"contentUrl\":\"https:\\\/\\\/jatunbakken.no\\\/rekkehus\\\/wp-content\\\/uploads\\\/2024\\\/02\\\/logo-white.svg\",\"width\":1467,\"height\":837,\"caption\":\"J\u00e5tunbakken\"},\"image\":{\"@id\":\"https:\\\/\\\/jatunbakken.no\\\/rekkehus\\\/#\\\/schema\\\/logo\\\/image\\\/\"}}]}<\/script>\n<!-- \/ Yoast SEO plugin. -->","yoast_head_json":{"title":"Meld interesse - J\u00e5tunbakken","robots":{"index":"index","follow":"follow","max-snippet":"max-snippet:-1","max-image-preview":"max-image-preview:large","max-video-preview":"max-video-preview:-1"},"canonical":"https:\/\/jatunbakken.no\/rekkehus\/meld-interesse-2\/","og_locale":"nb_NO","og_type":"article","og_title":"Meld interesse - J\u00e5tunbakken","og_description":"Meld din interesse","og_url":"https:\/\/jatunbakken.no\/rekkehus\/meld-interesse-2\/","og_site_name":"J\u00e5tunbakken","article_modified_time":"2025-04-24T06:14:46+00:00","twitter_card":"summary_large_image","twitter_misc":{"Ansl. lesetid":"1 minutt"},"schema":{"@context":"https:\/\/schema.org","@graph":[{"@type":"WebPage","@id":"https:\/\/jatunbakken.no\/rekkehus\/meld-interesse-2\/","url":"https:\/\/jatunbakken.no\/rekkehus\/meld-interesse-2\/","name":"Meld interesse - J\u00e5tunbakken","isPartOf":{"@id":"https:\/\/jatunbakken.no\/rekkehus\/#website"},"datePublished":"2022-06-07T10:49:50+00:00","dateModified":"2025-04-24T06:14:46+00:00","breadcrumb":{"@id":"https:\/\/jatunbakken.no\/rekkehus\/meld-interesse-2\/#breadcrumb"},"inLanguage":"nb-NO","potentialAction":[{"@type":"ReadAction","target":["https:\/\/jatunbakken.no\/rekkehus\/meld-interesse-2\/"]}]},{"@type":"BreadcrumbList","@id":"https:\/\/jatunbakken.no\/rekkehus\/meld-interesse-2\/#breadcrumb","itemListElement":[{"@type":"ListItem","position":1,"name":"Hjem","item":"https:\/\/jatunbakken.no\/rekkehus\/"},{"@type":"ListItem","position":2,"name":"Meld interesse"}]},{"@type":"WebSite","@id":"https:\/\/jatunbakken.no\/rekkehus\/#website","url":"https:\/\/jatunbakken.no\/rekkehus\/","name":"J\u00e5tunbakken","description":"Rekkehus p\u00e5 J\u00e5tt\u00e5","publisher":{"@id":"https:\/\/jatunbakken.no\/rekkehus\/#organization"},"potentialAction":[{"@type":"SearchAction","target":{"@type":"EntryPoint","urlTemplate":"https:\/\/jatunbakken.no\/rekkehus\/?s={search_term_string}"},"query-input":{"@type":"PropertyValueSpecification","valueRequired":true,"valueName":"search_term_string"}}],"inLanguage":"nb-NO"},{"@type":"Organization","@id":"https:\/\/jatunbakken.no\/rekkehus\/#organization","name":"J\u00e5tunbakken","url":"https:\/\/jatunbakken.no\/rekkehus\/","logo":{"@type":"ImageObject","inLanguage":"nb-NO","@id":"https:\/\/jatunbakken.no\/rekkehus\/#\/schema\/logo\/image\/","url":"https:\/\/jatunbakken.no\/rekkehus\/wp-content\/uploads\/2024\/02\/logo-white.svg","contentUrl":"https:\/\/jatunbakken.no\/rekkehus\/wp-content\/uploads\/2024\/02\/logo-white.svg","width":1467,"height":837,"caption":"J\u00e5tunbakken"},"image":{"@id":"https:\/\/jatunbakken.no\/rekkehus\/#\/schema\/logo\/image\/"}}]}},"_links":{"self":[{"href":"https:\/\/jatunbakken.no\/rekkehus\/wp-json\/wp\/v2\/pages\/3481","targetHints":{"allow":["GET"]}}],"collection":[{"href":"https:\/\/jatunbakken.no\/rekkehus\/wp-json\/wp\/v2\/pages"}],"about":[{"href":"https:\/\/jatunbakken.no\/rekkehus\/wp-json\/wp\/v2\/types\/page"}],"author":[{"embeddable":true,"href":"https:\/\/jatunbakken.no\/rekkehus\/wp-json\/wp\/v2\/users\/1"}],"replies":[{"embeddable":true,"href":"https:\/\/jatunbakken.no\/rekkehus\/wp-json\/wp\/v2\/comments?post=3481"}],"version-history":[{"count":7,"href":"https:\/\/jatunbakken.no\/rekkehus\/wp-json\/wp\/v2\/pages\/3481\/revisions"}],"predecessor-version":[{"id":6101,"href":"https:\/\/jatunbakken.no\/rekkehus\/wp-json\/wp\/v2\/pages\/3481\/revisions\/6101"}],"wp:attachment":[{"href":"https:\/\/jatunbakken.no\/rekkehus\/wp-json\/wp\/v2\/media?parent=3481"}],"curies":[{"name":"wp","href":"https:\/\/api.w.org\/{rel}","templated":true}]}}