{"id":4006,"date":"2022-08-31T10:46:33","date_gmt":"2022-08-31T08:46:33","guid":{"rendered":"https:\/\/jatunbakken.no\/rekkehus\/?page_id=4006"},"modified":"2024-03-21T10:40:17","modified_gmt":"2024-03-21T09:40:17","slug":"velg-bolig","status":"publish","type":"page","link":"https:\/\/jatunbakken.no\/rekkehus\/velg-bolig\/","title":{"rendered":"Velg bolig"},"content":{"rendered":"\n<div style=\"height:150px\" aria-hidden=\"true\" class=\"wp-block-spacer\"><\/div>\n\n\n\n<h1 class=\"wp-block-heading has-text-align-center\">Velg bolig<\/h1>\n\n\n\n<section\n  id=\"boligvelger-block_446b927142cdefe615b88fb693c04137\"\n  class=\"boligvelger alignfull s-selector-variables\"\n>\n\n    <!-- Store settings in Javascript for the Vue App to access on initialization -->\n    <script>\n      window.__selector_settings__ = {\n        sourceData: {\n          source: 'external',\n                      sourceURL: 'https:\/\/jatunbakken.no\/',\n            selectorId: '1680',\n            hiddenId: '',\n                  },\n        trackers: {\n          gaCheck: false,\n          gaTrackingCode: 'false',\n          fbCheck: false,\n        },\n      };\n    <\/script>\n    <!-- Settings end -->\n\n    <!-- Define custom values (CSS variables) for the Vue App to access \/\/TODO: Move to sass files -->\n    <style>\n      .s-selector-variables {\n        --section-opacity: 0;\n        --residence-opacity: 0;\n\n        --spinner-color: #000;\n        --button-color: #222;\n        --buttontext-color: #fff;\n\n        --forsale-color: #00beb2;\n        --reserved-color: #f35b68;\n        --sold-color: #d81e5b;\n\n        --hover-textcolor: #000;\n      }\n    <\/style>\n    <!-- Custom values end -->\n\n    <!-- Where we attach the Vue App \u2013 #boligvelgeren -->\n    <div id=\"boligvelgeren\">\n\n      <!-- Fallback message for old browsers with a message to go uppgrade -->\n      <div class=\"unavailable\">\n        <header>\n          <h2>Ser du ikke boligvelgeren?<\/h2>\n          <p><strong>Det er sannsynligvis fordi du har en eldre nettleser.<\/strong><\/p>\n        <\/header>\n        <div>\n          <p>Vi anbefaler at du oppgraderer til en moderne nettleser for en bedre brukeropplevelse. Du kan pr\u00f8ve en av disse:<\/p>\n          <div class=\"unavailable__list\">\n            <a href=\"https:\/\/www.google.com\/chrome\" target=\"_blank\" class=\"c-btn c-btn--primary\">Google Chrome<\/a>\n            <a href=\"https:\/\/www.mozilla.org\/nb-NO\/firefox\/new\/\" target=\"_blank\" class=\"c-btn c-btn--primary\">Mozilla Firefox<\/a>\n            <a href=\"https:\/\/www.apple.com\/safari\/\" target=\"_blank\" class=\"c-btn c-btn--primary\">Safari<\/a>\n            <a href=\"https:\/\/www.opera.com\/\" target=\"_blank\" class=\"c-btn c-btn--primary\">Opera<\/a>\n            <a href=\"https:\/\/www.microsoft.com\/en-us\/edge\" target=\"_blank\" class=\"c-btn c-btn--primary\">Microsoft Edge<\/a>\n          <\/div>\n        <\/div>    \n      <\/div>\n      <!-- Fallback end -->\n  \n    <\/div>\n    <!-- #boligvelgeren end -->\n\n    \n<\/section>\n\n\n\n<div style=\"height:60px\" aria-hidden=\"true\" class=\"wp-block-spacer\"><\/div>\n\n\n\n<h3 class=\"wp-block-heading has-text-align-center\">Utomhusplan<\/h3>\n\n\n<div class=\"wp-block-image container\">\n<figure data-wp-context=\"{&quot;imageId&quot;:&quot;69f2a3a6efcd2&quot;}\" data-wp-interactive=\"core\/image\" data-wp-key=\"69f2a3a6efcd2\" class=\"aligncenter size-full wp-lightbox-container\"><img loading=\"lazy\" decoding=\"async\" width=\"2145\" height=\"1597\" data-wp-class--hide=\"state.isContentHidden\" data-wp-class--show=\"state.isContentVisible\" data-wp-init=\"callbacks.setButtonStyles\" data-wp-on--click=\"actions.showLightbox\" data-wp-on--load=\"callbacks.setButtonStyles\" data-wp-on-window--resize=\"callbacks.setButtonStyles\" src=\"https:\/\/jatunbakken.no\/rekkehus\/wp-content\/uploads\/2024\/03\/Oversikt_utomhusplan_1.jpg\" alt=\"\" class=\"wp-image-5867\" srcset=\"https:\/\/jatunbakken.no\/rekkehus\/wp-content\/uploads\/2024\/03\/Oversikt_utomhusplan_1.jpg 2145w, https:\/\/jatunbakken.no\/rekkehus\/wp-content\/uploads\/2024\/03\/Oversikt_utomhusplan_1-300x223.jpg 300w, https:\/\/jatunbakken.no\/rekkehus\/wp-content\/uploads\/2024\/03\/Oversikt_utomhusplan_1-1024x762.jpg 1024w, https:\/\/jatunbakken.no\/rekkehus\/wp-content\/uploads\/2024\/03\/Oversikt_utomhusplan_1-768x572.jpg 768w, https:\/\/jatunbakken.no\/rekkehus\/wp-content\/uploads\/2024\/03\/Oversikt_utomhusplan_1-1536x1144.jpg 1536w, https:\/\/jatunbakken.no\/rekkehus\/wp-content\/uploads\/2024\/03\/Oversikt_utomhusplan_1-2048x1525.jpg 2048w\" sizes=\"auto, (max-width: 2145px) 100vw, 2145px\" \/><button\n\t\t\tclass=\"lightbox-trigger\"\n\t\t\ttype=\"button\"\n\t\t\taria-haspopup=\"dialog\"\n\t\t\taria-label=\"Forst\u00f8rr\"\n\t\t\tdata-wp-init=\"callbacks.initTriggerButton\"\n\t\t\tdata-wp-on--click=\"actions.showLightbox\"\n\t\t\tdata-wp-style--right=\"state.imageButtonRight\"\n\t\t\tdata-wp-style--top=\"state.imageButtonTop\"\n\t\t>\n\t\t\t<svg xmlns=\"http:\/\/www.w3.org\/2000\/svg\" width=\"12\" height=\"12\" fill=\"none\" viewBox=\"0 0 12 12\">\n\t\t\t\t<path fill=\"#fff\" d=\"M2 0a2 2 0 0 0-2 2v2h1.5V2a.5.5 0 0 1 .5-.5h2V0H2Zm2 10.5H2a.5.5 0 0 1-.5-.5V8H0v2a2 2 0 0 0 2 2h2v-1.5ZM8 12v-1.5h2a.5.5 0 0 0 .5-.5V8H12v2a2 2 0 0 1-2 2H8Zm2-12a2 2 0 0 1 2 2v2h-1.5V2a.5.5 0 0 0-.5-.5H8V0h2Z\" \/>\n\t\t\t<\/svg>\n\t\t<\/button><\/figure>\n<\/div>\n\n\n<div style=\"height:50px\" aria-hidden=\"true\" class=\"wp-block-spacer\"><\/div>\n","protected":false},"excerpt":{"rendered":"<p>Velg bolig Utomhusplan<\/p>\n","protected":false},"author":3,"featured_media":0,"parent":0,"menu_order":0,"comment_status":"closed","ping_status":"closed","template":"","meta":{"_eb_attr":"","footnotes":""},"class_list":["post-4006","page","type-page","status-publish","hentry"],"acf":[],"yoast_head":"<!-- This site is optimized with the Yoast SEO plugin v27.5 - https:\/\/yoast.com\/product\/yoast-seo-wordpress\/ -->\n<title>Velg bolig - J\u00e5tunbakken<\/title>\n<meta name=\"robots\" content=\"index, follow, max-snippet:-1, max-image-preview:large, max-video-preview:-1\" \/>\n<link rel=\"canonical\" href=\"https:\/\/jatunbakken.no\/rekkehus\/velg-bolig\/\" \/>\n<meta property=\"og:locale\" content=\"nb_NO\" \/>\n<meta property=\"og:type\" content=\"article\" \/>\n<meta property=\"og:title\" content=\"Velg bolig - J\u00e5tunbakken\" \/>\n<meta property=\"og:description\" content=\"Velg bolig Utomhusplan\" \/>\n<meta property=\"og:url\" content=\"https:\/\/jatunbakken.no\/rekkehus\/velg-bolig\/\" \/>\n<meta property=\"og:site_name\" content=\"J\u00e5tunbakken\" \/>\n<meta property=\"article:modified_time\" content=\"2024-03-21T09:40:17+00:00\" \/>\n<meta property=\"og:image\" content=\"https:\/\/jatunbakken.no\/rekkehus\/wp-content\/uploads\/2024\/03\/Oversikt_utomhusplan_1.jpg\" \/>\n<meta name=\"twitter:card\" content=\"summary_large_image\" \/>\n<meta name=\"twitter:label1\" content=\"Ansl. lesetid\" \/>\n\t<meta name=\"twitter:data1\" content=\"1 minutt\" \/>\n<script type=\"application\/ld+json\" class=\"yoast-schema-graph\">{\"@context\":\"https:\\\/\\\/schema.org\",\"@graph\":[{\"@type\":\"WebPage\",\"@id\":\"https:\\\/\\\/jatunbakken.no\\\/rekkehus\\\/velg-bolig\\\/\",\"url\":\"https:\\\/\\\/jatunbakken.no\\\/rekkehus\\\/velg-bolig\\\/\",\"name\":\"Velg bolig - J\u00e5tunbakken\",\"isPartOf\":{\"@id\":\"https:\\\/\\\/jatunbakken.no\\\/rekkehus\\\/#website\"},\"primaryImageOfPage\":{\"@id\":\"https:\\\/\\\/jatunbakken.no\\\/rekkehus\\\/velg-bolig\\\/#primaryimage\"},\"image\":{\"@id\":\"https:\\\/\\\/jatunbakken.no\\\/rekkehus\\\/velg-bolig\\\/#primaryimage\"},\"thumbnailUrl\":\"https:\\\/\\\/jatunbakken.no\\\/rekkehus\\\/wp-content\\\/uploads\\\/2024\\\/03\\\/Oversikt_utomhusplan_1.jpg\",\"datePublished\":\"2022-08-31T08:46:33+00:00\",\"dateModified\":\"2024-03-21T09:40:17+00:00\",\"breadcrumb\":{\"@id\":\"https:\\\/\\\/jatunbakken.no\\\/rekkehus\\\/velg-bolig\\\/#breadcrumb\"},\"inLanguage\":\"nb-NO\",\"potentialAction\":[{\"@type\":\"ReadAction\",\"target\":[\"https:\\\/\\\/jatunbakken.no\\\/rekkehus\\\/velg-bolig\\\/\"]}]},{\"@type\":\"ImageObject\",\"inLanguage\":\"nb-NO\",\"@id\":\"https:\\\/\\\/jatunbakken.no\\\/rekkehus\\\/velg-bolig\\\/#primaryimage\",\"url\":\"https:\\\/\\\/jatunbakken.no\\\/rekkehus\\\/wp-content\\\/uploads\\\/2024\\\/03\\\/Oversikt_utomhusplan_1.jpg\",\"contentUrl\":\"https:\\\/\\\/jatunbakken.no\\\/rekkehus\\\/wp-content\\\/uploads\\\/2024\\\/03\\\/Oversikt_utomhusplan_1.jpg\",\"width\":2145,\"height\":1597},{\"@type\":\"BreadcrumbList\",\"@id\":\"https:\\\/\\\/jatunbakken.no\\\/rekkehus\\\/velg-bolig\\\/#breadcrumb\",\"itemListElement\":[{\"@type\":\"ListItem\",\"position\":1,\"name\":\"Hjem\",\"item\":\"https:\\\/\\\/jatunbakken.no\\\/rekkehus\\\/\"},{\"@type\":\"ListItem\",\"position\":2,\"name\":\"Velg bolig\"}]},{\"@type\":\"WebSite\",\"@id\":\"https:\\\/\\\/jatunbakken.no\\\/rekkehus\\\/#website\",\"url\":\"https:\\\/\\\/jatunbakken.no\\\/rekkehus\\\/\",\"name\":\"J\u00e5tunbakken\",\"description\":\"Rekkehus p\u00e5 J\u00e5tt\u00e5\",\"publisher\":{\"@id\":\"https:\\\/\\\/jatunbakken.no\\\/rekkehus\\\/#organization\"},\"potentialAction\":[{\"@type\":\"SearchAction\",\"target\":{\"@type\":\"EntryPoint\",\"urlTemplate\":\"https:\\\/\\\/jatunbakken.no\\\/rekkehus\\\/?s={search_term_string}\"},\"query-input\":{\"@type\":\"PropertyValueSpecification\",\"valueRequired\":true,\"valueName\":\"search_term_string\"}}],\"inLanguage\":\"nb-NO\"},{\"@type\":\"Organization\",\"@id\":\"https:\\\/\\\/jatunbakken.no\\\/rekkehus\\\/#organization\",\"name\":\"J\u00e5tunbakken\",\"url\":\"https:\\\/\\\/jatunbakken.no\\\/rekkehus\\\/\",\"logo\":{\"@type\":\"ImageObject\",\"inLanguage\":\"nb-NO\",\"@id\":\"https:\\\/\\\/jatunbakken.no\\\/rekkehus\\\/#\\\/schema\\\/logo\\\/image\\\/\",\"url\":\"https:\\\/\\\/jatunbakken.no\\\/rekkehus\\\/wp-content\\\/uploads\\\/2024\\\/02\\\/logo-white.svg\",\"contentUrl\":\"https:\\\/\\\/jatunbakken.no\\\/rekkehus\\\/wp-content\\\/uploads\\\/2024\\\/02\\\/logo-white.svg\",\"width\":1467,\"height\":837,\"caption\":\"J\u00e5tunbakken\"},\"image\":{\"@id\":\"https:\\\/\\\/jatunbakken.no\\\/rekkehus\\\/#\\\/schema\\\/logo\\\/image\\\/\"}}]}<\/script>\n<!-- \/ Yoast SEO plugin. -->","yoast_head_json":{"title":"Velg bolig - J\u00e5tunbakken","robots":{"index":"index","follow":"follow","max-snippet":"max-snippet:-1","max-image-preview":"max-image-preview:large","max-video-preview":"max-video-preview:-1"},"canonical":"https:\/\/jatunbakken.no\/rekkehus\/velg-bolig\/","og_locale":"nb_NO","og_type":"article","og_title":"Velg bolig - J\u00e5tunbakken","og_description":"Velg bolig Utomhusplan","og_url":"https:\/\/jatunbakken.no\/rekkehus\/velg-bolig\/","og_site_name":"J\u00e5tunbakken","article_modified_time":"2024-03-21T09:40:17+00:00","og_image":[{"url":"https:\/\/jatunbakken.no\/rekkehus\/wp-content\/uploads\/2024\/03\/Oversikt_utomhusplan_1.jpg","type":"","width":"","height":""}],"twitter_card":"summary_large_image","twitter_misc":{"Ansl. lesetid":"1 minutt"},"schema":{"@context":"https:\/\/schema.org","@graph":[{"@type":"WebPage","@id":"https:\/\/jatunbakken.no\/rekkehus\/velg-bolig\/","url":"https:\/\/jatunbakken.no\/rekkehus\/velg-bolig\/","name":"Velg bolig - J\u00e5tunbakken","isPartOf":{"@id":"https:\/\/jatunbakken.no\/rekkehus\/#website"},"primaryImageOfPage":{"@id":"https:\/\/jatunbakken.no\/rekkehus\/velg-bolig\/#primaryimage"},"image":{"@id":"https:\/\/jatunbakken.no\/rekkehus\/velg-bolig\/#primaryimage"},"thumbnailUrl":"https:\/\/jatunbakken.no\/rekkehus\/wp-content\/uploads\/2024\/03\/Oversikt_utomhusplan_1.jpg","datePublished":"2022-08-31T08:46:33+00:00","dateModified":"2024-03-21T09:40:17+00:00","breadcrumb":{"@id":"https:\/\/jatunbakken.no\/rekkehus\/velg-bolig\/#breadcrumb"},"inLanguage":"nb-NO","potentialAction":[{"@type":"ReadAction","target":["https:\/\/jatunbakken.no\/rekkehus\/velg-bolig\/"]}]},{"@type":"ImageObject","inLanguage":"nb-NO","@id":"https:\/\/jatunbakken.no\/rekkehus\/velg-bolig\/#primaryimage","url":"https:\/\/jatunbakken.no\/rekkehus\/wp-content\/uploads\/2024\/03\/Oversikt_utomhusplan_1.jpg","contentUrl":"https:\/\/jatunbakken.no\/rekkehus\/wp-content\/uploads\/2024\/03\/Oversikt_utomhusplan_1.jpg","width":2145,"height":1597},{"@type":"BreadcrumbList","@id":"https:\/\/jatunbakken.no\/rekkehus\/velg-bolig\/#breadcrumb","itemListElement":[{"@type":"ListItem","position":1,"name":"Hjem","item":"https:\/\/jatunbakken.no\/rekkehus\/"},{"@type":"ListItem","position":2,"name":"Velg bolig"}]},{"@type":"WebSite","@id":"https:\/\/jatunbakken.no\/rekkehus\/#website","url":"https:\/\/jatunbakken.no\/rekkehus\/","name":"J\u00e5tunbakken","description":"Rekkehus p\u00e5 J\u00e5tt\u00e5","publisher":{"@id":"https:\/\/jatunbakken.no\/rekkehus\/#organization"},"potentialAction":[{"@type":"SearchAction","target":{"@type":"EntryPoint","urlTemplate":"https:\/\/jatunbakken.no\/rekkehus\/?s={search_term_string}"},"query-input":{"@type":"PropertyValueSpecification","valueRequired":true,"valueName":"search_term_string"}}],"inLanguage":"nb-NO"},{"@type":"Organization","@id":"https:\/\/jatunbakken.no\/rekkehus\/#organization","name":"J\u00e5tunbakken","url":"https:\/\/jatunbakken.no\/rekkehus\/","logo":{"@type":"ImageObject","inLanguage":"nb-NO","@id":"https:\/\/jatunbakken.no\/rekkehus\/#\/schema\/logo\/image\/","url":"https:\/\/jatunbakken.no\/rekkehus\/wp-content\/uploads\/2024\/02\/logo-white.svg","contentUrl":"https:\/\/jatunbakken.no\/rekkehus\/wp-content\/uploads\/2024\/02\/logo-white.svg","width":1467,"height":837,"caption":"J\u00e5tunbakken"},"image":{"@id":"https:\/\/jatunbakken.no\/rekkehus\/#\/schema\/logo\/image\/"}}]}},"_links":{"self":[{"href":"https:\/\/jatunbakken.no\/rekkehus\/wp-json\/wp\/v2\/pages\/4006","targetHints":{"allow":["GET"]}}],"collection":[{"href":"https:\/\/jatunbakken.no\/rekkehus\/wp-json\/wp\/v2\/pages"}],"about":[{"href":"https:\/\/jatunbakken.no\/rekkehus\/wp-json\/wp\/v2\/types\/page"}],"author":[{"embeddable":true,"href":"https:\/\/jatunbakken.no\/rekkehus\/wp-json\/wp\/v2\/users\/3"}],"replies":[{"embeddable":true,"href":"https:\/\/jatunbakken.no\/rekkehus\/wp-json\/wp\/v2\/comments?post=4006"}],"version-history":[{"count":51,"href":"https:\/\/jatunbakken.no\/rekkehus\/wp-json\/wp\/v2\/pages\/4006\/revisions"}],"predecessor-version":[{"id":5869,"href":"https:\/\/jatunbakken.no\/rekkehus\/wp-json\/wp\/v2\/pages\/4006\/revisions\/5869"}],"wp:attachment":[{"href":"https:\/\/jatunbakken.no\/rekkehus\/wp-json\/wp\/v2\/media?parent=4006"}],"curies":[{"name":"wp","href":"https:\/\/api.w.org\/{rel}","templated":true}]}}