{"id":8,"date":"2021-09-06T08:44:16","date_gmt":"2021-09-06T06:44:16","guid":{"rendered":"https:\/\/ensigndev.no\/jatunbakken\/?page_id=8"},"modified":"2025-01-14T13:25:02","modified_gmt":"2025-01-14T12:25:02","slug":"i-boligene","status":"publish","type":"page","link":"https:\/\/jatunbakken.no\/rekkehus\/i-boligene\/","title":{"rendered":"I boligene!"},"content":{"rendered":"\n<div class=\"wp-block-group pt-4 caption-has-transparent-bg\"><div class=\"wp-block-group__inner-container is-layout-constrained wp-block-group-is-layout-constrained\">\n<section class=\"o-block-custom-video-bg\">\n\t<div id=\"video-container\">\n\t<video autoplay loop id=\"video-background\" muted poster=\"https:\/\/jatunbakken.no\/rekkehus\/wp-content\/uploads\/2024\/03\/e49e_ensign_jatunbakken4_3rd_buidling_B3B4_LivingKitchen_final_web-1.jpg\" playsinline>\n\t\t<source src=\"\" type='video\/mp4'>\n\t<\/video>\n\t\t<div class=\"content d-none d-sm-block text-center\">\n\t\t<h2 class=\"sliced\"> <span class=\"standOut\">Den gode<\/span> f\u00f8lelsen<span class=\"standOut\"> av et hjem<\/span> <\/h2>\n\t<\/div>\n\t<\/div>\n<\/section> \n\n\n\n\n<div class=\"bottom-content\">\r\n  <p class=\"threed-disclaimer\">3D-illustrasjonen kan vise elementer og materialer som ikke er en del av standardleveransen. Avvik kan forekomme i fasadeuttrykk og uteomr\u00e5de, se egen utomhusplan.<\/p>\r\n<\/div>\n<\/div><\/div>\n\n\n\n<div class=\"wp-block-cover alignfull\"><span aria-hidden=\"true\" class=\"wp-block-cover__background has-background-dim-100 has-background-dim\" style=\"background-color:#ebe2d4\"><\/span><div class=\"wp-block-cover__inner-container is-layout-flow wp-block-cover-is-layout-flow\">\n<div class=\"wp-block-group caption-has-transparent-bg container double-pad-up pad-down has-black-color has-text-color has-link-color wp-elements-388f86340fa05ae2ccc887a3be0bb92e\"><div class=\"wp-block-group__inner-container is-layout-constrained wp-block-group-is-layout-constrained\">\n<h2 class=\"wp-block-heading has-text-align-center\" style=\"text-transform:uppercase\">Gled deg til \u00e5 flytte til J\u00e5tunbakken!<\/h2>\n\n\n\n<p class=\"has-text-align-center\"><strong>F\u00f8lelsen av \u00e5 flytte inn i et nytt hus der alt er ordentlig og fint, der alt virker og der alt er moderne, den f\u00f8lelsen er suveren<\/strong>.<\/p>\n\n\n\n<p class=\"has-text-align-center\">Glem alt av oppussing, maling og ting som m\u00e5 fikses f\u00f8r du kan flytte inn og trives. Bruk heller tiden p\u00e5 \u00e5 slappe av og nyte livet i ditt nye hjem i J\u00e5tunbakken. Her har vi lagt opp til et solid og samstemt materialvalg, med blant annet enstavs hvit mattlasert parkett i alle oppholdsrom. Det blir 60 x 60 fliser p\u00e5 baderom og i entr\u00e9. Spotter i tak p\u00e5 bad, kompaktd\u00f8rer med dempelist og ikke minst alubekledde vindu og impregnert kledning som \u00f8ker b\u00e5de varighet og minsker behovet for vedlikehold utvendig.&nbsp;<\/p>\n\n\n\n<p class=\"has-text-align-center\">Hvis du kommer tidlig inn i prosessen, kan du p\u00e5virke endelig resultat p\u00e5 mange m\u00e5ter. For eksempel p\u00e5 kj\u00f8kkenet fra Sigdal, der kan du velge mellom hele 15 farger p\u00e5 frontene \u2013 uten&nbsp;pristillegg.<\/p>\n\n\n\n<p class=\"has-text-align-center\">Mange gode valg og kvaliteter er allerede satt for prosjektet, som for eks.:<\/p>\n\n\n\n<div style=\"height:59px\" aria-hidden=\"true\" class=\"wp-block-spacer\"><\/div>\n\n\n\n<div class=\"wp-block-columns is-layout-flex wp-container-core-columns-is-layout-9d6595d7 wp-block-columns-is-layout-flex\">\n<div class=\"wp-block-column mb-0 is-layout-flow wp-block-column-is-layout-flow\">\n<ul class=\"wp-block-list mb-0\">\n<li>Felleshus plassert i nydelig tun&nbsp;<\/li>\n\n\n\n<li>Uteplasser p\u00e5 begge sider av boligen&nbsp;<\/li>\n\n\n\n<li>Gode balkonger med gode solforhold&nbsp;<\/li>\n\n\n\n<li>Eget rom hvor en kan dele f.eks. verkt\u00f8y og sportsutstyr&nbsp;<\/li>\n\n\n\n<li>Gjestehybel\/fellesrom \u2013 om du f\u00e5r gjester p\u00e5 overnatting&nbsp;<\/li>\n\n\n\n<li>Balansert ventilasjon&nbsp;<\/li>\n\n\n\n<li>Sportsbod til hver bolig i garasjeanlegg<\/li>\n<\/ul>\n<\/div>\n\n\n\n<div class=\"wp-block-column mb-0 is-layout-flow wp-block-column-is-layout-flow\">\n<ul class=\"wp-block-list mb-0\">\n<li>Kj\u00f8kken fra Sigdal, Modell Uno Palett. 15 farger \u00e5 velge mellom <\/li>\n\n\n\n<li>Hvit mattlasert 1-stavs eikeparkett&nbsp;<\/li>\n\n\n\n<li>60 x 60 fliser p\u00e5 baderom&nbsp;<\/li>\n\n\n\n<li>Sykkelparkering&nbsp;<\/li>\n\n\n\n<li>Nedgravde avfallskontainere&nbsp;<\/li>\n\n\n\n<li>Fast parkeringsplass i lukket anlegg inkludert i kj\u00f8pesum&nbsp;<\/li>\n\n\n\n<li>Tilrettelagt for elbillading&nbsp;<\/li>\n<\/ul>\n<\/div>\n<\/div>\n\n\n\n<div style=\"height:59px\" aria-hidden=\"true\" class=\"wp-block-spacer\"><\/div>\n\n\n\n<section>\n <div class=\"row no-gutters\">\n\t <div class=\"col-sm-12 text-center\">\n\t\t<div class=\"endToEnd\">\n\t\t\t<img decoding=\"async\" src=\"https:\/\/jatunbakken.no\/rekkehus\/wp-content\/uploads\/2024\/03\/e049e_ensign_jatunbakken4_3rd_building_B1B2_LivingKitchen__web-1.jpg\" alt=\"\" class=\"img-fluid\">\n\t\t\t\t\t\t<div class=\"bottom-content\">\n              <p class=\"threed-disclaimer\">\n\t\t\t\t3D-illustrasjonen kan vise elementer og materialer som ikke er en del av standardleveransen. Avvik kan forekomme i fasadeuttrykk og uteomr\u00e5de, se egen utomhusplan.\t\t\t  <\/p>\n\t\t\t<\/div>\n\t\t\t\t\t<\/div> \n\t <\/div>\n <\/div>\n<\/section><\/div><\/div>\n<\/div><\/div>\n\n\n\n<section class=\"wp-block-group caption-has-transparent-bg has-background\" style=\"background-color:#d1c3ae\"><div class=\"wp-block-group__inner-container is-layout-flow wp-block-group-is-layout-flow\">\n<section class=\"pad-up pad-down\">\n  <div class=\"container pad-up\">\n\t  <div class=\"row\">\n\t\t  <div class=\"col-sm-10 mx-auto text-center\">\n\t\t\t  <h2 class=\"text-uppercase\">SIgdal \u2013\u00a0norsk kj\u00f8kkenkvalitet i over 70 \u00e5r<\/h2>\n\t\t\t  <p class=\"m-mt-2\">Et nytt, velfungerende og elegant kj\u00f8kken er alltid h\u00f8yt p\u00e5 listen over ting boligkj\u00f8pere gleder seg til n\u00e5r de flytter inn. Med norske Sigdal som leverand\u00f8r til J\u00e5tunbakken kan du v\u00e6re trygg p\u00e5 b\u00e5de kvalitet og l\u00f8sninger.<\/p>\n\t\t  <\/div>\n\t  <\/div>\n\t  <div class=\"row\">\n\t\t  <div class=\"col-sm-12 pad-up text-center\">\n\t\t\t  <img decoding=\"async\" src=\"https:\/\/jatunbakken.no\/rekkehus\/wp-content\/uploads\/2024\/03\/e049e_ensign_jatunbakken4_3rd_building__B5_LivingKitchen_final-scaled.jpg\" alt=\"\" class=\"img-fluid\">\n\t\t\t  \t\t\t  \t<div class=\"bottom-content\">\n\t\t\t  \t\t<p class=\"threed-disclaimer mt-2\">3D-illustrasjonen kan vise elementer og materialer som ikke er en del av standardleveransen. Avvik kan forekomme i fasadeuttrykk og uteomr\u00e5de, se egen utomhusplan.<\/p>\n\t\t\t  \t<\/div>\n\t\t\t  \t\t  <\/div>\n\t  <\/div>\n  <\/div>\t\t\n<\/section>\n\n\n<section class=\"d-none d-sm-block\">\n <div class=\"full-height-bg\" style=\"background-image:url('https:\/\/jatunbakken.no\/rekkehus\/wp-content\/uploads\/2024\/02\/Unknown.webp')\">\n  \n   \n\t\n <\/div>\n    <div class=\"bottom-content\">\n     <p class=\"threed-disclaimer\">Illustrasjonsfoto kj\u00f8kkenmodell fra Norema.<\/p>\n\t<\/div>\n\t<\/section>\n\n<section class=\"mobile d-block d-sm-none\">\n  <div class=\"row no-gutters\">\n    \n            \n\n            \n      <div class=\"col-sm-12\">\n        <img decoding=\"async\" class=\"img-fluid\" src=\"https:\/\/jatunbakken.no\/rekkehus\/wp-content\/uploads\/2024\/02\/Unknown.webp\" alt=\"\">\n      <\/div>\n\n              <div class=\"col-sm-12 text-center\">\n          <div class=\"bottom-content\">\n            <p class=\"threed-disclaimer\">Illustrasjonsfoto kj\u00f8kkenmodell fra Norema.<\/p>\n          <\/div>\n        <\/div>\n      \n  <\/div>\n<\/section>\n\n\n<div class=\"wp-block-group has-white-background-color has-background\"><div class=\"wp-block-group__inner-container is-layout-constrained wp-block-group-is-layout-constrained\">\n<section class=\"pad-up pad-down\">\n  <div class=\"container pad-up\">\n\t  <div class=\"row\">\n\t\t  <div class=\"col-sm-10 mx-auto text-center\">\n\t\t\t  <h2 class=\"text-uppercase\">Sigdal Uno Palett \u2013 f\u00e5 det slik du vil!<\/h2>\n\t\t\t  <p class=\"m-mt-2\">Uno er en \u00abkameleon-modell\u00bb som tilpasser seg omgivelsene og blir akkurat det kj\u00f8kkenet du gj\u00f8r det til. Med 15 farger \u00e5 velge blant, og lette, renholdsvennlige flater, er dette en ultra-praktisk kj\u00f8kkenmodell. Bes\u00f8k gjerne Studio Sigdal Stavanger, der kan du se fargene og f\u00e5 gode tips og r\u00e5d.<\/p>\n\t\t  <\/div>\n\t  <\/div>\n\t  <div class=\"row\">\n\t\t  <div class=\"col-sm-12 pad-up text-center\">\n\t\t\t  <img decoding=\"async\" src=\"https:\/\/jatunbakken.no\/rekkehus\/wp-content\/uploads\/2021\/09\/image006-1.png\" alt=\"\" class=\"img-fluid\">\n\t\t\t  \t\t  <\/div>\n\t  <\/div>\n  <\/div>\t\t\n<\/section><\/div><\/div>\n<\/div><\/section>\n\n\n\n<section class=\"d-none d-sm-block\">\n <div class=\"full-height-bg\" style=\"background-image:url('https:\/\/jatunbakken.no\/rekkehus\/wp-content\/uploads\/2024\/02\/Sigdal-SignaturFavn_2-22_059-min.webp')\">\n  \n   \n\t\n <\/div>\n    <div class=\"bottom-content\">\n     <p>Illustrasjonsfoto kj\u00f8kkenmodell fra Norema. Bildet viser Sigdal Favn N\u00f8tt. Det er mulig \u00e5 f\u00e5 denne kj\u00f8kkenmodellen som tilvalg om du er tidlig inne i prosessen.<\/p>\n\t<\/div>\n\t<\/section>\n\n<section class=\"mobile d-block d-sm-none\">\n  <div class=\"row no-gutters\">\n    \n            \n\n            \n      <div class=\"col-sm-12\">\n        <img decoding=\"async\" class=\"img-fluid\" src=\"https:\/\/jatunbakken.no\/rekkehus\/wp-content\/uploads\/2024\/02\/Sigdal-SignaturFavn_2-22_059-min.webp\" alt=\"\">\n      <\/div>\n\n              <div class=\"col-sm-12 text-center\">\n          <div class=\"bottom-content\">\n            <p>Illustrasjonsfoto kj\u00f8kkenmodell fra Norema. Bildet viser Sigdal Favn N\u00f8tt. Det er mulig \u00e5 f\u00e5 denne kj\u00f8kkenmodellen som tilvalg om du er tidlig inne i prosessen.<\/p>\n          <\/div>\n        <\/div>\n      \n  <\/div>\n<\/section>\n\n\n<div class=\"wp-block-group has-background\" style=\"background-color:#ebe2d4\"><div class=\"wp-block-group__inner-container is-layout-constrained wp-block-group-is-layout-constrained\">\n<div class=\"wp-block-group pad-up pad-down\"><div class=\"wp-block-group__inner-container is-layout-flow wp-block-group-is-layout-flow\">\n<div class=\"wp-block-group d-none\"><div class=\"wp-block-group__inner-container is-layout-constrained wp-block-group-is-layout-constrained\">\n<div class=\"container\">\n\t\t<div class=\"row justify-content-center\">\n\t\t\t<div class=\"col-sm-5\">\n\t\t\t\t<p><\/p>\n\t\t\t<\/div>\n\t\t\t<div class=\"col-sm-5\">\n\t\t\t\t<p><\/p>\n\t\t\t<\/div>\n\t\t<\/div>\n\t<\/div><\/div><\/div>\n\n\n\n<div class=\"wp-block-group\"><div class=\"wp-block-group__inner-container is-layout-flow wp-block-group-is-layout-flow\">\n<section>\n\t<div class=\"container\">\n\t\t<div class=\"row\">\n\t\t\t<div class=\"col-sm-10 mx-auto\">\n\t\t\t\t<div class=\"home-exec-summary\">\n\t\t\t\t\t<p><\/p>\n\t\t\t\t<\/div>\n\t\t\t<\/div>\n\t\t<\/div>\n\t<\/div>\n<\/section><\/div><\/div>\n\n\n\n<div class=\"wp-block-group pad-up container caption-has-transparent-bg\"><div class=\"wp-block-group__inner-container is-layout-constrained wp-block-group-is-layout-constrained\">\n<section class=\"d-none d-sm-block\">\n <div class=\"full-height-bg\" style=\"background-image:url('https:\/\/jatunbakken.no\/rekkehus\/wp-content\/uploads\/2024\/03\/istockphoto-679554176-612x612-1.jpg')\">\n  \n   \n\t\n <\/div>\n <\/section>\n\n<section class=\"mobile d-block d-sm-none\">\n  <div class=\"row no-gutters\">\n    \n            \n\n            \n      <div class=\"col-sm-12\">\n        <img decoding=\"async\" class=\"img-fluid\" src=\"https:\/\/jatunbakken.no\/rekkehus\/wp-content\/uploads\/2024\/03\/istockphoto-679554176-612x612-1.jpg\" alt=\"\">\n      <\/div>\n\n      \n  <\/div>\n<\/section><\/div><\/div>\n<\/div><\/div>\n\n\n\n<div class=\"wp-block-group pad-down\"><div class=\"wp-block-group__inner-container is-layout-flow wp-block-group-is-layout-flow\">\n<div class=\"wp-block-buttons is-horizontal is-content-justification-center is-layout-flex wp-container-core-buttons-is-layout-499968f5 wp-block-buttons-is-layout-flex\">\n<div class=\"wp-block-button is-style-main-cta\"><a class=\"wp-block-button__link wp-element-button\" href=\"https:\/\/jatunbakken.no\/rekkehus\/velg-bolig\/#\/\">Boligvelger &amp; pris<\/a><\/div>\n<\/div>\n<\/div><\/div>\n\n\n\n<section>\n <div class=\"row no-gutters\">\n\t <div class=\"col-sm-12 text-center\">\n\t\t<div class=\"endToEnd\">\n\t\t\t<img decoding=\"async\" src=\"https:\/\/jatunbakken.no\/rekkehus\/wp-content\/uploads\/2024\/03\/iStock-1345286161-scaled.jpg\" alt=\"\" class=\"img-fluid\">\n\t\t\t\t\t<\/div> \n\t <\/div>\n <\/div>\n<\/section><\/div><\/div>\n\n\n\n<div class=\"wp-block-group pad-up pad-down has-background\" style=\"background-color:#d1c3ae\"><div class=\"wp-block-group__inner-container is-layout-flow wp-block-group-is-layout-flow\">\n<section>\n\t<div class=\"container\">\n\t\t<div class=\"row\">\n\t\t\t<div class=\"col-sm-10 mx-auto\">\n\t\t\t\t<div class=\"home-exec-summary\">\n\t\t\t\t\t<p><h3 class=\"lead-big text-uppercase\">F\u00f8l deg hjemme med Heime \u2013 alt tilrettelagt for trivsel og fellesskap!<\/h3>\n<p>P\u00e5 J\u00e5tunbakken blir det enkelt \u00e5 bli kjent med naboer, dyrke det sosiale og nyte godt av nabolagets mange muligheter og aktiviteter. Her f\u00e5r du nemlig tilgang til Heime-appen, en app skreddersydd for kommunikasjon og \u00f8kt trivsel blant beboere i boligprosjekter.<\/p>\n<p>Tenk deg at du skal p\u00e5 ferie et par uker, men trenger noen til \u00e5 vanne blomstene. Eller at du vil g\u00e5 tur rundt J\u00e5tt\u00e5nuten, men ikke alene. Da legger du ut en melding p\u00e5 Heime, og noen minutter senere har du sannsynligvis f\u00e5tt svar fra hjelpsomme og hyggelige naboer som ogs\u00e5 har Heime p\u00e5 sin telefon.<\/p>\n<p>\u00abDen hjelpsomme naboen\u00bb er en av flere smarte Heime-funksjoner som skal bidra til trivsel, trygghet og vennskap p\u00e5 J\u00e5tunbakken. Andre funksjoner kan v\u00e6re reservasjon av fellesrom og gjestehybel, informasjon fra naboene, invitasjon til aktiviteter i fellesrommet og mulighet til \u00e5 bestille tjenester som vaskehjelp og take-away. Gjennom Heime kan du ogs\u00e5 f\u00e5 rabatter hos noen lokale butikker.<\/p>\n<\/p>\n\t\t\t\t<\/div>\n\t\t\t<\/div>\n\t\t<\/div>\n\t<\/div>\n<\/section><\/div><\/div>\n\n\n\n<div class=\"wp-block-group pad-down has-background\" style=\"background-color:#d1c3ae\"><div class=\"wp-block-group__inner-container is-layout-flow wp-block-group-is-layout-flow\">\n<div class=\"wp-block-buttons is-horizontal is-content-justification-center is-layout-flex wp-container-core-buttons-is-layout-499968f5 wp-block-buttons-is-layout-flex\">\n<div class=\"wp-block-button is-style-main-cta\"><a class=\"wp-block-button__link wp-element-button\" href=\"\/rekkehus\/velg-bolig\/\">Boligvelger &amp; pris<\/a><\/div>\n<\/div>\n<\/div><\/div>\n\n\n\n<div class=\"wp-block-group pad-up pad-down has-white-color has-text-color has-background has-link-color wp-elements-2b6c645f6c6d53e1e646664994c9d606\" style=\"background-color:#62877d\"><div class=\"wp-block-group__inner-container is-layout-flow wp-block-group-is-layout-flow\">\n<section>\n\t<div class=\"container\">\n\t\t<div class=\"row\">\n\t\t\t<div class=\"col-sm-10 mx-auto\">\n\t\t\t\t<div class=\"home-exec-summary\">\n\t\t\t\t\t<p><h3>Lyse &amp; Altibox er p\u00e5 J\u00e5tunbakken-laget!<\/h3>\n<p>Vi har valgt Lyse og Altibox som leverand\u00f8rer av energi- og bredb\u00e5ndstjenester til J\u00e5tunbakken. Dermed f\u00e5r du en trygg, gr\u00f8nn og enkel hverdag i din nye bolig.<\/p>\n<p>For \u00e5 gj\u00f8re det enkelt for deg, og samtidig sikre at du f\u00e5r en god str\u00f8mavtale fra dag \u00e9n, s\u00f8rger vi for at du automatisk f\u00e5r str\u00f8m fra Lyse via str\u00f8mavtalen Lyse Spotpris. Det er ingen bindingstid p\u00e5 denne avtalen, og du st\u00e5r alltid fritt til \u00e5 velge blant ulike str\u00f8mtilbud fra Lyse eller andre leverand\u00f8rer. <\/p>\n<p><img loading=\"lazy\" decoding=\"async\" class=\"alignnone size-large wp-image-4878\" src=\"https:\/\/jatunbakken.no\/rekkehus\/wp-content\/uploads\/2024\/02\/lyse-1-1024x666.jpeg\" alt=\"\" width=\"640\" height=\"416\" srcset=\"https:\/\/jatunbakken.no\/rekkehus\/wp-content\/uploads\/2024\/02\/lyse-1-1024x666.jpeg 1024w, https:\/\/jatunbakken.no\/rekkehus\/wp-content\/uploads\/2024\/02\/lyse-1-300x195.jpeg 300w, https:\/\/jatunbakken.no\/rekkehus\/wp-content\/uploads\/2024\/02\/lyse-1-768x500.jpeg 768w, https:\/\/jatunbakken.no\/rekkehus\/wp-content\/uploads\/2024\/02\/lyse-1-1536x1000.jpeg 1536w, https:\/\/jatunbakken.no\/rekkehus\/wp-content\/uploads\/2024\/02\/lyse-1-2048x1333.jpeg 2048w\" sizes=\"auto, (max-width: 640px) 100vw, 640px\" \/><\/p>\n<p>&nbsp;<\/p>\n<\/p>\n\t\t\t\t<\/div>\n\t\t\t<\/div>\n\t\t<\/div>\n\t<\/div>\n<\/section>\n\n\n<div class=\"wp-block-group mt-3\"><div class=\"wp-block-group__inner-container is-layout-flow wp-block-group-is-layout-flow\">\n<div class=\"container\">\n\t\t<div class=\"row justify-content-center\">\n\t\t\t<div class=\"col-sm-5\">\n\t\t\t\t<p><span class=\"lead\">Lynkjapt bredb\u00e5nd og topp underholdning<\/span><br>\r\nN\u00e5r du flytter til J\u00e5tunbakken, flytter Altibox inn sammen med deg. Fibertilkoblingen fra Lyse er p\u00e5 plass n\u00e5r du flytter inn i din bolig. Med avtaleformen Altibox Fiberaksess f\u00e5r beboerne p\u00e5 J\u00e5tunbakken lav felleskostnad og bestiller selv tv-pakke og internettkapasitet til gode priser.<\/p>\n\t\t\t<\/div>\n\t\t\t<div class=\"col-sm-5\">\n\t\t\t\t<p><span class=\"lead\">Privat elbillader \u2013 full oversikt<\/span><br>\r\nAlle parkeringsplasser tilrettelegges for lading av elbil. For \u00e5 kunne lade fra dag \u00e9n, bestiller du din egen elbillader fra Lyse f\u00f8r du flytter inn. Det monteres en smart elbillader som vet hvem du er \u2013 du betaler kun for ditt ladeforbruk.<\/p>\n\t\t\t<\/div>\n\t\t<\/div>\n\t<\/div><\/div><\/div>\n<\/div><\/div>\n","protected":false},"excerpt":{"rendered":"<p>3D-illustrasjonen kan vise elementer og materialer som ikke er en del av standardleveransen. Avvik kan forekomme i fasadeuttrykk og uteomr\u00e5de, se egen utomhusplan.<\/p>\n","protected":false},"author":1,"featured_media":0,"parent":0,"menu_order":0,"comment_status":"closed","ping_status":"closed","template":"page-leiligheter.php","meta":{"_eb_attr":"","footnotes":""},"class_list":["post-8","page","type-page","status-publish","hentry"],"acf":[],"yoast_head":"<!-- This site is optimized with the Yoast SEO plugin v27.4 - https:\/\/yoast.com\/product\/yoast-seo-wordpress\/ -->\n<title>I boligene! - J\u00e5tunbakken<\/title>\n<meta name=\"robots\" content=\"index, follow, max-snippet:-1, max-image-preview:large, max-video-preview:-1\" \/>\n<link rel=\"canonical\" href=\"https:\/\/jatunbakken.no\/rekkehus\/i-boligene\/\" \/>\n<meta property=\"og:locale\" content=\"nb_NO\" \/>\n<meta property=\"og:type\" content=\"article\" \/>\n<meta property=\"og:title\" content=\"I boligene! - J\u00e5tunbakken\" \/>\n<meta property=\"og:description\" content=\"3D-illustrasjonen kan vise elementer og materialer som ikke er en del av standardleveransen. Avvik kan forekomme i fasadeuttrykk og uteomr\u00e5de, se egen utomhusplan.\" \/>\n<meta property=\"og:url\" content=\"https:\/\/jatunbakken.no\/rekkehus\/i-boligene\/\" \/>\n<meta property=\"og:site_name\" content=\"J\u00e5tunbakken\" \/>\n<meta property=\"article:modified_time\" content=\"2025-01-14T12:25:02+00:00\" \/>\n<meta name=\"twitter:card\" content=\"summary_large_image\" \/>\n<meta name=\"twitter:label1\" content=\"Ansl. lesetid\" \/>\n\t<meta name=\"twitter:data1\" content=\"2 minutter\" \/>\n<script type=\"application\/ld+json\" class=\"yoast-schema-graph\">{\"@context\":\"https:\\\/\\\/schema.org\",\"@graph\":[{\"@type\":\"WebPage\",\"@id\":\"https:\\\/\\\/jatunbakken.no\\\/rekkehus\\\/i-boligene\\\/\",\"url\":\"https:\\\/\\\/jatunbakken.no\\\/rekkehus\\\/i-boligene\\\/\",\"name\":\"I boligene! - J\u00e5tunbakken\",\"isPartOf\":{\"@id\":\"https:\\\/\\\/jatunbakken.no\\\/rekkehus\\\/#website\"},\"datePublished\":\"2021-09-06T06:44:16+00:00\",\"dateModified\":\"2025-01-14T12:25:02+00:00\",\"breadcrumb\":{\"@id\":\"https:\\\/\\\/jatunbakken.no\\\/rekkehus\\\/i-boligene\\\/#breadcrumb\"},\"inLanguage\":\"nb-NO\",\"potentialAction\":[{\"@type\":\"ReadAction\",\"target\":[\"https:\\\/\\\/jatunbakken.no\\\/rekkehus\\\/i-boligene\\\/\"]}]},{\"@type\":\"BreadcrumbList\",\"@id\":\"https:\\\/\\\/jatunbakken.no\\\/rekkehus\\\/i-boligene\\\/#breadcrumb\",\"itemListElement\":[{\"@type\":\"ListItem\",\"position\":1,\"name\":\"Hjem\",\"item\":\"https:\\\/\\\/jatunbakken.no\\\/rekkehus\\\/\"},{\"@type\":\"ListItem\",\"position\":2,\"name\":\"I boligene!\"}]},{\"@type\":\"WebSite\",\"@id\":\"https:\\\/\\\/jatunbakken.no\\\/rekkehus\\\/#website\",\"url\":\"https:\\\/\\\/jatunbakken.no\\\/rekkehus\\\/\",\"name\":\"J\u00e5tunbakken\",\"description\":\"Rekkehus p\u00e5 J\u00e5tt\u00e5\",\"publisher\":{\"@id\":\"https:\\\/\\\/jatunbakken.no\\\/rekkehus\\\/#organization\"},\"potentialAction\":[{\"@type\":\"SearchAction\",\"target\":{\"@type\":\"EntryPoint\",\"urlTemplate\":\"https:\\\/\\\/jatunbakken.no\\\/rekkehus\\\/?s={search_term_string}\"},\"query-input\":{\"@type\":\"PropertyValueSpecification\",\"valueRequired\":true,\"valueName\":\"search_term_string\"}}],\"inLanguage\":\"nb-NO\"},{\"@type\":\"Organization\",\"@id\":\"https:\\\/\\\/jatunbakken.no\\\/rekkehus\\\/#organization\",\"name\":\"J\u00e5tunbakken\",\"url\":\"https:\\\/\\\/jatunbakken.no\\\/rekkehus\\\/\",\"logo\":{\"@type\":\"ImageObject\",\"inLanguage\":\"nb-NO\",\"@id\":\"https:\\\/\\\/jatunbakken.no\\\/rekkehus\\\/#\\\/schema\\\/logo\\\/image\\\/\",\"url\":\"https:\\\/\\\/jatunbakken.no\\\/rekkehus\\\/wp-content\\\/uploads\\\/2024\\\/02\\\/logo-white.svg\",\"contentUrl\":\"https:\\\/\\\/jatunbakken.no\\\/rekkehus\\\/wp-content\\\/uploads\\\/2024\\\/02\\\/logo-white.svg\",\"width\":1467,\"height\":837,\"caption\":\"J\u00e5tunbakken\"},\"image\":{\"@id\":\"https:\\\/\\\/jatunbakken.no\\\/rekkehus\\\/#\\\/schema\\\/logo\\\/image\\\/\"}}]}<\/script>\n<!-- \/ Yoast SEO plugin. -->","yoast_head_json":{"title":"I boligene! - J\u00e5tunbakken","robots":{"index":"index","follow":"follow","max-snippet":"max-snippet:-1","max-image-preview":"max-image-preview:large","max-video-preview":"max-video-preview:-1"},"canonical":"https:\/\/jatunbakken.no\/rekkehus\/i-boligene\/","og_locale":"nb_NO","og_type":"article","og_title":"I boligene! - J\u00e5tunbakken","og_description":"3D-illustrasjonen kan vise elementer og materialer som ikke er en del av standardleveransen. Avvik kan forekomme i fasadeuttrykk og uteomr\u00e5de, se egen utomhusplan.","og_url":"https:\/\/jatunbakken.no\/rekkehus\/i-boligene\/","og_site_name":"J\u00e5tunbakken","article_modified_time":"2025-01-14T12:25:02+00:00","twitter_card":"summary_large_image","twitter_misc":{"Ansl. lesetid":"2 minutter"},"schema":{"@context":"https:\/\/schema.org","@graph":[{"@type":"WebPage","@id":"https:\/\/jatunbakken.no\/rekkehus\/i-boligene\/","url":"https:\/\/jatunbakken.no\/rekkehus\/i-boligene\/","name":"I boligene! - J\u00e5tunbakken","isPartOf":{"@id":"https:\/\/jatunbakken.no\/rekkehus\/#website"},"datePublished":"2021-09-06T06:44:16+00:00","dateModified":"2025-01-14T12:25:02+00:00","breadcrumb":{"@id":"https:\/\/jatunbakken.no\/rekkehus\/i-boligene\/#breadcrumb"},"inLanguage":"nb-NO","potentialAction":[{"@type":"ReadAction","target":["https:\/\/jatunbakken.no\/rekkehus\/i-boligene\/"]}]},{"@type":"BreadcrumbList","@id":"https:\/\/jatunbakken.no\/rekkehus\/i-boligene\/#breadcrumb","itemListElement":[{"@type":"ListItem","position":1,"name":"Hjem","item":"https:\/\/jatunbakken.no\/rekkehus\/"},{"@type":"ListItem","position":2,"name":"I boligene!"}]},{"@type":"WebSite","@id":"https:\/\/jatunbakken.no\/rekkehus\/#website","url":"https:\/\/jatunbakken.no\/rekkehus\/","name":"J\u00e5tunbakken","description":"Rekkehus p\u00e5 J\u00e5tt\u00e5","publisher":{"@id":"https:\/\/jatunbakken.no\/rekkehus\/#organization"},"potentialAction":[{"@type":"SearchAction","target":{"@type":"EntryPoint","urlTemplate":"https:\/\/jatunbakken.no\/rekkehus\/?s={search_term_string}"},"query-input":{"@type":"PropertyValueSpecification","valueRequired":true,"valueName":"search_term_string"}}],"inLanguage":"nb-NO"},{"@type":"Organization","@id":"https:\/\/jatunbakken.no\/rekkehus\/#organization","name":"J\u00e5tunbakken","url":"https:\/\/jatunbakken.no\/rekkehus\/","logo":{"@type":"ImageObject","inLanguage":"nb-NO","@id":"https:\/\/jatunbakken.no\/rekkehus\/#\/schema\/logo\/image\/","url":"https:\/\/jatunbakken.no\/rekkehus\/wp-content\/uploads\/2024\/02\/logo-white.svg","contentUrl":"https:\/\/jatunbakken.no\/rekkehus\/wp-content\/uploads\/2024\/02\/logo-white.svg","width":1467,"height":837,"caption":"J\u00e5tunbakken"},"image":{"@id":"https:\/\/jatunbakken.no\/rekkehus\/#\/schema\/logo\/image\/"}}]}},"_links":{"self":[{"href":"https:\/\/jatunbakken.no\/rekkehus\/wp-json\/wp\/v2\/pages\/8","targetHints":{"allow":["GET"]}}],"collection":[{"href":"https:\/\/jatunbakken.no\/rekkehus\/wp-json\/wp\/v2\/pages"}],"about":[{"href":"https:\/\/jatunbakken.no\/rekkehus\/wp-json\/wp\/v2\/types\/page"}],"author":[{"embeddable":true,"href":"https:\/\/jatunbakken.no\/rekkehus\/wp-json\/wp\/v2\/users\/1"}],"replies":[{"embeddable":true,"href":"https:\/\/jatunbakken.no\/rekkehus\/wp-json\/wp\/v2\/comments?post=8"}],"version-history":[{"count":155,"href":"https:\/\/jatunbakken.no\/rekkehus\/wp-json\/wp\/v2\/pages\/8\/revisions"}],"predecessor-version":[{"id":6006,"href":"https:\/\/jatunbakken.no\/rekkehus\/wp-json\/wp\/v2\/pages\/8\/revisions\/6006"}],"wp:attachment":[{"href":"https:\/\/jatunbakken.no\/rekkehus\/wp-json\/wp\/v2\/media?parent=8"}],"curies":[{"name":"wp","href":"https:\/\/api.w.org\/{rel}","templated":true}]}}